{"id":5439,"date":"2020-07-15T09:27:09","date_gmt":"2020-07-15T09:27:09","guid":{"rendered":"https:\/\/ead.0608bogura.com\/?page_id=5439"},"modified":"2026-03-04T12:47:37","modified_gmt":"2026-03-04T12:47:37","slug":"portfolio-classic-3-veergu","status":"publish","type":"page","link":"https:\/\/ehitusartdesign.ee\/en\/portfolio-classic-3-veergu\/","title":{"rendered":"Portfolio"},"content":{"rendered":"\t\t<div data-elementor-type=\"wp-page\" data-elementor-id=\"5439\" class=\"elementor elementor-5439\" data-elementor-post-type=\"page\">\n\t\t\t\t\t\t<section class=\"elementor-section elementor-top-section elementor-element elementor-element-49f1b86 elementor-section-boxed elementor-section-height-default elementor-section-height-default\" data-id=\"49f1b86\" data-element_type=\"section\" data-e-type=\"section\">\n\t\t\t\t\t\t<div class=\"elementor-container elementor-column-gap-default\">\n\t\t\t\t\t<div class=\"elementor-column elementor-col-100 elementor-top-column elementor-element elementor-element-2291630 ot-flex-column-vertical\" data-id=\"2291630\" data-element_type=\"column\" data-e-type=\"column\">\n\t\t\t<div class=\"elementor-widget-wrap elementor-element-populated\">\n\t\t\t\t\t\t<div class=\"elementor-element elementor-element-0e4678c theratio-align-center elementor-widget elementor-widget-iheading\" data-id=\"0e4678c\" data-element_type=\"widget\" data-e-type=\"widget\" data-widget_type=\"iheading.default\">\n\t\t\t\t<div class=\"elementor-widget-container\">\n\t\t\t\t\t\t\t<div class=\"ot-heading \">\r\n\t        <span>[ meie portfoolio ]<\/span>\t        <h2 class=\"main-heading\">M\u00f5ned meie tehtud t\u00f6\u00f6d <\/h2>\t    <\/div>\r\n\t    \t\t\t\t<\/div>\n\t\t\t\t<\/div>\n\t\t\t\t<div class=\"elementor-element elementor-element-077dd85 elementor-widget elementor-widget-ipfilter\" data-id=\"077dd85\" data-element_type=\"widget\" data-e-type=\"widget\" data-widget_type=\"ipfilter.default\">\n\t\t\t\t<div class=\"elementor-widget-container\">\n\t\t\t\t\t\r\n\t\t<div class=\"project-filter-wrapper\">\r\n\t\t\t\t        \t<div class=\"container\">\r\n\t        \t\t<ul class=\"project_filters\">\r\n\t        \t\t\t\t        \t\t\t \t<li><a href=\"#\" data-filter=\"*\" class=\"selected btn-details\">All<span class=\"filter-count\"><\/span><\/a><\/li>\r\n\t        \t\t\t\t\t                \t\t\t\t\t<\/ul>\r\n\t\t\t\t<\/div>\r\n\t        \t\t\t\t        <div class=\"projects-grid pf_3_cols style-3 img-scale w-auto\" data-load=\"3\" data-count=\"5\">\r\n\t\t\t<div class=\"grid-sizer\"><\/div>\r\n\t            \r\n<div class=\"project-item \">\r\n\t<div class=\"projects-box\">\r\n\t\t<div class=\"projects-thumbnail\" data-src=\"https:\/\/ehitusartdesign.ee\/wp-content\/uploads\/2024\/07\/\u0418\u0437\u043e\u0431\u0440\u0430\u0436\u0435\u043d\u0438\u0435-WhatsApp-2024-07-01-\u0432-12.52.34_360720fd.jpg\" data-sub-html=\"Dekoratiivmaterjal &#8220;Wild Stone&#8221;\">\r\n\t\t\t<a href=\"https:\/\/ehitusartdesign.ee\/en\/portfolio\/wild-stone\/\">\r\n\t\t\t\t<img fetchpriority=\"high\" decoding=\"async\" width=\"720\" height=\"720\" src=\"https:\/\/ehitusartdesign.ee\/wp-content\/uploads\/2024\/07\/\u0418\u0437\u043e\u0431\u0440\u0430\u0436\u0435\u043d\u0438\u0435-WhatsApp-2024-07-01-\u0432-12.52.34_360720fd-720x720.jpg\" class=\"attachment-theratio-portfolio-thumbnail-grid size-theratio-portfolio-thumbnail-grid wp-post-image\" alt=\"\" srcset=\"https:\/\/ehitusartdesign.ee\/wp-content\/uploads\/2024\/07\/\u0418\u0437\u043e\u0431\u0440\u0430\u0436\u0435\u043d\u0438\u0435-WhatsApp-2024-07-01-\u0432-12.52.34_360720fd-720x720.jpg 720w, https:\/\/ehitusartdesign.ee\/wp-content\/uploads\/2024\/07\/\u0418\u0437\u043e\u0431\u0440\u0430\u0436\u0435\u043d\u0438\u0435-WhatsApp-2024-07-01-\u0432-12.52.34_360720fd-150x150.jpg 150w, https:\/\/ehitusartdesign.ee\/wp-content\/uploads\/2024\/07\/\u0418\u0437\u043e\u0431\u0440\u0430\u0436\u0435\u043d\u0438\u0435-WhatsApp-2024-07-01-\u0432-12.52.34_360720fd-300x300.jpg 300w, https:\/\/ehitusartdesign.ee\/wp-content\/uploads\/2024\/07\/\u0418\u0437\u043e\u0431\u0440\u0430\u0436\u0435\u043d\u0438\u0435-WhatsApp-2024-07-01-\u0432-12.52.34_360720fd-100x100.jpg 100w\" sizes=\"(max-width: 720px) 100vw, 720px\" \/>\t\t\t<\/a>\r\n\t\t\t\r\n\t\t\t<span class=\"overlay\">\r\n\t\t\t\t<h5>Dekoratiivmaterjal &#8220;Wild Stone&#8221;<\/h5>\r\n\t\t\t\t<i class=\"ot-flaticon-add\"><\/i>\r\n\t\t\t<\/span>\r\n\t\t<\/div>\r\n\t\t<div class=\"portfolio-info\">\r\n\t\t\t<div class=\"portfolio-info-inner\">\r\n\t\t\t\t<h5><a class=\"title-link\" href=\"https:\/\/ehitusartdesign.ee\/en\/portfolio\/wild-stone\/\" data-src=\"https:\/\/ehitusartdesign.ee\/wp-content\/uploads\/2024\/07\/\u0418\u0437\u043e\u0431\u0440\u0430\u0436\u0435\u043d\u0438\u0435-WhatsApp-2024-07-01-\u0432-12.52.34_360720fd.jpg\" data-sub-html=\"Dekoratiivmaterjal &#8220;Wild Stone&#8221;\">Dekoratiivmaterjal &#8220;Wild Stone&#8221;<\/a><\/h5>\r\n\t\t\t\t \r\n\t\t\t<\/div>\r\n\t\t\t<a class=\"overlay\" href=\"https:\/\/ehitusartdesign.ee\/en\/portfolio\/wild-stone\/\"><\/a>\r\n\t\t<\/div>\r\n\t<\/div>\r\n<\/div>\r\n<div class=\"project-item \">\r\n\t<div class=\"projects-box\">\r\n\t\t<div class=\"projects-thumbnail\" data-src=\"https:\/\/ehitusartdesign.ee\/wp-content\/uploads\/2024\/06\/\u0418\u0437\u043e\u0431\u0440\u0430\u0436\u0435\u043d\u0438\u0435-WhatsApp-2024-06-18-\u0432-13.29.33_29a4314e.jpg\" data-sub-html=\"Dekoratiivv\u00e4rv Luxury\">\r\n\t\t\t<a href=\"https:\/\/ehitusartdesign.ee\/en\/portfolio\/dekoratiivvarv-luxury\/\">\r\n\t\t\t\t<img decoding=\"async\" width=\"720\" height=\"720\" src=\"https:\/\/ehitusartdesign.ee\/wp-content\/uploads\/2024\/06\/\u0418\u0437\u043e\u0431\u0440\u0430\u0436\u0435\u043d\u0438\u0435-WhatsApp-2024-06-18-\u0432-13.29.33_29a4314e-720x720.jpg\" class=\"attachment-theratio-portfolio-thumbnail-grid size-theratio-portfolio-thumbnail-grid wp-post-image\" alt=\"\" srcset=\"https:\/\/ehitusartdesign.ee\/wp-content\/uploads\/2024\/06\/\u0418\u0437\u043e\u0431\u0440\u0430\u0436\u0435\u043d\u0438\u0435-WhatsApp-2024-06-18-\u0432-13.29.33_29a4314e-720x720.jpg 720w, https:\/\/ehitusartdesign.ee\/wp-content\/uploads\/2024\/06\/\u0418\u0437\u043e\u0431\u0440\u0430\u0436\u0435\u043d\u0438\u0435-WhatsApp-2024-06-18-\u0432-13.29.33_29a4314e-150x150.jpg 150w, https:\/\/ehitusartdesign.ee\/wp-content\/uploads\/2024\/06\/\u0418\u0437\u043e\u0431\u0440\u0430\u0436\u0435\u043d\u0438\u0435-WhatsApp-2024-06-18-\u0432-13.29.33_29a4314e-300x300.jpg 300w, https:\/\/ehitusartdesign.ee\/wp-content\/uploads\/2024\/06\/\u0418\u0437\u043e\u0431\u0440\u0430\u0436\u0435\u043d\u0438\u0435-WhatsApp-2024-06-18-\u0432-13.29.33_29a4314e-100x100.jpg 100w\" sizes=\"(max-width: 720px) 100vw, 720px\" \/>\t\t\t<\/a>\r\n\t\t\t\r\n\t\t\t<span class=\"overlay\">\r\n\t\t\t\t<h5>Dekoratiivv\u00e4rv Luxury<\/h5>\r\n\t\t\t\t<i class=\"ot-flaticon-add\"><\/i>\r\n\t\t\t<\/span>\r\n\t\t<\/div>\r\n\t\t<div class=\"portfolio-info\">\r\n\t\t\t<div class=\"portfolio-info-inner\">\r\n\t\t\t\t<h5><a class=\"title-link\" href=\"https:\/\/ehitusartdesign.ee\/en\/portfolio\/dekoratiivvarv-luxury\/\" data-src=\"https:\/\/ehitusartdesign.ee\/wp-content\/uploads\/2024\/06\/\u0418\u0437\u043e\u0431\u0440\u0430\u0436\u0435\u043d\u0438\u0435-WhatsApp-2024-06-18-\u0432-13.29.33_29a4314e.jpg\" data-sub-html=\"Dekoratiivv\u00e4rv Luxury\">Dekoratiivv\u00e4rv Luxury<\/a><\/h5>\r\n\t\t\t\t \r\n\t\t\t<\/div>\r\n\t\t\t<a class=\"overlay\" href=\"https:\/\/ehitusartdesign.ee\/en\/portfolio\/dekoratiivvarv-luxury\/\"><\/a>\r\n\t\t<\/div>\r\n\t<\/div>\r\n<\/div>\r\n<div class=\"project-item \">\r\n\t<div class=\"projects-box\">\r\n\t\t<div class=\"projects-thumbnail\" data-src=\"https:\/\/ehitusartdesign.ee\/wp-content\/uploads\/2019\/11\/\u0418\u0437\u043e\u0431\u0440\u0430\u0436\u0435\u043d\u0438\u0435-WhatsApp-2024-06-21-\u0432-10.40.25_b8caea2a.jpg\" data-sub-html=\"Kaasaegne r\u00f5du\">\r\n\t\t\t<a href=\"https:\/\/ehitusartdesign.ee\/en\/portfolio\/kaasaegne-rodu\/\">\r\n\t\t\t\t<img decoding=\"async\" width=\"720\" height=\"720\" src=\"https:\/\/ehitusartdesign.ee\/wp-content\/uploads\/2019\/11\/\u0418\u0437\u043e\u0431\u0440\u0430\u0436\u0435\u043d\u0438\u0435-WhatsApp-2024-06-21-\u0432-10.40.25_b8caea2a-720x720.jpg\" class=\"attachment-theratio-portfolio-thumbnail-grid size-theratio-portfolio-thumbnail-grid wp-post-image\" alt=\"\" srcset=\"https:\/\/ehitusartdesign.ee\/wp-content\/uploads\/2019\/11\/\u0418\u0437\u043e\u0431\u0440\u0430\u0436\u0435\u043d\u0438\u0435-WhatsApp-2024-06-21-\u0432-10.40.25_b8caea2a-720x720.jpg 720w, https:\/\/ehitusartdesign.ee\/wp-content\/uploads\/2019\/11\/\u0418\u0437\u043e\u0431\u0440\u0430\u0436\u0435\u043d\u0438\u0435-WhatsApp-2024-06-21-\u0432-10.40.25_b8caea2a-150x150.jpg 150w, https:\/\/ehitusartdesign.ee\/wp-content\/uploads\/2019\/11\/\u0418\u0437\u043e\u0431\u0440\u0430\u0436\u0435\u043d\u0438\u0435-WhatsApp-2024-06-21-\u0432-10.40.25_b8caea2a-300x300.jpg 300w, https:\/\/ehitusartdesign.ee\/wp-content\/uploads\/2019\/11\/\u0418\u0437\u043e\u0431\u0440\u0430\u0436\u0435\u043d\u0438\u0435-WhatsApp-2024-06-21-\u0432-10.40.25_b8caea2a-100x100.jpg 100w\" sizes=\"(max-width: 720px) 100vw, 720px\" \/>\t\t\t<\/a>\r\n\t\t\t\r\n\t\t\t<span class=\"overlay\">\r\n\t\t\t\t<h5>Kaasaegne r\u00f5du<\/h5>\r\n\t\t\t\t<i class=\"ot-flaticon-add\"><\/i>\r\n\t\t\t<\/span>\r\n\t\t<\/div>\r\n\t\t<div class=\"portfolio-info\">\r\n\t\t\t<div class=\"portfolio-info-inner\">\r\n\t\t\t\t<h5><a class=\"title-link\" href=\"https:\/\/ehitusartdesign.ee\/en\/portfolio\/kaasaegne-rodu\/\" data-src=\"https:\/\/ehitusartdesign.ee\/wp-content\/uploads\/2019\/11\/\u0418\u0437\u043e\u0431\u0440\u0430\u0436\u0435\u043d\u0438\u0435-WhatsApp-2024-06-21-\u0432-10.40.25_b8caea2a.jpg\" data-sub-html=\"Kaasaegne r\u00f5du\">Kaasaegne r\u00f5du<\/a><\/h5>\r\n\t\t\t\t \r\n\t\t\t<\/div>\r\n\t\t\t<a class=\"overlay\" href=\"https:\/\/ehitusartdesign.ee\/en\/portfolio\/kaasaegne-rodu\/\"><\/a>\r\n\t\t<\/div>\r\n\t<\/div>\r\n<\/div>\r\n<div class=\"project-item \">\r\n\t<div class=\"projects-box\">\r\n\t\t<div class=\"projects-thumbnail\" data-src=\"https:\/\/ehitusartdesign.ee\/wp-content\/uploads\/2019\/11\/\u0418\u0437\u043e\u0431\u0440\u0430\u0436\u0435\u043d\u0438\u0435-WhatsApp-2024-06-19-\u0432-12.59.54_d04151ce.jpg\" data-sub-html=\"Vannituba (Mikrotsement)\">\r\n\t\t\t<a href=\"https:\/\/ehitusartdesign.ee\/en\/portfolio\/vannituba-mikrotsement\/\">\r\n\t\t\t\t<img loading=\"lazy\" decoding=\"async\" width=\"720\" height=\"720\" src=\"https:\/\/ehitusartdesign.ee\/wp-content\/uploads\/2019\/11\/\u0418\u0437\u043e\u0431\u0440\u0430\u0436\u0435\u043d\u0438\u0435-WhatsApp-2024-06-19-\u0432-12.59.54_d04151ce-720x720.jpg\" class=\"attachment-theratio-portfolio-thumbnail-grid size-theratio-portfolio-thumbnail-grid wp-post-image\" alt=\"\" srcset=\"https:\/\/ehitusartdesign.ee\/wp-content\/uploads\/2019\/11\/\u0418\u0437\u043e\u0431\u0440\u0430\u0436\u0435\u043d\u0438\u0435-WhatsApp-2024-06-19-\u0432-12.59.54_d04151ce-720x720.jpg 720w, https:\/\/ehitusartdesign.ee\/wp-content\/uploads\/2019\/11\/\u0418\u0437\u043e\u0431\u0440\u0430\u0436\u0435\u043d\u0438\u0435-WhatsApp-2024-06-19-\u0432-12.59.54_d04151ce-150x150.jpg 150w, https:\/\/ehitusartdesign.ee\/wp-content\/uploads\/2019\/11\/\u0418\u0437\u043e\u0431\u0440\u0430\u0436\u0435\u043d\u0438\u0435-WhatsApp-2024-06-19-\u0432-12.59.54_d04151ce-300x300.jpg 300w, https:\/\/ehitusartdesign.ee\/wp-content\/uploads\/2019\/11\/\u0418\u0437\u043e\u0431\u0440\u0430\u0436\u0435\u043d\u0438\u0435-WhatsApp-2024-06-19-\u0432-12.59.54_d04151ce-100x100.jpg 100w\" sizes=\"(max-width: 720px) 100vw, 720px\" \/>\t\t\t<\/a>\r\n\t\t\t\r\n\t\t\t<span class=\"overlay\">\r\n\t\t\t\t<h5>Vannituba (Mikrotsement)<\/h5>\r\n\t\t\t\t<i class=\"ot-flaticon-add\"><\/i>\r\n\t\t\t<\/span>\r\n\t\t<\/div>\r\n\t\t<div class=\"portfolio-info\">\r\n\t\t\t<div class=\"portfolio-info-inner\">\r\n\t\t\t\t<h5><a class=\"title-link\" href=\"https:\/\/ehitusartdesign.ee\/en\/portfolio\/vannituba-mikrotsement\/\" data-src=\"https:\/\/ehitusartdesign.ee\/wp-content\/uploads\/2019\/11\/\u0418\u0437\u043e\u0431\u0440\u0430\u0436\u0435\u043d\u0438\u0435-WhatsApp-2024-06-19-\u0432-12.59.54_d04151ce.jpg\" data-sub-html=\"Vannituba (Mikrotsement)\">Vannituba (Mikrotsement)<\/a><\/h5>\r\n\t\t\t\t \r\n\t\t\t<\/div>\r\n\t\t\t<a class=\"overlay\" href=\"https:\/\/ehitusartdesign.ee\/en\/portfolio\/vannituba-mikrotsement\/\"><\/a>\r\n\t\t<\/div>\r\n\t<\/div>\r\n<\/div>\r\n<div class=\"project-item \">\r\n\t<div class=\"projects-box\">\r\n\t\t<div class=\"projects-thumbnail\" data-src=\"https:\/\/ehitusartdesign.ee\/wp-content\/uploads\/2019\/11\/\u0418\u0437\u043e\u0431\u0440\u0430\u0436\u0435\u043d\u0438\u0435-WhatsApp-2024-06-21-\u0432-11.09.52_0e7c7f30.jpg\" data-sub-html=\"Residents Piritas\">\r\n\t\t\t<a href=\"https:\/\/ehitusartdesign.ee\/en\/portfolio\/residents-piritas\/\">\r\n\t\t\t\t<img loading=\"lazy\" decoding=\"async\" width=\"720\" height=\"720\" src=\"https:\/\/ehitusartdesign.ee\/wp-content\/uploads\/2019\/11\/\u0418\u0437\u043e\u0431\u0440\u0430\u0436\u0435\u043d\u0438\u0435-WhatsApp-2024-06-21-\u0432-11.09.52_0e7c7f30-720x720.jpg\" class=\"attachment-theratio-portfolio-thumbnail-grid size-theratio-portfolio-thumbnail-grid wp-post-image\" alt=\"\" srcset=\"https:\/\/ehitusartdesign.ee\/wp-content\/uploads\/2019\/11\/\u0418\u0437\u043e\u0431\u0440\u0430\u0436\u0435\u043d\u0438\u0435-WhatsApp-2024-06-21-\u0432-11.09.52_0e7c7f30-720x720.jpg 720w, https:\/\/ehitusartdesign.ee\/wp-content\/uploads\/2019\/11\/\u0418\u0437\u043e\u0431\u0440\u0430\u0436\u0435\u043d\u0438\u0435-WhatsApp-2024-06-21-\u0432-11.09.52_0e7c7f30-150x150.jpg 150w, https:\/\/ehitusartdesign.ee\/wp-content\/uploads\/2019\/11\/\u0418\u0437\u043e\u0431\u0440\u0430\u0436\u0435\u043d\u0438\u0435-WhatsApp-2024-06-21-\u0432-11.09.52_0e7c7f30-300x300.jpg 300w, https:\/\/ehitusartdesign.ee\/wp-content\/uploads\/2019\/11\/\u0418\u0437\u043e\u0431\u0440\u0430\u0436\u0435\u043d\u0438\u0435-WhatsApp-2024-06-21-\u0432-11.09.52_0e7c7f30-100x100.jpg 100w\" sizes=\"(max-width: 720px) 100vw, 720px\" \/>\t\t\t<\/a>\r\n\t\t\t\r\n\t\t\t<span class=\"overlay\">\r\n\t\t\t\t<h5>Residents Piritas<\/h5>\r\n\t\t\t\t<i class=\"ot-flaticon-add\"><\/i>\r\n\t\t\t<\/span>\r\n\t\t<\/div>\r\n\t\t<div class=\"portfolio-info\">\r\n\t\t\t<div class=\"portfolio-info-inner\">\r\n\t\t\t\t<h5><a class=\"title-link\" href=\"https:\/\/ehitusartdesign.ee\/en\/portfolio\/residents-piritas\/\" data-src=\"https:\/\/ehitusartdesign.ee\/wp-content\/uploads\/2019\/11\/\u0418\u0437\u043e\u0431\u0440\u0430\u0436\u0435\u043d\u0438\u0435-WhatsApp-2024-06-21-\u0432-11.09.52_0e7c7f30.jpg\" data-sub-html=\"Residents Piritas\">Residents Piritas<\/a><\/h5>\r\n\t\t\t\t \r\n\t\t\t<\/div>\r\n\t\t\t<a class=\"overlay\" href=\"https:\/\/ehitusartdesign.ee\/en\/portfolio\/residents-piritas\/\"><\/a>\r\n\t\t<\/div>\r\n\t<\/div>\r\n<\/div>\t\t\t<\/div>\r\n\r\n\t\t\t\t    <\/div>\r\n\t\t\t\t\t\t\t\t\t\t\r\n\t    \t\t\t\t<\/div>\n\t\t\t\t<\/div>\n\t\t\t\t\t<\/div>\n\t\t<\/div>\n\t\t\t\t\t<\/div>\n\t\t<\/section>\n\t\t\t\t<\/div>\n\t\t","protected":false},"excerpt":{"rendered":"<p>[ meie portfoolio ] M\u00f5ned meie tehtud t\u00f6\u00f6d All Dekoratiivmaterjal &#171;Wild Stone&#187; Dekoratiivmaterjal &#171;Wild Stone&#187; Dekoratiivv\u00e4rv Luxury Dekoratiivv\u00e4rv Luxury Kaasaegne r\u00f5du Kaasaegne r\u00f5du Vannituba (Mikrotsement) Vannituba (Mikrotsement) Residents Piritas Residents Piritas<\/p>\n","protected":false},"author":1,"featured_media":0,"parent":0,"menu_order":35,"comment_status":"closed","ping_status":"closed","template":"","meta":{"footnotes":""},"class_list":["post-5439","page","type-page","status-publish","hentry"],"_links":{"self":[{"href":"https:\/\/ehitusartdesign.ee\/en\/wp-json\/wp\/v2\/pages\/5439","targetHints":{"allow":["GET"]}}],"collection":[{"href":"https:\/\/ehitusartdesign.ee\/en\/wp-json\/wp\/v2\/pages"}],"about":[{"href":"https:\/\/ehitusartdesign.ee\/en\/wp-json\/wp\/v2\/types\/page"}],"author":[{"embeddable":true,"href":"https:\/\/ehitusartdesign.ee\/en\/wp-json\/wp\/v2\/users\/1"}],"replies":[{"embeddable":true,"href":"https:\/\/ehitusartdesign.ee\/en\/wp-json\/wp\/v2\/comments?post=5439"}],"version-history":[{"count":13,"href":"https:\/\/ehitusartdesign.ee\/en\/wp-json\/wp\/v2\/pages\/5439\/revisions"}],"predecessor-version":[{"id":9257,"href":"https:\/\/ehitusartdesign.ee\/en\/wp-json\/wp\/v2\/pages\/5439\/revisions\/9257"}],"wp:attachment":[{"href":"https:\/\/ehitusartdesign.ee\/en\/wp-json\/wp\/v2\/media?parent=5439"}],"curies":[{"name":"wp","href":"https:\/\/api.w.org\/{rel}","templated":true}]}}