{"id":5946,"date":"2020-07-07T04:14:44","date_gmt":"2020-07-07T04:14:44","guid":{"rendered":"https:\/\/ead.0608bogura.com\/?page_id=5946"},"modified":"2025-11-13T11:35:06","modified_gmt":"2025-11-13T11:35:06","slug":"blogi-ruudustik","status":"publish","type":"page","link":"https:\/\/ehitusartdesign.ee\/en\/blogi-ruudustik\/","title":{"rendered":"Designer's Blog"},"content":{"rendered":"<div data-elementor-type=\"wp-page\" data-elementor-id=\"5946\" class=\"elementor elementor-5946\" data-elementor-post-type=\"page\">\n\t\t\t\t\t\t<section class=\"elementor-section elementor-top-section elementor-element elementor-element-3d510d1 elementor-section-boxed elementor-section-height-default elementor-section-height-default\" data-id=\"3d510d1\" data-element_type=\"section\" data-e-type=\"section\">\n\t\t\t\t\t\t<div class=\"elementor-container elementor-column-gap-default\">\n\t\t\t\t\t<div class=\"elementor-column elementor-col-100 elementor-top-column elementor-element elementor-element-a53f8c2 ot-flex-column-vertical\" data-id=\"a53f8c2\" data-element_type=\"column\" data-e-type=\"column\">\n\t\t\t<div class=\"elementor-widget-wrap elementor-element-populated\">\n\t\t\t\t\t\t<div class=\"elementor-element elementor-element-705f2bd elementor-widget elementor-widget-ipost_grid\" data-id=\"705f2bd\" data-element_type=\"widget\" data-e-type=\"widget\" data-widget_type=\"ipost_grid.default\">\n\t\t\t\t<div class=\"elementor-widget-container\">\n\t\t\t\t\t\t\t<div class=\"blog-grid pf_3_cols v-light\">\r\n        \t \r\n<article id=\"post-9075\" class=\"post-box masonry-post-item post-9075 post type-post status-publish format-standard hentry category-decor\">\r\n\t<div class=\"post-inner\">\r\n\t    \t\t\t\r\n\t\t\t<div class=\"entry-media\">\r\n\t        \t<div class=\"post-cat\"><div class=\"posted-in\"><a href=\"https:\/\/ehitusartdesign.ee\/en\/category\/decor\/\" rel=\"category tag\">Decor<\/a><\/div><\/div>\t        <\/div>\r\n\r\n\t    \r\n\t    <div class=\"inner-post\">\r\n\t        <div class=\"entry-header\">\r\n\r\n\t            \t            <div class=\"entry-meta\">\r\n\t            \t<span class=\"posted-on\"><a href=\"https:\/\/ehitusartdesign.ee\/en\/dekoratiivsed-varvid-ja-krohvid-tekstuurid-mis-muudavad-interjoori-luksuslikuks\/\" rel=\"bookmark\"><time class=\"entry-date published\" datetime=\"2025-11-21T08:03:19+00:00\">November 21, 2025<\/time><\/a><\/span>\t            <\/div><!-- .entry-meta -->\r\n\t            \r\n\t            <h4 class=\"entry-title\"><a class=\"title-link\" href=\"https:\/\/ehitusartdesign.ee\/en\/dekoratiivsed-varvid-ja-krohvid-tekstuurid-mis-muudavad-interjoori-luksuslikuks\/\" rel=\"bookmark\">DECORATIVE PAINTS AND PLASTERS: TEXTURES THAT TURN INTERIORS INTO LUXURY<\/a><\/h4>\r\n\t        <\/div><!-- .entry-header -->\r\n\r\n\t        <div class=\"entry-summary the-excerpt\">\r\n\r\n\t            <p>Decorative finishes are one of the biggest interior design trends of 2025. They add depth, character, and elegance to a space \u2014 turning every surface into a unique element that looks like it was designed by a professional interior designer...<\/p>\n\r\n\t        <\/div><!-- .entry-content -->\r\n\t        <div class=\"entry-footer\">\r\n\t        \t<a href=\"https:\/\/ehitusartdesign.ee\/en\/dekoratiivsed-varvid-ja-krohvid-tekstuurid-mis-muudavad-interjoori-luksuslikuks\/\" class=\"btn-details\"> MORE<\/a>\t        <\/div>\r\n\t    <\/div>\r\n\t<\/div>\r\n<\/article> \r\n<article id=\"post-9068\" class=\"post-box masonry-post-item post-9068 post type-post status-publish format-standard hentry category-design\">\r\n\t<div class=\"post-inner\">\r\n\t    \t\t\t\r\n\t\t\t<div class=\"entry-media\">\r\n\t        \t<div class=\"post-cat\"><div class=\"posted-in\"><a href=\"https:\/\/ehitusartdesign.ee\/en\/category\/design\/\" rel=\"category tag\">Design<\/a><\/div><\/div>\t        <\/div>\r\n\r\n\t    \r\n\t    <div class=\"inner-post\">\r\n\t        <div class=\"entry-header\">\r\n\r\n\t            \t            <div class=\"entry-meta\">\r\n\t            \t<span class=\"posted-on\"><a href=\"https:\/\/ehitusartdesign.ee\/en\/kui-palju-maksab-kapitaalremont-tallinnas\/\" rel=\"bookmark\"><time class=\"entry-date published\" datetime=\"2025-11-21T07:49:48+00:00\">November 21, 2025<\/time><\/a><\/span>\t            <\/div><!-- .entry-meta -->\r\n\t            \r\n\t            <h4 class=\"entry-title\"><a class=\"title-link\" href=\"https:\/\/ehitusartdesign.ee\/en\/kui-palju-maksab-kapitaalremont-tallinnas\/\" rel=\"bookmark\">HOW MUCH DOES A MAJOR RENOVATION COST IN TALLINN?<\/a><\/h4>\r\n\t        <\/div><!-- .entry-header -->\r\n\r\n\t        <div class=\"entry-summary the-excerpt\">\r\n\r\n\t            <p>A major renovation is a comprehensive solution that transforms your home into a modern, comfortable, and energy-efficient space...<\/p>\n\r\n\t        <\/div><!-- .entry-content -->\r\n\t        <div class=\"entry-footer\">\r\n\t        \t<a href=\"https:\/\/ehitusartdesign.ee\/en\/kui-palju-maksab-kapitaalremont-tallinnas\/\" class=\"btn-details\"> MORE<\/a>\t        <\/div>\r\n\t    <\/div>\r\n\t<\/div>\r\n<\/article> \r\n<article id=\"post-9024\" class=\"post-box masonry-post-item post-9024 post type-post status-publish format-standard hentry category-decor\">\r\n\t<div class=\"post-inner\">\r\n\t    \t\t\t\r\n\t\t\t<div class=\"entry-media\">\r\n\t        \t<div class=\"post-cat\"><div class=\"posted-in\"><a href=\"https:\/\/ehitusartdesign.ee\/en\/category\/decor\/\" rel=\"category tag\">Decor<\/a><\/div><\/div>\t        <\/div>\r\n\r\n\t    \r\n\t    <div class=\"inner-post\">\r\n\t        <div class=\"entry-header\">\r\n\r\n\t            \t            <div class=\"entry-meta\">\r\n\t            \t<span class=\"posted-on\"><a href=\"https:\/\/ehitusartdesign.ee\/en\/mikrotsement-post\/\" rel=\"bookmark\"><time class=\"entry-date published\" datetime=\"2025-11-13T09:53:22+00:00\">November 13, 2025<\/time><\/a><\/span>\t            <\/div><!-- .entry-meta -->\r\n\t            \r\n\t            <h4 class=\"entry-title\"><a class=\"title-link\" href=\"https:\/\/ehitusartdesign.ee\/en\/mikrotsement-post\/\" rel=\"bookmark\">MICROCEMENT IN INTERIOR DESIGN: WHY IT IS THE BEST SOLUTION FOR YOUR HOME IN 2025<\/a><\/h4>\r\n\t        <\/div><!-- .entry-header -->\r\n\r\n\t        <div class=\"entry-summary the-excerpt\">\r\n\r\n\t            <p>Microcement has become one of the most popular modern finishing materials in recent years. It is used in apartments, private houses, lofts, as well as in commercial spaces...<\/p>\n\r\n\t        <\/div><!-- .entry-content -->\r\n\t        <div class=\"entry-footer\">\r\n\t        \t<a href=\"https:\/\/ehitusartdesign.ee\/en\/mikrotsement-post\/\" class=\"btn-details\"> MORE<\/a>\t        <\/div>\r\n\t    <\/div>\r\n\t<\/div>\r\n<\/article> \r\n<article id=\"post-34\" class=\"post-box masonry-post-item post-34 post type-post status-publish format-video hentry category-design tag-architecture tag-building tag-trends post_format-post-format-video\">\r\n\t<div class=\"post-inner\">\r\n\t    \r\n\t    \t\t\t\t<div class=\"entry-media post-cat-abs\">\r\n\t\t\t    \t\t\t    \t<div class=\"video-popup\">\r\n\t\t\t\t    \t<a class=\"btn-play\" href=\"https:\/\/vimeo.com\/34741214\">\r\n\t\t\t\t\t\t\t<i class=\"ot-flaticon-play-button\"><\/i>\r\n\t\t\t\t\t\t<\/a> \r\n\t\t\t\t\t<\/div>\r\n\t\t\t        \t\t\t            <img fetchpriority=\"high\" decoding=\"async\" src=\"https:\/\/ehitusartdesign.ee\/wp-content\/uploads\/2019\/11\/post5.jpg\" alt=\"\" width=\"790\" height=\"510\">\r\n\t\t\t                        \r\n\t\t\t    \t\t\t\t<div class=\"post-cat\"><div class=\"posted-in\"><a href=\"https:\/\/ehitusartdesign.ee\/en\/category\/design\/\" rel=\"category tag\">Design<\/a><\/div><\/div>\t\t\t<\/div>\r\n\r\n\t    \r\n\t    <div class=\"inner-post\">\r\n\t        <div class=\"entry-header\">\r\n\r\n\t            \t            <div class=\"entry-meta\">\r\n\t            \t<span class=\"posted-on\"><a href=\"https:\/\/ehitusartdesign.ee\/en\/architecture-is-not-based-on-concrete-and-steel\/\" rel=\"bookmark\"><time class=\"entry-date published\" datetime=\"2025-10-14T15:38:33+00:00\">October 14, 2025<\/time><\/a><\/span>\t            <\/div><!-- .entry-meta -->\r\n\t            \r\n\t            <h4 class=\"entry-title\"><a class=\"title-link\" href=\"https:\/\/ehitusartdesign.ee\/en\/architecture-is-not-based-on-concrete-and-steel\/\" rel=\"bookmark\">BEDROOM DESIGN IDEAS<\/a><\/h4>\r\n\t        <\/div><!-- .entry-header -->\r\n\r\n\t        <div class=\"entry-summary the-excerpt\">\r\n\r\n\t            <p>There are many different ideas for bedroom design. Here are five of the most popular ones among our clients....<\/p>\n\r\n\t        <\/div><!-- .entry-content -->\r\n\t        <div class=\"entry-footer\">\r\n\t        \t<a href=\"https:\/\/ehitusartdesign.ee\/en\/architecture-is-not-based-on-concrete-and-steel\/\" class=\"btn-details\"> MORE<\/a>\t        <\/div>\r\n\t    <\/div>\r\n\t<\/div>\r\n<\/article> \r\n<article id=\"post-78\" class=\"post-box masonry-post-item post-78 post type-post status-publish format-gallery hentry category-design post_format-post-format-gallery\">\r\n\t<div class=\"post-inner\">\r\n\t    \t\t\t\r\n\t\t\t\t\t\t<div class=\"entry-media post-cat-abs\">\r\n\t\t\t\t\t\t\t\t\t<div class=\"gallery-post-slider-swiper img-slider swiper-container\" >\r\n\t\t\t\t\t\t<div class=\"swiper-wrapper\"> \r\n\t\t                \t\t\r\n\t                    \t\t<div class=\"swiper-slide\">\r\n\t\t                    \t\t<img decoding=\"async\" src=\"https:\/\/ehitusartdesign.ee\/wp-content\/uploads\/2020\/03\/post3.1.jpg\" alt=\"\" width=\"790\" height=\"510\">\r\n\t                \t\t\t<\/div>\r\n\t                \t\t\t\r\n\t                    \t\t<div class=\"swiper-slide\">\r\n\t\t                    \t\t<img decoding=\"async\" src=\"https:\/\/ehitusartdesign.ee\/wp-content\/uploads\/2020\/03\/post3.2.jpg\" alt=\"\" width=\"790\" height=\"510\">\r\n\t                \t\t\t<\/div>\r\n\t                \t\t\t\r\n\t                    \t\t<div class=\"swiper-slide\">\r\n\t\t                    \t\t<img loading=\"lazy\" decoding=\"async\" src=\"https:\/\/ehitusartdesign.ee\/wp-content\/uploads\/2020\/03\/post3.3.jpg\" alt=\"\" width=\"790\" height=\"510\">\r\n\t                \t\t\t<\/div>\r\n\t                \t\t    \r\n                \t\t<\/div>\r\n                \t\t<!-- Add Arrows -->\r\n\t    \t\t\t\t<div class=\"octf-swiper-button-next\"><i class=\"ot-flaticon-right-arrow\"><\/i><\/div>\r\n\t    \t\t\t\t<div class=\"octf-swiper-button-prev\"><i class=\"ot-flaticon-left-arrow\"><\/i><\/div>\r\n            \t\t<\/div> \r\n\t            \t\t        <div class=\"post-cat\"><div class=\"posted-in\"><a href=\"https:\/\/ehitusartdesign.ee\/en\/category\/design\/\" rel=\"category tag\">Design<\/a><\/div><\/div>\t\t\t<\/div>\t\t\t\r\n\r\n\t    \r\n\t    <div class=\"inner-post\">\r\n\t        <div class=\"entry-header\">\r\n\r\n\t            \t            <div class=\"entry-meta\">\r\n\t            \t<span class=\"posted-on\"><a href=\"https:\/\/ehitusartdesign.ee\/en\/architecture-is-not-based-on-concrete-and-steel-3\/\" rel=\"bookmark\"><time class=\"entry-date published\" datetime=\"2024-03-19T10:16:38+00:00\">March 19, 2024<\/time><\/a><\/span>\t            <\/div><!-- .entry-meta -->\r\n\t            \r\n\t            <h4 class=\"entry-title\"><a class=\"title-link\" href=\"https:\/\/ehitusartdesign.ee\/en\/architecture-is-not-based-on-concrete-and-steel-3\/\" rel=\"bookmark\">IDEAS FOR YOUR BATHROOM INTERIOR<\/a><\/h4>\r\n\t        <\/div><!-- .entry-header -->\r\n\r\n\t        <div class=\"entry-summary the-excerpt\">\r\n\r\n\t            <p>Bathroom or combined bathroom design requires higher standards. The interior of such spaces should be not only aesthetic, but also functional...<\/p>\n\r\n\t        <\/div><!-- .entry-content -->\r\n\t        <div class=\"entry-footer\">\r\n\t        \t<a href=\"https:\/\/ehitusartdesign.ee\/en\/architecture-is-not-based-on-concrete-and-steel-3\/\" class=\"btn-details\"> MORE<\/a>\t        <\/div>\r\n\t    <\/div>\r\n\t<\/div>\r\n<\/article>\t    <\/div>\r\n\t    \t    \r\n\t\t\t\t\t\t<\/div>\n\t\t\t\t<\/div>\n\t\t\t\t\t<\/div>\n\t\t<\/div>\n\t\t\t\t\t<\/div>\n\t\t<\/section>\n\t\t\t\t<\/div>","protected":false},"excerpt":{"rendered":"<p>Design 13 \u043d\u043e\u044f\u0431\u0440\u044f, 2025 Mikrotsement Mikrotsement on t\u00e4nap\u00e4eval \u00fcks populaarsemaid viimistlusmaterjale&#8230;. LOE VEEL Design 14 \u043e\u043a\u0442\u044f\u0431\u0440\u044f, 2025 Disaini ideed magamistubadele Magamistoa disainiks on palju erinevaid ideid. Pakume teile 5 ideed, mis on meie klientide seas k\u00f5ige populaarsemad&#8230;. LOE VEEL Interior 19 \u043c\u0430\u0440\u0442\u0430, 2024 Ideed teie vannitoa interj\u00f6\u00f6ri jaoks Vannitoa v\u00f5i kombineeritud tualettruumi sisekujundusele esitatakse k\u00f5rgendatud [&hellip;]<\/p>\n","protected":false},"author":1,"featured_media":0,"parent":0,"menu_order":33,"comment_status":"closed","ping_status":"closed","template":"","meta":{"footnotes":""},"class_list":["post-5946","page","type-page","status-publish","hentry"],"_links":{"self":[{"href":"https:\/\/ehitusartdesign.ee\/en\/wp-json\/wp\/v2\/pages\/5946","targetHints":{"allow":["GET"]}}],"collection":[{"href":"https:\/\/ehitusartdesign.ee\/en\/wp-json\/wp\/v2\/pages"}],"about":[{"href":"https:\/\/ehitusartdesign.ee\/en\/wp-json\/wp\/v2\/types\/page"}],"author":[{"embeddable":true,"href":"https:\/\/ehitusartdesign.ee\/en\/wp-json\/wp\/v2\/users\/1"}],"replies":[{"embeddable":true,"href":"https:\/\/ehitusartdesign.ee\/en\/wp-json\/wp\/v2\/comments?post=5946"}],"version-history":[{"count":33,"href":"https:\/\/ehitusartdesign.ee\/en\/wp-json\/wp\/v2\/pages\/5946\/revisions"}],"predecessor-version":[{"id":9058,"href":"https:\/\/ehitusartdesign.ee\/en\/wp-json\/wp\/v2\/pages\/5946\/revisions\/9058"}],"wp:attachment":[{"href":"https:\/\/ehitusartdesign.ee\/en\/wp-json\/wp\/v2\/media?parent=5946"}],"curies":[{"name":"wp","href":"https:\/\/api.w.org\/{rel}","templated":true}]}}