{"id":6547,"date":"2020-05-07T08:35:38","date_gmt":"2020-05-07T08:35:38","guid":{"rendered":"https:\/\/ead.0608bogura.com\/?page_id=4582"},"modified":"2026-03-03T10:44:47","modified_gmt":"2026-03-03T10:44:47","slug":"meist","status":"publish","type":"page","link":"https:\/\/ehitusartdesign.ee\/en\/meist\/","title":{"rendered":"About us"},"content":{"rendered":"\t\t<div data-elementor-type=\"wp-page\" data-elementor-id=\"6547\" class=\"elementor elementor-6547\" data-elementor-post-type=\"page\">\n\t\t\t\t\t\t<section class=\"elementor-section elementor-top-section elementor-element elementor-element-bdd9939 elementor-section-content-middle elementor-section-boxed elementor-section-height-default elementor-section-height-default\" data-id=\"bdd9939\" data-element_type=\"section\" data-e-type=\"section\">\n\t\t\t\t\t\t<div class=\"elementor-container elementor-column-gap-extended\">\n\t\t\t\t\t<div class=\"elementor-column elementor-col-50 elementor-top-column elementor-element elementor-element-12b070d ot-flex-column-vertical\" data-id=\"12b070d\" data-element_type=\"column\" data-e-type=\"column\">\n\t\t\t<div class=\"elementor-widget-wrap elementor-element-populated\">\n\t\t\t\t\t\t<div class=\"elementor-element elementor-element-ea70568 elementor-widget elementor-widget-image\" data-id=\"ea70568\" data-element_type=\"widget\" data-e-type=\"widget\" data-widget_type=\"image.default\">\n\t\t\t\t\t\t\t\t\t\t\t\t\t\t\t<img fetchpriority=\"high\" decoding=\"async\" width=\"2560\" height=\"1440\" src=\"https:\/\/ehitusartdesign.ee\/wp-content\/uploads\/2023\/11\/D7757B84-0FA6-4C02-A6B2-3E9779561DAA-scaled-1.jpg\" class=\"attachment-full size-full wp-image-4649\" alt=\"\" srcset=\"https:\/\/ehitusartdesign.ee\/wp-content\/uploads\/2023\/11\/D7757B84-0FA6-4C02-A6B2-3E9779561DAA-scaled-1.jpg 2560w, https:\/\/ehitusartdesign.ee\/wp-content\/uploads\/2023\/11\/D7757B84-0FA6-4C02-A6B2-3E9779561DAA-scaled-1-600x338.jpg 600w, https:\/\/ehitusartdesign.ee\/wp-content\/uploads\/2023\/11\/D7757B84-0FA6-4C02-A6B2-3E9779561DAA-scaled-1-300x169.jpg 300w, https:\/\/ehitusartdesign.ee\/wp-content\/uploads\/2023\/11\/D7757B84-0FA6-4C02-A6B2-3E9779561DAA-scaled-1-1024x576.jpg 1024w, https:\/\/ehitusartdesign.ee\/wp-content\/uploads\/2023\/11\/D7757B84-0FA6-4C02-A6B2-3E9779561DAA-scaled-1-768x432.jpg 768w, https:\/\/ehitusartdesign.ee\/wp-content\/uploads\/2023\/11\/D7757B84-0FA6-4C02-A6B2-3E9779561DAA-scaled-1-1536x864.jpg 1536w, https:\/\/ehitusartdesign.ee\/wp-content\/uploads\/2023\/11\/D7757B84-0FA6-4C02-A6B2-3E9779561DAA-scaled-1-2048x1152.jpg 2048w, https:\/\/ehitusartdesign.ee\/wp-content\/uploads\/2023\/11\/D7757B84-0FA6-4C02-A6B2-3E9779561DAA-scaled-1-18x10.jpg 18w\" sizes=\"(max-width: 2560px) 100vw, 2560px\" \/>\t\t\t\t\t\t\t\t\t\t\t\t\t\t\t<\/div>\n\t\t\t\t\t<\/div>\n\t\t<\/div>\n\t\t\t\t<div class=\"elementor-column elementor-col-50 elementor-top-column elementor-element elementor-element-c955026 ot-flex-column-vertical\" data-id=\"c955026\" data-element_type=\"column\" data-e-type=\"column\">\n\t\t\t<div class=\"elementor-widget-wrap elementor-element-populated\">\n\t\t\t\t\t\t<div class=\"elementor-element elementor-element-94474d6 elementor-widget elementor-widget-iheading\" data-id=\"94474d6\" data-element_type=\"widget\" data-e-type=\"widget\" data-widget_type=\"iheading.default\">\n\t\t\t\t<div class=\"elementor-widget-container\">\n\t\t\t\t\t\t\t<div class=\"ot-heading \">\r\n\t        <span>[ ettev\u00f5tte kohta ]<\/span>\t        <h2 class=\"main-heading\">Ettev\u00f5ttest<\/h2>\t    <\/div>\r\n\t    \t\t\t\t<\/div>\n\t\t\t\t<\/div>\n\t\t\t\t<div class=\"elementor-element elementor-element-4408703 elementor-widget__width-initial elementor-widget elementor-widget-text-editor\" data-id=\"4408703\" data-element_type=\"widget\" data-e-type=\"widget\" data-widget_type=\"text-editor.default\">\n\t\t\t\t\t\t\t\t\t<p><span style=\"color: #000000;\">Ehitus Art Design O\u00dc on kaasaegne ettev\u00f5te, mis asub Tallinnas, Eestis, ja on spetsialiseerunud ehitus-, disaini- ja kunstiteenustele. Ettev\u00f5te on tuntud oma uuenduslike ja stiilsete disainiprojektide ning k\u00f5rgekvaliteediliste ehitusteenuste poolest. Ettev\u00f5te paistab silma sertifitseeritud spetsialistide ja m\u00e4rkimisv\u00e4\u00e4rse panusega Eesti betoonit\u00f6\u00f6stusesse, eriti mikrotsementi kasutades.<\/span><\/p><p><span style=\"color: #000000;\">Tegevus (Ettev\u00f5te pakub laia valikut teenuseid, sealhulgas):<\/span><\/p><ul><li><span style=\"color: #000000;\">Arhitektuurne projekteerimine ja sisekujundus<\/span><\/li><li><span style=\"color: #000000;\">Hoone ehitus ja remont<\/span><\/li><li><span style=\"color: #000000;\">Kunstilised ja dekoratiivsed t\u00f6\u00f6d, sealhulgas mikrotsementi kasutades.<\/span><\/li><\/ul><p><span style=\"color: #000000;\">Omadused:<\/span><\/p><ul><li><span style=\"color: #000000;\">Ehitus Art Design O\u00dc osaleb mitmesugustes prestii\u017esetes projektides, n\u00e4idates k\u00f5rgeid kvaliteedistandardeid ja loomingulist l\u00e4henemist.<\/span><\/li><li><span style=\"color: #000000;\">Ettev\u00f5ttel on kvalifitseeritud spetsialistid, kellel on vastavad sertifikaadid, mis v\u00f5imaldab pakkuda teenuseid k\u00f5rgel tasemel.<\/span><\/li><li><span style=\"color: #000000;\">Ainus ettev\u00f5te Eestis, kes on mikrotsementi kasutades liitunud Eesti Betooni\u00fchinguga.<\/span><\/li><\/ul>\t\t\t\t\t\t\t\t<\/div>\n\t\t\t\t<div class=\"elementor-element elementor-element-f73b984 elementor-widget elementor-widget-ibutton\" data-id=\"f73b984\" data-element_type=\"widget\" data-e-type=\"widget\" data-widget_type=\"ibutton.default\">\n\t\t\t\t<div class=\"elementor-widget-container\">\n\t\t\t\t\t\t\t<div class=\"ot-button\">\r\n\t\t\t<a href=\"https:\/\/ehitusartdesign.ee\/portfolio-classic-3-veergu\/\" class=\"octf-btn octf-btn-dark\">Vaata Projekte<\/a>\r\n\t    <\/div>\r\n\t    \t\t\t\t<\/div>\n\t\t\t\t<\/div>\n\t\t\t\t\t<\/div>\n\t\t<\/div>\n\t\t\t\t\t<\/div>\n\t\t<\/section>\n\t\t\t\t<section class=\"elementor-section elementor-top-section elementor-element elementor-element-a885e6e elementor-section-boxed elementor-section-height-default elementor-section-height-default\" data-id=\"a885e6e\" data-element_type=\"section\" data-e-type=\"section\" data-settings=\"{&quot;background_background&quot;:&quot;classic&quot;}\">\n\t\t\t\t\t\t<div class=\"elementor-container elementor-column-gap-default\">\n\t\t\t\t\t<div class=\"elementor-column elementor-col-100 elementor-top-column elementor-element elementor-element-80dda1e ot-flex-column-vertical\" data-id=\"80dda1e\" data-element_type=\"column\" data-e-type=\"column\">\n\t\t\t<div class=\"elementor-widget-wrap elementor-element-populated\">\n\t\t\t\t\t\t<div class=\"elementor-element elementor-element-04ddae5 theratio-align-center elementor-widget elementor-widget-iheading\" data-id=\"04ddae5\" data-element_type=\"widget\" data-e-type=\"widget\" data-widget_type=\"iheading.default\">\n\t\t\t\t<div class=\"elementor-widget-container\">\n\t\t\t\t\t\t\t<div class=\"ot-heading \">\r\n\t        <span>[ ettev\u00f5tte strateegia ]<\/span>\t        <h2 class=\"main-heading\">Meie Filosoofia<\/h2>\t    <\/div>\r\n\t    \t\t\t\t<\/div>\n\t\t\t\t<\/div>\n\t\t\t\t<section class=\"elementor-section elementor-inner-section elementor-element elementor-element-b820fc7 elementor-section-full_width elementor-section-height-default elementor-section-height-default\" data-id=\"b820fc7\" data-element_type=\"section\" data-e-type=\"section\">\n\t\t\t\t\t\t<div class=\"elementor-container elementor-column-gap-extended\">\n\t\t\t\t\t<div class=\"elementor-column elementor-col-33 elementor-inner-column elementor-element elementor-element-33a2c31 ot-flex-column-vertical\" data-id=\"33a2c31\" data-element_type=\"column\" data-e-type=\"column\">\n\t\t\t<div class=\"elementor-widget-wrap elementor-element-populated\">\n\t\t\t\t\t\t<div class=\"elementor-element elementor-element-43416c5 elementor-widget elementor-widget-iflip_box\" data-id=\"43416c5\" data-element_type=\"widget\" data-e-type=\"widget\" data-widget_type=\"iflip_box.default\">\n\t\t\t\t<div class=\"elementor-widget-container\">\n\t\t\t\t\t\r\n\t\t<div class=\"support-box\">\r\n\t\t\t<div class=\"inner-box\">\r\n\t\t\t\t<div class=\"overlay flex-middle\">\r\n\t\t\t\t\t<div class=\"inner\">\r\n\t\t\t\t\t\t<p>Meie peamine \u00fclesanne on teha oma t\u00f6\u00f6d kvaliteetselt, et meie klient oleks tehtud t\u00f6\u00f6ga t\u00e4iesti rahul.<\/p>\r\n\t\t\t\t\t<\/div>\r\n\t\t\t\t<\/div>\r\n\t\t\t\t<div class=\"content-box\">\r\n\t\t\t\t\t<div class=\"icon-title\">\r\n\t\t\t\t        \t\t\t\t        <span class=\"ot-flaticon-brickwall\"><\/span>\t\t\t\t        <h5 class=\"support-box-title\">Meie Missioonid<\/h5>\t\t\t        <\/div>\r\n\t\t\t\t\t<img decoding=\"async\" width=\"750\" height=\"628\" src=\"https:\/\/ehitusartdesign.ee\/wp-content\/uploads\/2020\/05\/support1.jpg\" class=\"attachment-full size-full wp-image-2609\" alt=\"\" srcset=\"https:\/\/ehitusartdesign.ee\/wp-content\/uploads\/2020\/05\/support1.jpg 750w, https:\/\/ehitusartdesign.ee\/wp-content\/uploads\/2020\/05\/support1-600x502.jpg 600w, https:\/\/ehitusartdesign.ee\/wp-content\/uploads\/2020\/05\/support1-300x251.jpg 300w\" sizes=\"(max-width: 750px) 100vw, 750px\" \/>\t\t\t\t<\/div>\r\n\t\t\t<\/div>\r\n\t    <\/div>\r\n\r\n\t    \t\t\t\t<\/div>\n\t\t\t\t<\/div>\n\t\t\t\t\t<\/div>\n\t\t<\/div>\n\t\t\t\t<div class=\"elementor-column elementor-col-33 elementor-inner-column elementor-element elementor-element-d8acae6 ot-flex-column-vertical\" data-id=\"d8acae6\" data-element_type=\"column\" data-e-type=\"column\">\n\t\t\t<div class=\"elementor-widget-wrap elementor-element-populated\">\n\t\t\t\t\t\t<div class=\"elementor-element elementor-element-670ad0b elementor-widget elementor-widget-iflip_box\" data-id=\"670ad0b\" data-element_type=\"widget\" data-e-type=\"widget\" data-widget_type=\"iflip_box.default\">\n\t\t\t\t<div class=\"elementor-widget-container\">\n\t\t\t\t\t\r\n\t\t<div class=\"support-box\">\r\n\t\t\t<div class=\"inner-box\">\r\n\t\t\t\t<div class=\"overlay flex-middle\">\r\n\t\t\t\t\t<div class=\"inner\">\r\n\t\t\t\t\t\t<p>Me nimetame oma stiili elavaks minimalismiks. Live minimalism ei t\u00e4henda ega visuaalset v\u00e4limust. See viitab sisemistele tunnetele, teie t\u00f5elisele minale.<\/p>\r\n\t\t\t\t\t<\/div>\r\n\t\t\t\t<\/div>\r\n\t\t\t\t<div class=\"content-box\">\r\n\t\t\t\t\t<div class=\"icon-title\">\r\n\t\t\t\t        \t\t\t\t        <span class=\"ot-flaticon-paint\"><\/span>\t\t\t\t        <h5 class=\"support-box-title\">Meie Visioon<\/h5>\t\t\t        <\/div>\r\n\t\t\t\t\t<img decoding=\"async\" width=\"750\" height=\"628\" src=\"https:\/\/ehitusartdesign.ee\/wp-content\/uploads\/2020\/05\/support2.jpg\" class=\"attachment-full size-full wp-image-1965\" alt=\"\" srcset=\"https:\/\/ehitusartdesign.ee\/wp-content\/uploads\/2020\/05\/support2.jpg 750w, https:\/\/ehitusartdesign.ee\/wp-content\/uploads\/2020\/05\/support2-600x502.jpg 600w, https:\/\/ehitusartdesign.ee\/wp-content\/uploads\/2020\/05\/support2-300x251.jpg 300w\" sizes=\"(max-width: 750px) 100vw, 750px\" \/>\t\t\t\t<\/div>\r\n\t\t\t<\/div>\r\n\t    <\/div>\r\n\r\n\t    \t\t\t\t<\/div>\n\t\t\t\t<\/div>\n\t\t\t\t\t<\/div>\n\t\t<\/div>\n\t\t\t\t<div class=\"elementor-column elementor-col-33 elementor-inner-column elementor-element elementor-element-58b2164 ot-flex-column-vertical\" data-id=\"58b2164\" data-element_type=\"column\" data-e-type=\"column\">\n\t\t\t<div class=\"elementor-widget-wrap elementor-element-populated\">\n\t\t\t\t\t\t<div class=\"elementor-element elementor-element-bb36af6 elementor-widget elementor-widget-iflip_box\" data-id=\"bb36af6\" data-element_type=\"widget\" data-e-type=\"widget\" data-widget_type=\"iflip_box.default\">\n\t\t\t\t<div class=\"elementor-widget-container\">\n\t\t\t\t\t\r\n\t\t<div class=\"support-box\">\r\n\t\t\t<div class=\"inner-box\">\r\n\t\t\t\t<div class=\"overlay flex-middle\">\r\n\t\t\t\t\t<div class=\"inner\">\r\n\t\t\t\t\t\t<p>Meie ettev\u00f5tte k\u00f5ige olulisemad v\u00e4\u00e4rtused on  kvaliteet, professionaalsus, loomingulisus, usaldusv\u00e4\u00e4rsus, innovatsioon.<\/p>\r\n\t\t\t\t\t<\/div>\r\n\t\t\t\t<\/div>\r\n\t\t\t\t<div class=\"content-box\">\r\n\t\t\t\t\t<div class=\"icon-title\">\r\n\t\t\t\t        \t\t\t\t        <span class=\"ot-flaticon-cube\"><\/span>\t\t\t\t        <h5 class=\"support-box-title\">Meie V\u00e4\u00e4rtused<\/h5>\t\t\t        <\/div>\r\n\t\t\t\t\t<img loading=\"lazy\" decoding=\"async\" width=\"750\" height=\"628\" src=\"https:\/\/ehitusartdesign.ee\/wp-content\/uploads\/2020\/05\/support3.jpg\" class=\"attachment-full size-full wp-image-1966\" alt=\"\" srcset=\"https:\/\/ehitusartdesign.ee\/wp-content\/uploads\/2020\/05\/support3.jpg 750w, https:\/\/ehitusartdesign.ee\/wp-content\/uploads\/2020\/05\/support3-600x502.jpg 600w, https:\/\/ehitusartdesign.ee\/wp-content\/uploads\/2020\/05\/support3-300x251.jpg 300w\" sizes=\"(max-width: 750px) 100vw, 750px\" \/>\t\t\t\t<\/div>\r\n\t\t\t<\/div>\r\n\t    <\/div>\r\n\r\n\t    \t\t\t\t<\/div>\n\t\t\t\t<\/div>\n\t\t\t\t\t<\/div>\n\t\t<\/div>\n\t\t\t\t\t<\/div>\n\t\t<\/section>\n\t\t\t\t\t<\/div>\n\t\t<\/div>\n\t\t\t\t\t<\/div>\n\t\t<\/section>\n\t\t\t\t<section class=\"elementor-section elementor-top-section elementor-element elementor-element-f29829f elementor-section-boxed elementor-section-height-default elementor-section-height-default\" data-id=\"f29829f\" data-element_type=\"section\" data-e-type=\"section\" data-settings=\"{&quot;background_background&quot;:&quot;classic&quot;}\">\n\t\t\t\t\t\t<div class=\"elementor-container elementor-column-gap-extended\">\n\t\t\t\t\t<div class=\"elementor-column elementor-col-33 elementor-top-column elementor-element elementor-element-1a92680 ot-flex-column-vertical\" data-id=\"1a92680\" data-element_type=\"column\" data-e-type=\"column\">\n\t\t\t<div class=\"elementor-widget-wrap elementor-element-populated\">\n\t\t\t\t\t\t<div class=\"elementor-element elementor-element-eef8e42 elementor-widget elementor-widget-icounter\" data-id=\"eef8e42\" data-element_type=\"widget\" data-e-type=\"widget\" data-widget_type=\"icounter.default\">\n\t\t\t\t<div class=\"elementor-widget-container\">\n\t\t\t\t\t    \t<div class=\"ot-counter\" data-counter=\"180\">\r\n        \t<div>\r\n        \t\t<span>[<\/span>\r\n        \t\t<span class=\"num\" data-to=\"180\" data-time= \"2000\"><\/span>\r\n        \t\t<span>+]<\/span>\r\n        \t<\/div>\r\n        \t<h6 class=\"counter-title\">Kliendid<\/h6>    \t\t\t\t        \r\n\t    <\/div>\r\n\t    \t\t\t\t<\/div>\n\t\t\t\t<\/div>\n\t\t\t\t\t<\/div>\n\t\t<\/div>\n\t\t\t\t<div class=\"elementor-column elementor-col-33 elementor-top-column elementor-element elementor-element-f8fc162 ot-flex-column-vertical\" data-id=\"f8fc162\" data-element_type=\"column\" data-e-type=\"column\">\n\t\t\t<div class=\"elementor-widget-wrap elementor-element-populated\">\n\t\t\t\t\t\t<div class=\"elementor-element elementor-element-0571103 elementor-widget elementor-widget-icounter\" data-id=\"0571103\" data-element_type=\"widget\" data-e-type=\"widget\" data-widget_type=\"icounter.default\">\n\t\t\t\t<div class=\"elementor-widget-container\">\n\t\t\t\t\t    \t<div class=\"ot-counter\" data-counter=\"5\">\r\n        \t<div>\r\n        \t\t<span>[<\/span>\r\n        \t\t<span class=\"num\" data-to=\"5\" data-time= \"2000\"><\/span>\r\n        \t\t<span>+]<\/span>\r\n        \t<\/div>\r\n        \t<h6 class=\"counter-title\">aasta t\u00f6\u00f6kogemus<\/h6>    \t\t\t\t        \r\n\t    <\/div>\r\n\t    \t\t\t\t<\/div>\n\t\t\t\t<\/div>\n\t\t\t\t\t<\/div>\n\t\t<\/div>\n\t\t\t\t<div class=\"elementor-column elementor-col-33 elementor-top-column elementor-element elementor-element-2280bdf ot-flex-column-vertical\" data-id=\"2280bdf\" data-element_type=\"column\" data-e-type=\"column\">\n\t\t\t<div class=\"elementor-widget-wrap elementor-element-populated\">\n\t\t\t\t\t\t<div class=\"elementor-element elementor-element-6b25206 elementor-widget elementor-widget-icounter\" data-id=\"6b25206\" data-element_type=\"widget\" data-e-type=\"widget\" data-widget_type=\"icounter.default\">\n\t\t\t\t<div class=\"elementor-widget-container\">\n\t\t\t\t\t    \t<div class=\"ot-counter\" data-counter=\"1\">\r\n        \t<div>\r\n        \t\t<span>[<\/span>\r\n        \t\t<span class=\"num\" data-to=\"1\" data-time= \"2000\"><\/span>\r\n        \t\t<span>+]<\/span>\r\n        \t<\/div>\r\n        \t<h6 class=\"counter-title\">Kontorid <\/h6>    \t\t\t\t        \r\n\t    <\/div>\r\n\t    \t\t\t\t<\/div>\n\t\t\t\t<\/div>\n\t\t\t\t\t<\/div>\n\t\t<\/div>\n\t\t\t\t\t<\/div>\n\t\t<\/section>\n\t\t<div class=\"elementor-element elementor-element-5d4e599 e-flex e-con-boxed e-con e-parent\" data-id=\"5d4e599\" data-element_type=\"container\" data-e-type=\"container\">\n\t\t\t\t\t<div class=\"e-con-inner\">\n\t\t\t\t<div class=\"elementor-element elementor-element-3bdddaf elementor-widget elementor-widget-spacer\" data-id=\"3bdddaf\" data-element_type=\"widget\" data-e-type=\"widget\" data-widget_type=\"spacer.default\">\n\t\t\t\t\t\t\t<div class=\"elementor-spacer\">\n\t\t\t<div class=\"elementor-spacer-inner\"><\/div>\n\t\t<\/div>\n\t\t\t\t\t\t<\/div>\n\t\t\t\t\t<\/div>\n\t\t\t\t<\/div>\n\t\t\t\t<\/div>\n\t\t","protected":false},"excerpt":{"rendered":"<p>[ ettev\u00f5tte kohta ] Ettev\u00f5ttest Ehitus Art Design O\u00dc on kaasaegne ettev\u00f5te, mis asub Tallinnas, Eestis, ja on spetsialiseerunud ehitus-, disaini- ja kunstiteenustele. Ettev\u00f5te on tuntud oma uuenduslike ja stiilsete disainiprojektide ning k\u00f5rgekvaliteediliste ehitusteenuste poolest. Ettev\u00f5te paistab silma sertifitseeritud spetsialistide ja m\u00e4rkimisv\u00e4\u00e4rse panusega Eesti betoonit\u00f6\u00f6stusesse, eriti mikrotsementi kasutades. Tegevus (Ettev\u00f5te pakub laia valikut teenuseid, sealhulgas): [&hellip;]<\/p>\n","protected":false},"author":1,"featured_media":0,"parent":0,"menu_order":7,"comment_status":"closed","ping_status":"closed","template":"","meta":{"footnotes":""},"class_list":["post-6547","page","type-page","status-publish","hentry"],"_links":{"self":[{"href":"https:\/\/ehitusartdesign.ee\/en\/wp-json\/wp\/v2\/pages\/6547","targetHints":{"allow":["GET"]}}],"collection":[{"href":"https:\/\/ehitusartdesign.ee\/en\/wp-json\/wp\/v2\/pages"}],"about":[{"href":"https:\/\/ehitusartdesign.ee\/en\/wp-json\/wp\/v2\/types\/page"}],"author":[{"embeddable":true,"href":"https:\/\/ehitusartdesign.ee\/en\/wp-json\/wp\/v2\/users\/1"}],"replies":[{"embeddable":true,"href":"https:\/\/ehitusartdesign.ee\/en\/wp-json\/wp\/v2\/comments?post=6547"}],"version-history":[{"count":81,"href":"https:\/\/ehitusartdesign.ee\/en\/wp-json\/wp\/v2\/pages\/6547\/revisions"}],"predecessor-version":[{"id":9181,"href":"https:\/\/ehitusartdesign.ee\/en\/wp-json\/wp\/v2\/pages\/6547\/revisions\/9181"}],"wp:attachment":[{"href":"https:\/\/ehitusartdesign.ee\/en\/wp-json\/wp\/v2\/media?parent=6547"}],"curies":[{"name":"wp","href":"https:\/\/api.w.org\/{rel}","templated":true}]}}