{"id":7128,"date":"2024-01-16T12:34:32","date_gmt":"2024-01-16T12:34:32","guid":{"rendered":"https:\/\/ehitus-interior.0608bogura.com\/?page_id=7128"},"modified":"2025-11-12T09:46:07","modified_gmt":"2025-11-12T09:46:07","slug":"varvimistood","status":"publish","type":"page","link":"https:\/\/ehitusartdesign.ee\/en\/varvimistood\/","title":{"rendered":"Painting works"},"content":{"rendered":"<div data-elementor-type=\"wp-page\" data-elementor-id=\"7128\" class=\"elementor elementor-7128\" data-elementor-post-type=\"page\">\n\t\t\t\t<div class=\"elementor-element elementor-element-fd0b8e9 e-flex e-con-boxed e-con e-parent\" data-id=\"fd0b8e9\" data-element_type=\"container\" data-e-type=\"container\">\n\t\t\t\t\t<div class=\"e-con-inner\">\n\t\t\t\t<div class=\"elementor-element elementor-element-92e85fe elementor-widget elementor-widget-spacer\" data-id=\"92e85fe\" data-element_type=\"widget\" data-e-type=\"widget\" data-widget_type=\"spacer.default\">\n\t\t\t\t\t\t\t<div class=\"elementor-spacer\">\n\t\t\t<div class=\"elementor-spacer-inner\"><\/div>\n\t\t<\/div>\n\t\t\t\t\t\t<\/div>\n\t\t\t\t\t<\/div>\n\t\t\t\t<\/div>\n\t\t<div class=\"elementor-element elementor-element-915b16d e-flex e-con-boxed e-con e-parent\" data-id=\"915b16d\" data-element_type=\"container\" data-e-type=\"container\">\n\t\t\t\t\t<div class=\"e-con-inner\">\n\t\t\t\t<div class=\"elementor-element elementor-element-fb1e9b6 elementor-widget elementor-widget-heading\" data-id=\"fb1e9b6\" data-element_type=\"widget\" data-e-type=\"widget\" data-widget_type=\"heading.default\">\n\t\t\t\t\t<h2 class=\"elementor-heading-title elementor-size-default\"><b>Important stage in construction work is a painting work<\/b><\/h2>\t\t\t\t<\/div>\n\t\t\t\t\t<\/div>\n\t\t\t\t<\/div>\n\t\t<div class=\"elementor-element elementor-element-017030b e-flex e-con-boxed e-con e-parent\" data-id=\"017030b\" data-element_type=\"container\" data-e-type=\"container\">\n\t\t\t\t\t<div class=\"e-con-inner\">\n\t\t<div class=\"elementor-element elementor-element-94303c6 e-con-full e-flex e-con e-child\" data-id=\"94303c6\" data-element_type=\"container\" data-e-type=\"container\">\n\t\t\t\t<div class=\"elementor-element elementor-element-2e07891 elementor-widget elementor-widget-image\" data-id=\"2e07891\" data-element_type=\"widget\" data-e-type=\"widget\" data-widget_type=\"image.default\">\n\t\t\t\t\t\t\t\t\t\t\t\t\t\t\t<img fetchpriority=\"high\" decoding=\"async\" width=\"563\" height=\"375\" src=\"https:\/\/ehitusartdesign.ee\/wp-content\/uploads\/2024\/04\/servst-15.jpg\" class=\"attachment-medium_large size-medium_large wp-image-7941\" alt=\"\" srcset=\"https:\/\/ehitusartdesign.ee\/wp-content\/uploads\/2024\/04\/servst-15.jpg 563w, https:\/\/ehitusartdesign.ee\/wp-content\/uploads\/2024\/04\/servst-15-300x200.jpg 300w, https:\/\/ehitusartdesign.ee\/wp-content\/uploads\/2024\/04\/servst-15-18x12.jpg 18w\" sizes=\"(max-width: 563px) 100vw, 563px\" \/>\t\t\t\t\t\t\t\t\t\t\t\t\t\t\t<\/div>\n\t\t\t\t<\/div>\n\t\t<div class=\"elementor-element elementor-element-34f85f4 e-con-full e-flex e-con e-child\" data-id=\"34f85f4\" data-element_type=\"container\" data-e-type=\"container\">\n\t\t\t\t<div class=\"elementor-element elementor-element-3631bff elementor-widget elementor-widget-text-editor\" data-id=\"3631bff\" data-element_type=\"widget\" data-e-type=\"widget\" data-widget_type=\"text-editor.default\">\n\t\t\t\t\t\t\t\t\t<p><span style=\"color: #000000;\"><strong><span style=\"text-align: var(--text-align);\">PAITING WORKS<\/span><\/strong><\/span><\/p><p><span style=\"color: var( --e-global-color-text ); font-weight: var( --e-global-typography-text-font-weight ); text-align: var(--text-align);\">Painting works are a necessary stage of construction work, which takes place almost at the stage of completion of construction. Before carrying out painting work, the surface for painting must be prepared. Only after the complex of construction works carried out, the painted surface will meet the quality requirements, if all the requirements are met. The walls of the building, ceilings, floors are subjected to painting works, and if necessary, doors and windows can be painted. Therefore, the compatibility of the paint and the surface to be painted is a very important factor in carrying out high-quality painting work.<\/span><\/p>\t\t\t\t\t\t\t\t<\/div>\n\t\t\t\t<\/div>\n\t\t\t\t\t<\/div>\n\t\t\t\t<\/div>\n\t\t<div class=\"elementor-element elementor-element-87a4462 e-flex e-con-boxed e-con e-parent\" data-id=\"87a4462\" data-element_type=\"container\" data-e-type=\"container\">\n\t\t\t\t\t<div class=\"e-con-inner\">\n\t\t<div class=\"elementor-element elementor-element-5f8c75f e-con-full e-flex e-con e-child\" data-id=\"5f8c75f\" data-element_type=\"container\" data-e-type=\"container\">\n\t\t\t\t<div class=\"elementor-element elementor-element-b6709c8 elementor-widget elementor-widget-text-editor\" data-id=\"b6709c8\" data-element_type=\"widget\" data-e-type=\"widget\" data-widget_type=\"text-editor.default\">\n\t\t\t\t\t\t\t\t\t<p><span style=\"color: #000000;\"><b>TOOLS<\/b><\/span><\/p><p>The tool used in painting works: brushes, rollers and a spray gun. Brushes for painting work are used when it is necessary to paint a small surface. Roller, a tool used in painting walls and ceilings. And a spray gun is necessary if it is necessary to carry out a large volume.<\/p>\t\t\t\t\t\t\t\t<\/div>\n\t\t\t\t<\/div>\n\t\t<div class=\"elementor-element elementor-element-a83b9ce e-con-full e-flex e-con e-child\" data-id=\"a83b9ce\" data-element_type=\"container\" data-e-type=\"container\">\n\t\t\t\t<div class=\"elementor-element elementor-element-ca6b2cb elementor-widget elementor-widget-image\" data-id=\"ca6b2cb\" data-element_type=\"widget\" data-e-type=\"widget\" data-widget_type=\"image.default\">\n\t\t\t\t\t\t\t\t\t\t\t\t\t\t\t<img decoding=\"async\" width=\"296\" height=\"300\" src=\"https:\/\/ehitusartdesign.ee\/wp-content\/uploads\/2024\/04\/anza-instrument-1-296x300.png\" class=\"attachment-medium size-medium wp-image-7959\" alt=\"\" srcset=\"https:\/\/ehitusartdesign.ee\/wp-content\/uploads\/2024\/04\/anza-instrument-1-296x300.png 296w, https:\/\/ehitusartdesign.ee\/wp-content\/uploads\/2024\/04\/anza-instrument-1-1009x1024.png 1009w, https:\/\/ehitusartdesign.ee\/wp-content\/uploads\/2024\/04\/anza-instrument-1-768x780.png 768w, https:\/\/ehitusartdesign.ee\/wp-content\/uploads\/2024\/04\/anza-instrument-1-12x12.png 12w, https:\/\/ehitusartdesign.ee\/wp-content\/uploads\/2024\/04\/anza-instrument-1-600x609.png 600w, https:\/\/ehitusartdesign.ee\/wp-content\/uploads\/2024\/04\/anza-instrument-1-100x100.png 100w, https:\/\/ehitusartdesign.ee\/wp-content\/uploads\/2024\/04\/anza-instrument-1.png 1064w\" sizes=\"(max-width: 296px) 100vw, 296px\" \/>\t\t\t\t\t\t\t\t\t\t\t\t\t\t\t<\/div>\n\t\t\t\t<\/div>\n\t\t\t\t\t<\/div>\n\t\t\t\t<\/div>\n\t\t<div class=\"elementor-element elementor-element-e1ee188 e-flex e-con-boxed e-con e-parent\" data-id=\"e1ee188\" data-element_type=\"container\" data-e-type=\"container\">\n\t\t\t\t\t<div class=\"e-con-inner\">\n\t\t\t\t<div class=\"elementor-element elementor-element-ac29a9e elementor-widget elementor-widget-heading\" data-id=\"ac29a9e\" data-element_type=\"widget\" data-e-type=\"widget\" data-widget_type=\"heading.default\">\n\t\t\t\t\t<h2 class=\"elementor-heading-title elementor-size-default\"><b>Painting from professionals<\/b><\/h2>\t\t\t\t<\/div>\n\t\t\t\t\t<\/div>\n\t\t\t\t<\/div>\n\t\t<div class=\"elementor-element elementor-element-0ce4907 e-flex e-con-boxed e-con e-parent\" data-id=\"0ce4907\" data-element_type=\"container\" data-e-type=\"container\">\n\t\t\t\t\t<div class=\"e-con-inner\">\n\t\t<div class=\"elementor-element elementor-element-749fa7f e-con-full e-flex e-con e-child\" data-id=\"749fa7f\" data-element_type=\"container\" data-e-type=\"container\">\n\t\t\t\t<div class=\"elementor-element elementor-element-6e0439d elementor-widget elementor-widget-text-editor\" data-id=\"6e0439d\" data-element_type=\"widget\" data-e-type=\"widget\" data-widget_type=\"text-editor.default\">\n\t\t\t\t\t\t\t\t\t<p>Our company offers different types of paints. One of the most popular is express-painting. We use the GRACO paint station. Thanks to the painting station, we can carry out a large amount of painting. Our specialists have extensive experience working with this station. Also, the painting results will be excellent. This painting will relate to the high quality of the work.<\/p>\t\t\t\t\t\t\t\t<\/div>\n\t\t\t\t<\/div>\n\t\t<div class=\"elementor-element elementor-element-f0f9fb1 e-con-full e-flex e-con e-child\" data-id=\"f0f9fb1\" data-element_type=\"container\" data-e-type=\"container\">\n\t\t\t\t<div class=\"elementor-element elementor-element-5607591 elementor-widget elementor-widget-image\" data-id=\"5607591\" data-element_type=\"widget\" data-e-type=\"widget\" data-widget_type=\"image.default\">\n\t\t\t\t\t\t\t\t\t\t\t\t\t\t\t<img decoding=\"async\" width=\"768\" height=\"547\" src=\"https:\/\/ehitusartdesign.ee\/wp-content\/uploads\/2023\/11\/IMG_9526-1-768x547.jpg\" class=\"attachment-medium_large size-medium_large wp-image-4702\" alt=\"\" srcset=\"https:\/\/ehitusartdesign.ee\/wp-content\/uploads\/2023\/11\/IMG_9526-1-768x547.jpg 768w, https:\/\/ehitusartdesign.ee\/wp-content\/uploads\/2023\/11\/IMG_9526-1-600x428.jpg 600w, https:\/\/ehitusartdesign.ee\/wp-content\/uploads\/2023\/11\/IMG_9526-1-300x214.jpg 300w, https:\/\/ehitusartdesign.ee\/wp-content\/uploads\/2023\/11\/IMG_9526-1-1024x730.jpg 1024w, https:\/\/ehitusartdesign.ee\/wp-content\/uploads\/2023\/11\/IMG_9526-1-18x12.jpg 18w, https:\/\/ehitusartdesign.ee\/wp-content\/uploads\/2023\/11\/IMG_9526-1.jpg 1497w\" sizes=\"(max-width: 768px) 100vw, 768px\" \/>\t\t\t\t\t\t\t\t\t\t\t\t\t\t\t<\/div>\n\t\t\t\t<\/div>\n\t\t\t\t\t<\/div>\n\t\t\t\t<\/div>\n\t\t<div class=\"elementor-element elementor-element-1de5bdd e-flex e-con-boxed e-con e-parent\" data-id=\"1de5bdd\" data-element_type=\"container\" data-e-type=\"container\">\n\t\t\t\t\t<div class=\"e-con-inner\">\n\t\t\t\t<div class=\"elementor-element elementor-element-9942986 elementor-widget elementor-widget-text-editor\" data-id=\"9942986\" data-element_type=\"widget\" data-e-type=\"widget\" data-widget_type=\"text-editor.default\">\n\t\t\t\t\t\t\t\t\t<h5><span data-start=\"13\" data-end=\"73\"><b>Kui soovite hinnapakkumist saada, v\u00f5tke meiega \u00fchendust.<\/b><\/span><\/h5>\t\t\t\t\t\t\t\t<\/div>\n\t\t\t\t\t<\/div>\n\t\t\t\t<\/div>\n\t\t<div class=\"elementor-element elementor-element-6a40453 e-flex e-con-boxed e-con e-parent\" data-id=\"6a40453\" data-element_type=\"container\" data-e-type=\"container\">\n\t\t\t\t\t<div class=\"e-con-inner\">\n\t\t\t\t<div class=\"elementor-element elementor-element-b1cb64b elementor-widget elementor-widget-button\" data-id=\"b1cb64b\" data-element_type=\"widget\" data-e-type=\"widget\" data-widget_type=\"button.default\">\n\t\t\t\t\t\t\t\t\t\t<a class=\"elementor-button elementor-button-link elementor-size-sm\" href=\"https:\/\/ehitusartdesign.ee\/en\/kontakt\/\">\n\t\t\t\t\t\t<span class=\"elementor-button-content-wrapper\">\n\t\t\t\t\t\t\t\t\t<span class=\"elementor-button-text\">Contact us<\/span>\n\t\t\t\t\t<\/span>\n\t\t\t\t\t<\/a>\n\t\t\t\t\t\t\t\t<\/div>\n\t\t\t\t\t<\/div>\n\t\t\t\t<\/div>\n\t\t\t\t<\/div>","protected":false},"excerpt":{"rendered":"<p>Oluline etapp ehitust\u00f6\u00f6des &#8211; V\u00e4rvimist\u00f6\u00f6d V\u00c4RVIMIST\u00d6\u00d6D V\u00e4rvimist\u00f6\u00f6d on vajalik ehitust\u00f6\u00f6de etapp, mis toimub peaaegu ehituse l\u00f5puleviimise etapis. Enne v\u00e4rvimist\u00f6\u00f6d tegemist tuleb maalimiseks vajalik pind ette valmistada. Alles p\u00e4rast teostatud ehitust\u00f6\u00f6de kompleksi vastab v\u00e4rvitud pind kvaliteedin\u00f5uetele, kui k\u00f5ik n\u00f5uded on t\u00e4idetud. V\u00e4rvimist\u00f6\u00f6dega puutuvad kokku hoone seinad, laed, p\u00f5randad ning vajadusel saab v\u00e4rvida uksi ja aknaid. Seet\u00f5ttu [&hellip;]<\/p>\n","protected":false},"author":1,"featured_media":0,"parent":0,"menu_order":0,"comment_status":"closed","ping_status":"closed","template":"","meta":{"footnotes":""},"class_list":["post-7128","page","type-page","status-publish","hentry"],"_links":{"self":[{"href":"https:\/\/ehitusartdesign.ee\/en\/wp-json\/wp\/v2\/pages\/7128","targetHints":{"allow":["GET"]}}],"collection":[{"href":"https:\/\/ehitusartdesign.ee\/en\/wp-json\/wp\/v2\/pages"}],"about":[{"href":"https:\/\/ehitusartdesign.ee\/en\/wp-json\/wp\/v2\/types\/page"}],"author":[{"embeddable":true,"href":"https:\/\/ehitusartdesign.ee\/en\/wp-json\/wp\/v2\/users\/1"}],"replies":[{"embeddable":true,"href":"https:\/\/ehitusartdesign.ee\/en\/wp-json\/wp\/v2\/comments?post=7128"}],"version-history":[{"count":31,"href":"https:\/\/ehitusartdesign.ee\/en\/wp-json\/wp\/v2\/pages\/7128\/revisions"}],"predecessor-version":[{"id":8938,"href":"https:\/\/ehitusartdesign.ee\/en\/wp-json\/wp\/v2\/pages\/7128\/revisions\/8938"}],"wp:attachment":[{"href":"https:\/\/ehitusartdesign.ee\/en\/wp-json\/wp\/v2\/media?parent=7128"}],"curies":[{"name":"wp","href":"https:\/\/api.w.org\/{rel}","templated":true}]}}