{"id":7131,"date":"2024-01-16T12:45:22","date_gmt":"2024-01-16T12:45:22","guid":{"rendered":"https:\/\/ehitus-interior.0608bogura.com\/?page_id=7131"},"modified":"2025-04-10T05:16:43","modified_gmt":"2025-04-10T05:16:43","slug":"votmed-katte-ehitamine","status":"publish","type":"page","link":"https:\/\/ehitusartdesign.ee\/en\/votmed-katte-ehitamine\/","title":{"rendered":"Turnkey construction"},"content":{"rendered":"\t\t<div data-elementor-type=\"wp-page\" data-elementor-id=\"7131\" class=\"elementor elementor-7131\" data-elementor-post-type=\"page\">\n\t\t\t\t<div class=\"elementor-element elementor-element-54606680 e-con-full e-flex e-con e-parent\" data-id=\"54606680\" data-element_type=\"container\" data-e-type=\"container\" data-settings=\"{&quot;background_background&quot;:&quot;classic&quot;}\">\n\t\t\t\t<div class=\"elementor-element elementor-element-45e3b5ed elementor-widget elementor-widget-heading\" data-id=\"45e3b5ed\" data-element_type=\"widget\" data-e-type=\"widget\" data-widget_type=\"heading.default\">\n\t\t\t\t\t<h1 class=\"elementor-heading-title elementor-size-default\">Ehitus v\u00f5tmed k\u00e4tte<\/h1>\t\t\t\t<\/div>\n\t\t\t\t<div class=\"elementor-element elementor-element-6874bdbd elementor-widget__width-initial elementor-widget-mobile__width-inherit elementor-widget elementor-widget-text-editor\" data-id=\"6874bdbd\" data-element_type=\"widget\" data-e-type=\"widget\" data-widget_type=\"text-editor.default\">\n\t\t\t\t\t\t\t\t\t<p>V\u00f5tmed k\u00e4tte ehitamine koos Ehitus Art Design&#8217;iga muutub \u00fcha populaarsemaks mitte ainult Eestis, vaid ka kaasaegses maailmas.<\/p>\t\t\t\t\t\t\t\t<\/div>\n\t\t\t\t<div class=\"elementor-element elementor-element-1b71ebf elementor-absolute elementor-widget-mobile__width-inherit elementor-view-default elementor-invisible elementor-widget elementor-widget-icon\" data-id=\"1b71ebf\" data-element_type=\"widget\" data-e-type=\"widget\" data-settings=\"{&quot;_position&quot;:&quot;absolute&quot;,&quot;_animation&quot;:&quot;slideInDown&quot;}\" data-widget_type=\"icon.default\">\n\t\t\t\t\t\t\t<div class=\"elementor-icon-wrapper\">\n\t\t\t<a class=\"elementor-icon elementor-animation-sink\" href=\"#next\">\n\t\t\t<svg xmlns=\"http:\/\/www.w3.org\/2000\/svg\" id=\"e7693ca5-bf76-42df-999c-dbc3066cda9e\" data-name=\"Layer 1\" width=\"21.3525\" height=\"10.7197\" viewBox=\"0 0 21.3525 10.7197\"><polygon points=\"21 5.229 21.343 4.865 16.165 0 15.479 0.729 19.737 4.729 0 4.729 0 5.729 19.786 5.729 15.47 10.009 16.175 10.72 21.353 5.584 21 5.229\"><\/polygon><\/svg>\t\t\t<\/a>\n\t\t<\/div>\n\t\t\t\t\t\t<\/div>\n\t\t\t\t<\/div>\n\t\t<div class=\"elementor-element elementor-element-e3abe1f e-flex e-con-boxed e-con e-parent\" data-id=\"e3abe1f\" data-element_type=\"container\" data-e-type=\"container\">\n\t\t\t\t\t<div class=\"e-con-inner\">\n\t\t\t\t<div class=\"elementor-element elementor-element-e3c1887 elementor-widget elementor-widget-text-editor\" data-id=\"e3c1887\" data-element_type=\"widget\" data-e-type=\"widget\" data-widget_type=\"text-editor.default\">\n\t\t\t\t\t\t\t\t\t<p style=\"text-align: center;\">Ehitus Art Design-iga v\u00f5tmed k\u00e4tte ehitamine muutub \u00fcha populaarsemaks mitte ainult Eestis, vaid ka kaasaegses maailmas. See l\u00e4henemine pakub kliendile t\u00e4ielikku lahendust, alustades projekteerimisest ja l\u00f5petades objekti \u00fcleandmisega kasutusse. Selle asemel, et tegeleda erinevate allt\u00f6\u00f6v\u00f5tjate otsimise ja nende t\u00f6\u00f6 korraldamisega, annab klient kogu vastutuse ehitust\u00f6\u00f6de elluviimise eest \u00fchele ettev\u00f5ttele. Ent nagu igas muus \u00e4ris, on v\u00f5tmed k\u00e4tte ehitamisel oma eelised ja puudused.<\/p><p style=\"text-align: center;\">\u00dcheks v\u00f5tmet\u00e4htsusega ehituse peamiseks eeliseks on mugavus kliendile. Kliendil pole vaja otsida ja koordineerida erinevate spetsialistide, nagu arhitektide, ehitajate, elektrikute ja torulukkseppade t\u00f6\u00f6d. Selle asemel hoolitseb selle eest \u00fcks ettev\u00f5te, Ehitus Art Design, kes v\u00f5tab endale kogu t\u00f6\u00f6 t\u00e4itmise vastutuse. See s\u00e4\u00e4stab oluliselt kliendi aega ja energiat ning v\u00e4hendab ka konfliktide riski erinevate allt\u00f6\u00f6v\u00f5tjate vahel.<\/p><p style=\"text-align: center;\">Lisaks pakub v\u00f5tmet\u00e4htsusega ehitus kliendile t\u00f6\u00f6 kvaliteedi kindlust. Ettev\u00f5te, kes tegeleb v\u00f5tmet\u00e4htsusega ehitusega, v\u00f5tab endale kohustuse pakkuda kliendile valmis objekti, mis vastab k\u00f5igile standarditele ja n\u00f5uetele. Ehitus Art Design korraldab kogu ehitusprotsessi, alates materjalide valikust kuni t\u00f6\u00f6 kvaliteedi kontrollini. See v\u00f5imaldab kliendil olla kindel, et ta saab kvaliteetse ja usaldusv\u00e4\u00e4rse hoone.<\/p><p style=\"text-align: center;\">Veel \u00fcks v\u00f5tmet\u00e4htsusega ehituse eelis on raha kokkuhoid. \u00dche ettev\u00f5tte poolt t\u00f6\u00f6 pakkumine v\u00f5imaldab v\u00e4hendada t\u00f6\u00f6de koordineerimise kulusid ja lahendada v\u00f5imalikke konflikte allt\u00f6\u00f6v\u00f5tjate vahel. Lisaks v\u00f5imaldab v\u00f5tmet\u00e4htsusega ehitust teostav ettev\u00f5te osta ehitusmaterjale hulgihinnaga soodsamate hindadega, mis aitab samuti kliendil raha s\u00e4\u00e4sta.<\/p><p style=\"text-align: center;\">Ent v\u00f5tmet\u00e4htsusega ehitus ei ole ilma oma puudusteta. \u00dcheks selliseks puuduseks on kontrolli kaotamine kliendi poolt. Kogu t\u00f6\u00f6 usaldamine \u00fchele ettev\u00f5ttele v\u00f5imaldab kliendil kaotada v\u00f5imaluse otsekontrollida ehitusprotsessi. See v\u00f5ib tekitada teatavat muret. Siiski on meie ettev\u00f5te Ehitus Art Design sellele m\u00f5elnud.<\/p><p style=\"text-align: center;\">Meie objektid on t\u00e4ielikult varustatud videovalve ja t\u00f6\u00f6 kontrollis\u00fcsteemidega. See s\u00fcsteem v\u00f5imaldab tellijal olla objektil 24\/7 ja j\u00e4lgida t\u00f6\u00f6d kaugjuhtimise teel, veendumaks iga etapi kvaliteedis. See aitab v\u00e4ltida tehniliste normide rikkumist ja mis tahes kahtlusi.<\/p><p style=\"text-align: center;\">Kokkuv\u00f5tteks pakub v\u00f5tmet\u00e4htsusega ehitus koos Ehitus Art Designiga mitmeid eeliseid. Meie l\u00e4henemine v\u00f5imaldab kliendil saada valmis, kvaliteetse ja usaldusv\u00e4\u00e4rse hoone, ilma et peaks tegelema t\u00f6\u00f6de koordineerimisega.<\/p>\t\t\t\t\t\t\t\t<\/div>\n\t\t\t\t\t<\/div>\n\t\t\t\t<\/div>\n\t\t<div class=\"elementor-element elementor-element-1ae0beeb e-flex e-con-boxed e-con e-parent\" data-id=\"1ae0beeb\" data-element_type=\"container\" data-e-type=\"container\" data-settings=\"{&quot;background_background&quot;:&quot;classic&quot;}\">\n\t\t\t\t\t<div class=\"e-con-inner\">\n\t\t\t\t<div class=\"elementor-element elementor-element-600fb2a5 animated-slow elementor-invisible elementor-widget elementor-widget-heading\" data-id=\"600fb2a5\" data-element_type=\"widget\" data-e-type=\"widget\" data-settings=\"{&quot;_animation&quot;:&quot;slideInUp&quot;}\" data-widget_type=\"heading.default\">\n\t\t\t\t\t<h2 class=\"elementor-heading-title elementor-size-default\">Oleme r\u00f5\u00f5msad teid kuulda<\/h2>\t\t\t\t<\/div>\n\t\t\t\t<div class=\"elementor-element elementor-element-77fbf654 animated-slow elementor-invisible elementor-widget elementor-widget-heading\" data-id=\"77fbf654\" data-element_type=\"widget\" data-e-type=\"widget\" data-settings=\"{&quot;_animation&quot;:&quot;slideInUp&quot;}\" data-widget_type=\"heading.default\">\n\t\t\t\t\t<h2 class=\"elementor-heading-title elementor-size-default\">Kontakt<\/h2>\t\t\t\t<\/div>\n\t\t<div class=\"elementor-element elementor-element-370eebd5 e-con-full e-flex e-con e-child\" data-id=\"370eebd5\" data-element_type=\"container\" data-e-type=\"container\">\n\t\t<div class=\"elementor-element elementor-element-612c8c73 e-con-full e-flex e-con e-child\" data-id=\"612c8c73\" data-element_type=\"container\" data-e-type=\"container\">\n\t\t\t\t<div class=\"elementor-element elementor-element-6f9a5db4 elementor-button-align-start elementor-tablet-button-align-stretch elementor-widget elementor-widget-form\" data-id=\"6f9a5db4\" data-element_type=\"widget\" data-e-type=\"widget\" data-settings=\"{&quot;button_width_tablet&quot;:&quot;100&quot;,&quot;step_next_label&quot;:&quot;Next&quot;,&quot;step_previous_label&quot;:&quot;Previous&quot;,&quot;button_width&quot;:&quot;100&quot;,&quot;step_type&quot;:&quot;number_text&quot;,&quot;step_icon_shape&quot;:&quot;circle&quot;}\" data-widget_type=\"form.default\">\n\t\t\t\t\t\t\t<form class=\"elementor-form\" method=\"post\" name=\"Contact Us\" aria-label=\"Contact Us\">\n\t\t\t<input type=\"hidden\" name=\"post_id\" value=\"7131\"\/>\n\t\t\t<input type=\"hidden\" name=\"form_id\" value=\"6f9a5db4\"\/>\n\t\t\t<input type=\"hidden\" name=\"referer_title\" value=\"V\u00f5tmed k\u00e4tte ehitamine\" \/>\n\n\t\t\t\t\t\t\t<input type=\"hidden\" name=\"queried_id\" value=\"7131\"\/>\n\t\t\t\n\t\t\t<div class=\"elementor-form-fields-wrapper elementor-labels-\">\n\t\t\t\t\t\t\t\t<div class=\"elementor-field-type-text elementor-field-group elementor-column elementor-field-group-name elementor-col-100 elementor-md-50\">\n\t\t\t\t\t\t\t\t\t\t\t\t<label for=\"form-field-name\" class=\"elementor-field-label elementor-screen-only\">\n\t\t\t\t\t\t\t\tNimi\t\t\t\t\t\t\t<\/label>\n\t\t\t\t\t\t\t\t\t\t\t\t\t\t<input size=\"1\" type=\"text\" name=\"form_fields[name]\" id=\"form-field-name\" class=\"elementor-field elementor-size-sm  elementor-field-textual\" placeholder=\"* Nimi\">\n\t\t\t\t\t\t\t\t\t\t\t<\/div>\n\t\t\t\t\t\t\t\t<div class=\"elementor-field-type-tel elementor-field-group elementor-column elementor-field-group-field_719ed13 elementor-col-100 elementor-md-50 elementor-field-required\">\n\t\t\t\t\t\t\t\t\t\t\t\t<label for=\"form-field-field_719ed13\" class=\"elementor-field-label elementor-screen-only\">\n\t\t\t\t\t\t\t\tTelefoninumber\t\t\t\t\t\t\t<\/label>\n\t\t\t\t\t\t\t\t<input size=\"1\" type=\"tel\" name=\"form_fields[field_719ed13]\" id=\"form-field-field_719ed13\" class=\"elementor-field elementor-size-sm  elementor-field-textual\" placeholder=\"* Telefoninumber\" required=\"required\" pattern=\"[0-9()#&amp;+*-=.]+\" title=\"Only numbers and phone characters (#, -, *, etc) are accepted.\">\n\n\t\t\t\t\t\t<\/div>\n\t\t\t\t\t\t\t\t<div class=\"elementor-field-type-email elementor-field-group elementor-column elementor-field-group-email elementor-col-100 elementor-md-100 elementor-field-required\">\n\t\t\t\t\t\t\t\t\t\t\t\t<label for=\"form-field-email\" class=\"elementor-field-label elementor-screen-only\">\n\t\t\t\t\t\t\t\tEmail\t\t\t\t\t\t\t<\/label>\n\t\t\t\t\t\t\t\t\t\t\t\t\t\t<input size=\"1\" type=\"email\" name=\"form_fields[email]\" id=\"form-field-email\" class=\"elementor-field elementor-size-sm  elementor-field-textual\" placeholder=\"* Email \" required=\"required\">\n\t\t\t\t\t\t\t\t\t\t\t<\/div>\n\t\t\t\t\t\t\t\t<div class=\"elementor-field-group elementor-column elementor-field-type-submit elementor-col-100 e-form__buttons elementor-md-100\">\n\t\t\t\t\t<button class=\"elementor-button elementor-size-sm elementor-animation-shrink\" type=\"submit\">\n\t\t\t\t\t\t<span class=\"elementor-button-content-wrapper\">\n\t\t\t\t\t\t\t\t\t\t\t\t\t\t\t\t\t\t\t\t\t\t<span class=\"elementor-button-text\">Saadan<\/span>\n\t\t\t\t\t\t\t\t\t\t\t\t\t<\/span>\n\t\t\t\t\t<\/button>\n\t\t\t\t<\/div>\n\t\t\t<\/div>\n\t\t<\/form>\n\t\t\t\t\t\t<\/div>\n\t\t\t\t<\/div>\n\t\t\t\t<div class=\"elementor-element elementor-element-2fce6ec7 elementor-widget elementor-widget-image\" data-id=\"2fce6ec7\" data-element_type=\"widget\" data-e-type=\"widget\" data-widget_type=\"image.default\">\n\t\t\t\t\t\t\t\t\t\t\t\t\t\t\t<img fetchpriority=\"high\" decoding=\"async\" width=\"830\" height=\"760\" src=\"https:\/\/ehitusartdesign.ee\/wp-content\/uploads\/2024\/06\/boxking_contact_img_1.jpg\" class=\"attachment-large size-large wp-image-8214\" alt=\"\" srcset=\"https:\/\/ehitusartdesign.ee\/wp-content\/uploads\/2024\/06\/boxking_contact_img_1.jpg 830w, https:\/\/ehitusartdesign.ee\/wp-content\/uploads\/2024\/06\/boxking_contact_img_1-300x275.jpg 300w, https:\/\/ehitusartdesign.ee\/wp-content\/uploads\/2024\/06\/boxking_contact_img_1-768x703.jpg 768w, https:\/\/ehitusartdesign.ee\/wp-content\/uploads\/2024\/06\/boxking_contact_img_1-13x12.jpg 13w, https:\/\/ehitusartdesign.ee\/wp-content\/uploads\/2024\/06\/boxking_contact_img_1-600x549.jpg 600w\" sizes=\"(max-width: 830px) 100vw, 830px\" \/>\t\t\t\t\t\t\t\t\t\t\t\t\t\t\t<\/div>\n\t\t\t\t<\/div>\n\t\t\t\t\t<\/div>\n\t\t\t\t<\/div>\n\t\t\t\t<\/div>\n\t\t","protected":false},"excerpt":{"rendered":"<p>Ehitus v\u00f5tmed k\u00e4tte V\u00f5tmed k\u00e4tte ehitamine koos Ehitus Art Design&#8217;iga muutub \u00fcha populaarsemaks mitte ainult Eestis, vaid ka kaasaegses maailmas. Ehitus Art Design-iga v\u00f5tmed k\u00e4tte ehitamine muutub \u00fcha populaarsemaks mitte ainult Eestis, vaid ka kaasaegses maailmas. See l\u00e4henemine pakub kliendile t\u00e4ielikku lahendust, alustades projekteerimisest ja l\u00f5petades objekti \u00fcleandmisega kasutusse. Selle asemel, et tegeleda erinevate allt\u00f6\u00f6v\u00f5tjate [&hellip;]<\/p>\n","protected":false},"author":1,"featured_media":0,"parent":0,"menu_order":0,"comment_status":"closed","ping_status":"closed","template":"","meta":{"footnotes":""},"class_list":["post-7131","page","type-page","status-publish","hentry"],"_links":{"self":[{"href":"https:\/\/ehitusartdesign.ee\/en\/wp-json\/wp\/v2\/pages\/7131","targetHints":{"allow":["GET"]}}],"collection":[{"href":"https:\/\/ehitusartdesign.ee\/en\/wp-json\/wp\/v2\/pages"}],"about":[{"href":"https:\/\/ehitusartdesign.ee\/en\/wp-json\/wp\/v2\/types\/page"}],"author":[{"embeddable":true,"href":"https:\/\/ehitusartdesign.ee\/en\/wp-json\/wp\/v2\/users\/1"}],"replies":[{"embeddable":true,"href":"https:\/\/ehitusartdesign.ee\/en\/wp-json\/wp\/v2\/comments?post=7131"}],"version-history":[{"count":31,"href":"https:\/\/ehitusartdesign.ee\/en\/wp-json\/wp\/v2\/pages\/7131\/revisions"}],"predecessor-version":[{"id":8580,"href":"https:\/\/ehitusartdesign.ee\/en\/wp-json\/wp\/v2\/pages\/7131\/revisions\/8580"}],"wp:attachment":[{"href":"https:\/\/ehitusartdesign.ee\/en\/wp-json\/wp\/v2\/media?parent=7131"}],"curies":[{"name":"wp","href":"https:\/\/api.w.org\/{rel}","templated":true}]}}