{"id":7497,"date":"2024-03-12T01:52:48","date_gmt":"2024-03-12T01:52:48","guid":{"rendered":"https:\/\/www.ehitusartdesign.ee\/?page_id=7497"},"modified":"2026-03-03T11:01:49","modified_gmt":"2026-03-03T11:01:49","slug":"meie-garantii","status":"publish","type":"page","link":"https:\/\/ehitusartdesign.ee\/en\/meie-garantii\/","title":{"rendered":"Our guarantee"},"content":{"rendered":"<div data-elementor-type=\"wp-page\" data-elementor-id=\"7497\" class=\"elementor elementor-7497\" data-elementor-post-type=\"page\">\n\t\t\t\t<div class=\"elementor-element elementor-element-5888401 e-flex e-con-boxed e-con e-parent\" data-id=\"5888401\" data-element_type=\"container\" data-e-type=\"container\">\n\t\t\t\t\t<div class=\"e-con-inner\">\n\t\t\t\t<div class=\"elementor-element elementor-element-34805ef elementor-widget elementor-widget-heading\" data-id=\"34805ef\" data-element_type=\"widget\" data-e-type=\"widget\" data-widget_type=\"heading.default\">\n\t\t\t\t\t<h2 class=\"elementor-heading-title elementor-size-default\">Our guarantee<\/h2>\t\t\t\t<\/div>\n\t\t\t\t\t<\/div>\n\t\t\t\t<\/div>\n\t\t<div class=\"elementor-element elementor-element-ec1e354 e-flex e-con-boxed e-con e-parent\" data-id=\"ec1e354\" data-element_type=\"container\" data-e-type=\"container\">\n\t\t\t\t\t<div class=\"e-con-inner\">\n\t\t\t\t<div class=\"elementor-element elementor-element-4cfad1c elementor-widget elementor-widget-text-editor\" data-id=\"4cfad1c\" data-element_type=\"widget\" data-e-type=\"widget\" data-widget_type=\"text-editor.default\">\n\t\t\t\t\t\t\t\t\t<div class=\"container\">\n<div class=\"content\">\n<div id=\"leyendaIcono\">\n<p><img decoding=\"async\" class=\"wp-image-7501 alignleft\" src=\"https:\/\/www.ehitusartdesign.ee\/wp-content\/uploads\/2024\/03\/ikonka-garantiya.jpg\" alt=\"\" width=\"159\" height=\"159\" srcset=\"https:\/\/ehitusartdesign.ee\/wp-content\/uploads\/2024\/03\/ikonka-garantiya.jpg 300w, https:\/\/ehitusartdesign.ee\/wp-content\/uploads\/2024\/03\/ikonka-garantiya-150x150.jpg 150w, https:\/\/ehitusartdesign.ee\/wp-content\/uploads\/2024\/03\/ikonka-garantiya-12x12.jpg 12w, https:\/\/ehitusartdesign.ee\/wp-content\/uploads\/2024\/03\/ikonka-garantiya-100x100.jpg 100w\" sizes=\"(max-width: 159px) 100vw, 159px\" \/><\/p>\n<p class=\"translation-block\">Our micro-cements carry the <strong>CE marking.<\/strong><\/p>\n<p class=\"translation-block\"><strong>What is CE marking?<\/strong> It's a European certification that confirms and guarantees, through rigorous tests and trials, that the product specifications we provide are true. It means that the product meets the quality and safety standards for its sale and use.<\/p>\n<\/div>\n<p><span style=\"color: #000000;\">Our products meet the highest market requirements. We offer high mechanical strength, abrasion resistance, fire resistance, resistance to cracks, chemicals and corrosives, as well as high adhesion and water resistance. Optimal products with optimal quality.<\/span><\/p>\n<p class=\"translation-block\"><strong>Topciment Microcement's guarantee lasts for up to 10 years,<\/strong> provided you have a receipt with a valid date of issue. The warranty only covers the replacement of defective goods, not labour.<\/p>\n<p><span style=\"color: #000000;\">Covers possible material manufacturing defects in the following parameters:<\/span><\/p>\n<\/div>\n<\/div>\n<div class=\"fullscreen background parallax\" data-img-width=\"1500\" data-img-height=\"637\" data-diff=\"100\">\n<div class=\"content-a\">&nbsp;<\/div>\n<\/div>\n<div class=\"container\">\n<div class=\"content\">\n<h2><span style=\"color: #000000;\"><strong>Resilience<\/strong><\/span><\/h2>\n<div id=\"iconoIzquierda\"><span style=\"color: #000000;\"><img decoding=\"async\" class=\"alignleft\" title=\"\u0424\u0438\u0437\u0438\u0447\u0435\u0441\u043a\u043e\u0435 \u0441\u043e\u043f\u0440\u043e\u0442\u0438\u0432\u043b\u0435\u043d\u0438\u0435\" src=\"https:\/\/www.topciment.com\/ru\/img\/ikonka-elastichnost.jpg\" alt=\"\u0424\u0438\u0437\u0438\u0447\u0435\u0441\u043a\u043e\u0435 \u0441\u043e\u043f\u0440\u043e\u0442\u0438\u0432\u043b\u0435\u043d\u0438\u0435\" width=\"160\" height=\"160\"><\/span><\/div>\n<div id=\"leyendaIcono\">\n<p class=\"translation-block\">We guarantee, <strong>that cracks do not appear<\/strong>. The elastic properties of Topciment micro-cement can withstand slight deformation when used correctly. <strong>If cracks occur, defects caused by cracks in the substrate are not covered.<\/strong><\/p>\n<\/div>\n<div id=\"separador50px\">&nbsp;<\/div>\n<h2><span style=\"color: #000000;\"><strong>Physical endurance<\/strong><\/span><\/h2>\n<div id=\"iconoIzquierda\"><span style=\"color: #000000;\"><img decoding=\"async\" class=\"alignleft\" title=\"\u0424\u0438\u0437\u0438\u0447\u0435\u0441\u043a\u043e\u0435 \u0441\u043e\u043f\u0440\u043e\u0442\u0438\u0432\u043b\u0435\u043d\u0438\u0435\" src=\"https:\/\/www.topciment.com\/ru\/img\/ikonka-fizicheskoe-soprotivlenie.jpg\" alt=\"\u0424\u0438\u0437\u0438\u0447\u0435\u0441\u043a\u043e\u0435 \u0441\u043e\u043f\u0440\u043e\u0442\u0438\u0432\u043b\u0435\u043d\u0438\u0435\" width=\"160\" height=\"160\"><\/span><\/div>\n<div id=\"leyendaIcono\">\n<p class=\"translation-block\">Microcement is comparable to natural wood parquet. However, tests carried out in accordance with EN standards show that its resistance to scratching, impact and wear is much better than most natural wood flooring. <strong>The warranty does not cover damage caused by customer misuse, such as knocks, scratches, cuts or similar damage.<\/strong><\/p>\n<p><span style=\"text-decoration: underline; color: #000000;\">We recommend that you download and print these microcement care and cleaning instructions.<\/span><\/p>\n<\/div>\n<div id=\"separador50px\">&nbsp;<\/div>\n<h2><span style=\"color: #000000;\"><strong>Chemical resistance<\/strong><\/span><\/h2>\n<div id=\"iconoIzquierda\"><span style=\"color: #000000;\"><img loading=\"lazy\" decoding=\"async\" class=\"alignleft\" title=\"\u0425\u0438\u043c\u0438\u0447\u0435\u0441\u043a\u043e\u0435 \u0441\u043e\u043f\u0440\u043e\u0442\u0438\u0432\u043b\u0435\u043d\u0438\u0435\" src=\"https:\/\/www.topciment.com\/ru\/img\/ikonka-himicheskoe-soprotivlenie.jpg\" alt=\"\u0425\u0438\u043c\u0438\u0447\u0435\u0441\u043a\u043e\u0435 \u0441\u043e\u043f\u0440\u043e\u0442\u0438\u0432\u043b\u0435\u043d\u0438\u0435\" width=\"160\" height=\"160\"><\/span><\/div>\n<div id=\"leyendaIcono\">\n<p><span style=\"color: #000000;\"><strong>Microcement has good resistance to chemical cleaning agents<\/strong>but we recommend using Ecoclean or Ecoclean PRO for cleaning and Ceraciment or Ceraciment PRO for maintenance. As it is a continuous coating without seams, cleaning is much easier.<\/span><\/p>\n<\/div>\n<div id=\"separador50px\">&nbsp;<\/div>\n<h2><span style=\"color: #000000;\"><strong>Antideslizante<\/strong><\/span><\/h2>\n<div id=\"iconoIzquierda\"><span style=\"color: #000000;\"><img loading=\"lazy\" decoding=\"async\" class=\"alignleft\" title=\"\u0424\u0438\u0437\u0438\u0447\u0435\u0441\u043a\u043e\u0435 \u0441\u043e\u043f\u0440\u043e\u0442\u0438\u0432\u043b\u0435\u043d\u0438\u0435\" src=\"https:\/\/www.topciment.com\/ru\/img\/ikonki-neskolzyashchie.jpg\" alt=\"\u0424\u0438\u0437\u0438\u0447\u0435\u0441\u043a\u043e\u0435 \u0441\u043e\u043f\u0440\u043e\u0442\u0438\u0432\u043b\u0435\u043d\u0438\u0435\" width=\"160\" height=\"160\"><\/span><\/div>\n<div id=\"leyendaIcono\">\n<p><span style=\"color: #000000;\">Thanks to the diversity of micro-cement and its different textures, it is possible to choose the finish depending on the required use and location. Smoother for indoors and harder for wet and outdoor conditions.<\/span><\/p>\n<p><span style=\"color: #000000;\"><strong>We certify high slip resistance, which is synonymous with safety.<\/strong><\/span><\/p>\n<\/div>\n<div id=\"separador50px\">&nbsp;<\/div>\n<h2><span style=\"color: #000000;\"><strong>Reaction to fire<\/strong><\/span><\/h2>\n<div id=\"iconoIzquierda\"><span style=\"color: #000000;\"><img loading=\"lazy\" decoding=\"async\" class=\"alignleft\" title=\"\u0421\u043e\u043f\u0440\u043e\u0442\u0438\u0432\u043b\u0435\u043d\u0438\u0435 \u043e\u0433\u043d\u044e\" src=\"https:\/\/www.topciment.com\/ru\/img\/ikonka-soprotivlenie-ogon.jpg\" alt=\"\u0421\u043e\u043f\u0440\u043e\u0442\u0438\u0432\u043b\u0435\u043d\u0438\u0435 \u043e\u0433\u043d\u044e\" width=\"160\" height=\"160\"><\/span><\/div>\n<div id=\"leyendaIcono\">\n<p><span style=\"color: #000000;\">The reaction to fire performance of building materials is the behaviour of a material in relation to fire, depending on its contribution to the development of fire. This behaviour is classified according to <strong>CTE to SI standard.<\/strong>.<\/span><\/p>\n<p><span style=\"color: #000000;\"><strong>What is the CTE SI Regulation?<\/strong> It is a set of standards and protocols that are required of building elements in different situations and uses. <strong>With CE marking<\/strong>certify the safety of your material in case of fire.<\/span><\/p>\n<\/div>\n<div>&nbsp;<\/div>\n<p><span style=\"color: #000000;\"><strong>Microfino<\/strong> the wall system with all its layers, including the sealing, can be classified as. <strong>B-S1,d0<\/strong>.<\/span><\/p>\n<p><span style=\"color: #000000;\"><strong>Microdecki<\/strong> the flooring system, with all its layers, including sealing, can be <strong>Bfl-S1<\/strong> classification.<\/span><\/p>\n<p><span style=\"color: #000000;\">The classification used in the Technical Code is defined by the following parameters:<\/span><\/p>\n<p><span style=\"color: #000000;\"><strong>Contributing to the spread of fire.<\/strong><\/span><br><span style=\"color: #000000;\">A1: non-combustible; does not contribute to the maximum extent to the spread of fire.<\/span><br><span style=\"color: #000000;\">A2: Non-combustible; does not promote fire propagation to a minor extent.<\/span><br><span style=\"color: #000000;\">B: Combustible with very limited contribution to fire spread.<\/span><br><span style=\"color: #000000;\">C: combustible but not very conducive to fire spread.<\/span><br><span style=\"color: #000000;\">D: combustible, contributing to the spread of fire on average.<\/span><br><span style=\"color: #000000;\">E: combustible material which contributes significantly to the spread of fire.<\/span><br><span style=\"color: #000000;\">F: not classified.<\/span><\/p>\n<p><span style=\"color: #000000;\"><strong>Opacity of the smoke emitted.<\/strong><\/span><br><span style=\"color: #000000;\">s1: low opacity.<\/span><br><span style=\"color: #000000;\">s2 : Average opacity.<\/span><br><span style=\"color: #000000;\">s3 : K\u00f5rge l\u00e4bipaistmatus.<\/span><\/p>\n<p><span style=\"color: #000000;\"><strong>Falling burning droplets or particles.<\/strong><\/span><br><span style=\"color: #000000;\">d0: Not produced.<\/span><br><span style=\"color: #000000;\">d1: produces on average.<\/span><br><span style=\"color: #000000;\">d2: Produces on a large scale.<\/span><\/p>\n<p><span style=\"color: #000000;\"><strong>S\u00f5ltuvalt nende rakendusest.<\/strong><\/span><br><span style=\"color: #000000;\">Without index for roof and wall materials.<\/span><br><span style=\"color: #000000;\">FL index for flooring materials.<\/span><\/p>\n<div id=\"separador50px\">&nbsp;<\/div>\n<h2><span style=\"color: #000000;\"><strong>ATISLIP<\/strong><\/span><\/h2>\n<div id=\"iconoIzquierda\"><span style=\"color: #000000;\"><img loading=\"lazy\" decoding=\"async\" class=\"alignleft\" title=\"\u0424\u0438\u0437\u0438\u0447\u0435\u0441\u043a\u043e\u0435 \u0441\u043e\u043f\u0440\u043e\u0442\u0438\u0432\u043b\u0435\u043d\u0438\u0435\" src=\"https:\/\/www.topciment.com\/ru\/img\/ikonka-priverzhennost.jpg\" alt=\"\u0424\u0438\u0437\u0438\u0447\u0435\u0441\u043a\u043e\u0435 \u0441\u043e\u043f\u0440\u043e\u0442\u0438\u0432\u043b\u0435\u043d\u0438\u0435\" width=\"160\" height=\"160\"><\/span><\/div>\n<div id=\"leyendaIcono\">\n<p><span style=\"color: #000000;\">Topciment ensures, thanks to its formula, its microcement. <strong>FROM THE HEIGHT OF THE REMOTE<\/strong> adhesion to any surface, including tiles or glass.<\/span><\/p>\n<\/div>\n<div id=\"separador50px\">&nbsp;<\/div>\n<h2><span style=\"color: #000000;\"><strong>Colour fastness<\/strong><\/span><\/h2>\n<div id=\"iconoIzquierda\"><span style=\"color: #000000;\"><img loading=\"lazy\" decoding=\"async\" class=\"alignleft\" title=\"\u0424\u0438\u0437\u0438\u0447\u0435\u0441\u043a\u043e\u0435 \u0441\u043e\u043f\u0440\u043e\u0442\u0438\u0432\u043b\u0435\u043d\u0438\u0435\" src=\"https:\/\/www.topciment.com\/ru\/img\/ikonka-stabilnost-cvet.jpg\" alt=\"\u0424\u0438\u0437\u0438\u0447\u0435\u0441\u043a\u043e\u0435 \u0441\u043e\u043f\u0440\u043e\u0442\u0438\u0432\u043b\u0435\u043d\u0438\u0435\" width=\"161\" height=\"161\"><\/span><\/div>\n<div id=\"leyendaIcono\">\n<p><span style=\"color: #000000;\">The dyes used for colouring micro-cement are of mineral origin, which perform best with respect to the alkalinity, climate and sunlight of the cement. They therefore remain stable without visible changes.<\/span><\/p>\n<p><span style=\"color: #000000;\">Aliphatic sealants are used. Because of their chemical composition, they are hard and highly resistant to UV radiation, so they do not yellow in sunlight.<\/span><\/p>\n<\/div>\n<div id=\"separador50px\">&nbsp;<\/div>\n<h2><span style=\"color: #000000;\">Waterproofing<\/span><\/h2>\n<div id=\"iconoIzquierda\"><span style=\"color: #000000;\"><img loading=\"lazy\" decoding=\"async\" class=\"alignleft\" title=\"\u0424\u0438\u0437\u0438\u0447\u0435\u0441\u043a\u043e\u0435 \u0441\u043e\u043f\u0440\u043e\u0442\u0438\u0432\u043b\u0435\u043d\u0438\u0435\" src=\"https:\/\/www.topciment.com\/ru\/img\/ikonka-nepronitsaemost.jpg\" alt=\"\u0424\u0438\u0437\u0438\u0447\u0435\u0441\u043a\u043e\u0435 \u0441\u043e\u043f\u0440\u043e\u0442\u0438\u0432\u043b\u0435\u043d\u0438\u0435\" width=\"160\" height=\"160\"><\/span><\/div>\n<div id=\"leyendaIcono\">\n<p><span style=\"color: #000000;\">Thanks to the sealants used in our Micro\u0441ement finishing, we enhance its hardness and durability. We get a moisture-resistant surface that is very suitable for bathrooms and showers.<\/span><\/p>\n<\/div>\n<div id=\"separador50px\">&nbsp;<\/div>\n<h2><span style=\"color: #000000;\"><strong>Certificates and tests<\/strong><\/span><\/h2>\n<p><span style=\"color: #000000;\">We are at your service. You can request the certificates and tests you want for our products by filling in the form below:<strong>kivikeskus@gmail.com<\/strong>;<\/span><\/p>\n<\/div>\n<\/div>\t\t\t\t\t\t\t\t<\/div>\n\t\t\t\t\t<\/div>\n\t\t\t\t<\/div>\n\t\t\t\t<\/div>","protected":false},"excerpt":{"rendered":"<p>Meie garantii Meie mikrotsemendid kannavad CE-m\u00e4rgistust. Mis on CE-m\u00e4rgistus? See on Euroopa sertifikaat, mis kinnitab ja tagab rangete testide ja katsete abil, et meie poolt esitatud tootespetsifikaadid vastavad t\u00f5ele. See t\u00e4hendab, et toode vastab selle m\u00fc\u00fcgi ja kasutusotstarbe kvaliteedi- ja ohutusstandarditele. Meie tooted vastavad k\u00f5rgeimatele turun\u00f5uetele. Pakume suurt mehaanilist tugevust, kulumiskindlust, tulekindlust, vastupidavust pragudele, keemiatoodetele [&hellip;]<\/p>\n","protected":false},"author":1,"featured_media":0,"parent":0,"menu_order":0,"comment_status":"closed","ping_status":"closed","template":"","meta":{"footnotes":""},"class_list":["post-7497","page","type-page","status-publish","hentry"],"_links":{"self":[{"href":"https:\/\/ehitusartdesign.ee\/en\/wp-json\/wp\/v2\/pages\/7497","targetHints":{"allow":["GET"]}}],"collection":[{"href":"https:\/\/ehitusartdesign.ee\/en\/wp-json\/wp\/v2\/pages"}],"about":[{"href":"https:\/\/ehitusartdesign.ee\/en\/wp-json\/wp\/v2\/types\/page"}],"author":[{"embeddable":true,"href":"https:\/\/ehitusartdesign.ee\/en\/wp-json\/wp\/v2\/users\/1"}],"replies":[{"embeddable":true,"href":"https:\/\/ehitusartdesign.ee\/en\/wp-json\/wp\/v2\/comments?post=7497"}],"version-history":[{"count":24,"href":"https:\/\/ehitusartdesign.ee\/en\/wp-json\/wp\/v2\/pages\/7497\/revisions"}],"predecessor-version":[{"id":9205,"href":"https:\/\/ehitusartdesign.ee\/en\/wp-json\/wp\/v2\/pages\/7497\/revisions\/9205"}],"wp:attachment":[{"href":"https:\/\/ehitusartdesign.ee\/en\/wp-json\/wp\/v2\/media?parent=7497"}],"curies":[{"name":"wp","href":"https:\/\/api.w.org\/{rel}","templated":true}]}}