{"id":7522,"date":"2024-03-12T03:40:36","date_gmt":"2024-03-12T03:40:36","guid":{"rendered":"https:\/\/www.ehitusartdesign.ee\/?page_id=7522"},"modified":"2026-03-03T11:03:29","modified_gmt":"2026-03-03T11:03:29","slug":"mikrotsemendi-hooldamine","status":"publish","type":"page","link":"https:\/\/ehitusartdesign.ee\/en\/mikrotsemendi-hooldamine\/","title":{"rendered":"Microcement maintenance"},"content":{"rendered":"<div data-elementor-type=\"wp-page\" data-elementor-id=\"7522\" class=\"elementor elementor-7522\" data-elementor-post-type=\"page\">\n\t\t\t\t<div class=\"elementor-element elementor-element-65f44f2 e-flex e-con-boxed e-con e-parent\" data-id=\"65f44f2\" data-element_type=\"container\" data-e-type=\"container\">\n\t\t\t\t\t<div class=\"e-con-inner\">\n\t\t\t\t<div class=\"elementor-element elementor-element-b4e00e8 elementor-widget elementor-widget-text-editor\" data-id=\"b4e00e8\" data-element_type=\"widget\" data-e-type=\"widget\" data-widget_type=\"text-editor.default\">\n\t\t\t\t\t\t\t\t\t<p style=\"text-align: center;\"><img decoding=\"async\" class=\"alignnone size-medium wp-image-7523\" src=\"https:\/\/www.ehitusartdesign.ee\/wp-content\/uploads\/2024\/03\/toplogo-300x50.png\" alt=\"\" width=\"300\" height=\"50\" srcset=\"https:\/\/ehitusartdesign.ee\/wp-content\/uploads\/2024\/03\/toplogo-300x50.png 300w, https:\/\/ehitusartdesign.ee\/wp-content\/uploads\/2024\/03\/toplogo-1024x171.png 1024w, https:\/\/ehitusartdesign.ee\/wp-content\/uploads\/2024\/03\/toplogo-768x128.png 768w, https:\/\/ehitusartdesign.ee\/wp-content\/uploads\/2024\/03\/toplogo-1536x256.png 1536w, https:\/\/ehitusartdesign.ee\/wp-content\/uploads\/2024\/03\/toplogo-18x3.png 18w, https:\/\/ehitusartdesign.ee\/wp-content\/uploads\/2024\/03\/toplogo-1320x220.png 1320w, https:\/\/ehitusartdesign.ee\/wp-content\/uploads\/2024\/03\/toplogo-600x100.png 600w, https:\/\/ehitusartdesign.ee\/wp-content\/uploads\/2024\/03\/toplogo.png 1945w\" sizes=\"(max-width: 300px) 100vw, 300px\" \/><\/p><p style=\"text-align: center;\"><span style=\"color: #000000;\"><strong>How to take care of microcement?<\/strong><\/span><\/p><p class=\"translation-block\"><strong>Initial maintenance<\/strong> \n<br>Microcement reaches its maximum hardness, chemical resistance and water resistance after one month of application. Particular care should be taken during the first two weeks, when the risk of damage is greatest. After two days of application, it is safe to step on the coating and after a week of microcement application, it is safe to walk freely. During the first two weeks, do not cover the coating with anything, including paint or carpet.<\/p><p class=\"translation-block\"><strong>Special care<\/strong> \n<br>Maintenance of microcement flooring is similar to that of natural wood flooring. Although the coating is waterproof, it is important to avoid prolonged contact with moisture, e.g. wet towels (especially if they are spillable), rags, buckets, etc. It is very important that the surface is not exposed to materials such as stones or sand which may scratch the microcement. In order not to damage the coating, friction with hard and heavy objects must be avoided, for example, if it is necessary to move furniture, it should not be dragged but lifted and carefully moved to a new location. If the furniture has sharp or metal legs, we recommend using special white rubber pads. If microcement has been applied to the work surface, never place hot pots and pans directly on the surface, use special supports.<\/p><p class=\"translation-block\"><strong>Cleaning<\/strong> \n<br>For cleaning microcement flooring, we recommend the use of specially formulated cleaning agents: Ecoclean and Ecoclean Pro. Ecoclean is an environmentally friendly concentrated household cleaner that is ideal for cleaning floors. Ecoclean is sold in concentrated form, so it should be diluted with water before use. Attention, microcement coatings can only be cleaned with Ecoclean 2 weeks after Topsealer has been applied. Ecoclean Pro is a professional ecological cleaning agent for cleaning difficult and stubborn stains. Unlike Ecoclean, Ecoclean Pro does not need to be diluted with water. Spray the cleaner evenly over the surface and leave it on for a few minutes. Another alternative for cleaning microcement coatings are soaps with a neutral pH. The use of aggressive cleaning agents is strictly prohibited. \n Microcement cannot be cleaned with products such as chlorine, bleach, ammonia and other detergents that are not PH neutral. Even when cleaning with neutral products, we do not \nrecommend that soap be in contact with microcement for too long. Also, always consider the following factors: the rougher the texture of the microcement, the more anti-slip properties the coating will have, and therefore it will be much more difficult to clean.  We therefore recommend Microdeck for interior applications and Microstone for exterior applications.<\/p><p><span style=\"color: #000000;\"><strong>Periodic care<\/strong> <\/span><br \/><span style=\"color: #000000;\">We recommend treating your microcement flooring from time to time with Ceraciment special acrylic wax, which not only nourishes and strengthens the flooring, but also creates a special, slightly shiny protective layer. For professional use, e.g. to protect floor coverings in high traffic areas, we recommend Ceraciment PRO. Ceraciment PRO is very resistant to abrasion and gives the coating a light metallic shine.  If you have not yet purchased Ceraciment PRO, a wax created especially for Topciment coatings, you can also use any other acrylic-based wax.<\/span><\/p>\t\t\t\t\t\t\t\t<\/div>\n\t\t\t\t\t<\/div>\n\t\t\t\t<\/div>\n\t\t<div class=\"elementor-element elementor-element-cc604a5 e-flex e-con-boxed e-con e-parent\" data-id=\"cc604a5\" data-element_type=\"container\" data-e-type=\"container\">\n\t\t\t\t\t<div class=\"e-con-inner\">\n\t\t\t\t\t<\/div>\n\t\t\t\t<\/div>\n\t\t\t\t<\/div>","protected":false},"excerpt":{"rendered":"<p>Kuidas hooldada mikrotsementi? Esialgne hooldus Mikrotsement saavutab oma maksimaalse k\u00f5vaduse, keemilise vastupidavuse ja veekindluse \u00fche kuu m\u00f6\u00f6dudes p\u00e4rast pealekandmist. Eriti hoolikalt tuleb k\u00e4ituda esimese kahe n\u00e4dala jooksul, sest siis on kahjustuste oht k\u00f5ige suurem. Kahe p\u00e4eva p\u00e4rast pealekandmist v\u00f5ib kattele astuda ja n\u00e4dala p\u00e4rast v\u00f5ib mikrotsemendi pealekandmist vabalt k\u00f5ndida. Esimese kahe n\u00e4dala jooksul ei tohi [&hellip;]<\/p>\n","protected":false},"author":1,"featured_media":0,"parent":0,"menu_order":0,"comment_status":"closed","ping_status":"closed","template":"elementor_header_footer","meta":{"footnotes":""},"class_list":["post-7522","page","type-page","status-publish","hentry"],"_links":{"self":[{"href":"https:\/\/ehitusartdesign.ee\/en\/wp-json\/wp\/v2\/pages\/7522","targetHints":{"allow":["GET"]}}],"collection":[{"href":"https:\/\/ehitusartdesign.ee\/en\/wp-json\/wp\/v2\/pages"}],"about":[{"href":"https:\/\/ehitusartdesign.ee\/en\/wp-json\/wp\/v2\/types\/page"}],"author":[{"embeddable":true,"href":"https:\/\/ehitusartdesign.ee\/en\/wp-json\/wp\/v2\/users\/1"}],"replies":[{"embeddable":true,"href":"https:\/\/ehitusartdesign.ee\/en\/wp-json\/wp\/v2\/comments?post=7522"}],"version-history":[{"count":24,"href":"https:\/\/ehitusartdesign.ee\/en\/wp-json\/wp\/v2\/pages\/7522\/revisions"}],"predecessor-version":[{"id":9208,"href":"https:\/\/ehitusartdesign.ee\/en\/wp-json\/wp\/v2\/pages\/7522\/revisions\/9208"}],"wp:attachment":[{"href":"https:\/\/ehitusartdesign.ee\/en\/wp-json\/wp\/v2\/media?parent=7522"}],"curies":[{"name":"wp","href":"https:\/\/api.w.org\/{rel}","templated":true}]}}