{"id":4873,"date":"2020-05-13T10:37:03","date_gmt":"2020-05-13T10:37:03","guid":{"rendered":"https:\/\/ead.0608bogura.com\/?page_id=4873"},"modified":"2026-03-03T09:12:50","modified_gmt":"2026-03-03T09:12:50","slug":"meie-meeskond","status":"publish","type":"page","link":"https:\/\/ehitusartdesign.ee\/ru\/meie-meeskond\/","title":{"rendered":"\u041d\u0430\u0448\u0430 \u043a\u043e\u043c\u0430\u043d\u0434\u0430"},"content":{"rendered":"\t\t<div data-elementor-type=\"wp-page\" data-elementor-id=\"4873\" class=\"elementor elementor-4873\" data-elementor-post-type=\"page\">\n\t\t\t\t\t\t<section class=\"elementor-section elementor-top-section elementor-element elementor-element-cf75947 elementor-section-content-middle elementor-section-boxed elementor-section-height-default elementor-section-height-default\" data-id=\"cf75947\" data-element_type=\"section\" data-e-type=\"section\">\n\t\t\t\t\t\t<div class=\"elementor-container elementor-column-gap-extended\">\n\t\t\t\t\t<div class=\"elementor-column elementor-col-50 elementor-top-column elementor-element elementor-element-91877a2 ot-flex-column-vertical\" data-id=\"91877a2\" data-element_type=\"column\" data-e-type=\"column\">\n\t\t\t<div class=\"elementor-widget-wrap elementor-element-populated\">\n\t\t\t\t\t\t<div class=\"elementor-element elementor-element-a0991bf elementor-widget elementor-widget-iheading\" data-id=\"a0991bf\" data-element_type=\"widget\" data-e-type=\"widget\" data-widget_type=\"iheading.default\">\n\t\t\t\t<div class=\"elementor-widget-container\">\n\t\t\t\t\t\t\t<div class=\"ot-heading \">\r\n\t        <span>[ meie oskused ]<\/span>\t        <h2 class=\"main-heading\"> K\u00f5rgelt kvalifitseeritud meeskond<\/h2>\t    <\/div>\r\n\t    \t\t\t\t<\/div>\n\t\t\t\t<\/div>\n\t\t\t\t<div class=\"elementor-element elementor-element-9a34455 elementor-widget elementor-widget-text-editor\" data-id=\"9a34455\" data-element_type=\"widget\" data-e-type=\"widget\" data-widget_type=\"text-editor.default\">\n\t\t\t\t\t\t\t\t\t<p data-start=\"0\" data-end=\"84\">Meie meeskonnas on ainult sertifitseeritud spetsialistid.<\/p>\t\t\t\t\t\t\t\t<\/div>\n\t\t\t\t<div class=\"elementor-element elementor-element-28e9325 elementor-widget elementor-widget-text-editor\" data-id=\"28e9325\" data-element_type=\"widget\" data-e-type=\"widget\" data-widget_type=\"text-editor.default\">\n\t\t\t\t\t\t\t\t\t<p><span style=\"color: #000000;\"><strong>T\u00f6\u00f6de nimekiri, mida me pakume:<\/strong><\/span><\/p>\t\t\t\t\t\t\t\t<\/div>\n\t\t\t\t<div class=\"elementor-element elementor-element-b9b99b0 elementor-widget elementor-widget-iprogress\" data-id=\"b9b99b0\" data-element_type=\"widget\" data-e-type=\"widget\" data-widget_type=\"iprogress.default\">\n\t\t\t\t<div class=\"elementor-widget-container\">\n\t\t\t\t\t\r\n\t\t\t\t<div class=\"ot-progress\" data-percent=\"100\">\r\n\t\t\t<div class=\"overflow\">\r\n\t        \t<span class=\"pname f-left\">MAALRIT\u00d6\u00d6D<\/span>\t        <\/div>\r\n\t        <div class=\"iprogress\">\r\n\t\t\t\t<div class=\"progress-bar\">\r\n\t\t\t\t\t<span class=\"ppercent\"><\/span>\t\t\t\t<\/div>\r\n\t\t\t<\/div>\r\n\t    <\/div>\r\n\t\t\t\t\t\t<\/div>\n\t\t\t\t<\/div>\n\t\t\t\t<div class=\"elementor-element elementor-element-2f60761 elementor-widget elementor-widget-iprogress\" data-id=\"2f60761\" data-element_type=\"widget\" data-e-type=\"widget\" data-widget_type=\"iprogress.default\">\n\t\t\t\t<div class=\"elementor-widget-container\">\n\t\t\t\t\t\r\n\t\t\t\t<div class=\"ot-progress\" data-percent=\"100\">\r\n\t\t\t<div class=\"overflow\">\r\n\t        \t<span class=\"pname f-left\">KIPSIT\u00d6\u00d6D<\/span>\t        <\/div>\r\n\t        <div class=\"iprogress\">\r\n\t\t\t\t<div class=\"progress-bar\">\r\n\t\t\t\t\t<span class=\"ppercent\"><\/span>\t\t\t\t<\/div>\r\n\t\t\t<\/div>\r\n\t    <\/div>\r\n\t\t\t\t\t\t<\/div>\n\t\t\t\t<\/div>\n\t\t\t\t<div class=\"elementor-element elementor-element-6ad057f elementor-widget elementor-widget-iprogress\" data-id=\"6ad057f\" data-element_type=\"widget\" data-e-type=\"widget\" data-widget_type=\"iprogress.default\">\n\t\t\t\t<div class=\"elementor-widget-container\">\n\t\t\t\t\t\r\n\t\t\t\t<div class=\"ot-progress\" data-percent=\"100\">\r\n\t\t\t<div class=\"overflow\">\r\n\t        \t<span class=\"pname f-left\">DEKORATIIVT\u00d6\u00d6D<\/span>\t        <\/div>\r\n\t        <div class=\"iprogress\">\r\n\t\t\t\t<div class=\"progress-bar\">\r\n\t\t\t\t\t<span class=\"ppercent\"><\/span>\t\t\t\t<\/div>\r\n\t\t\t<\/div>\r\n\t    <\/div>\r\n\t\t\t\t\t\t<\/div>\n\t\t\t\t<\/div>\n\t\t\t\t<div class=\"elementor-element elementor-element-8595db0 elementor-widget__width-initial elementor-widget elementor-widget-iprogress\" data-id=\"8595db0\" data-element_type=\"widget\" data-e-type=\"widget\" data-widget_type=\"iprogress.default\">\n\t\t\t\t<div class=\"elementor-widget-container\">\n\t\t\t\t\t\r\n\t\t\t\t<div class=\"ot-progress\" data-percent=\"100\">\r\n\t\t\t<div class=\"overflow\">\r\n\t        \t<span class=\"pname f-left\">PLAATIMIST\u00d6\u00d6D<\/span>\t        <\/div>\r\n\t        <div class=\"iprogress\">\r\n\t\t\t\t<div class=\"progress-bar\">\r\n\t\t\t\t\t<span class=\"ppercent\"><\/span>\t\t\t\t<\/div>\r\n\t\t\t<\/div>\r\n\t    <\/div>\r\n\t\t\t\t\t\t<\/div>\n\t\t\t\t<\/div>\n\t\t\t\t<div class=\"elementor-element elementor-element-55fd198 elementor-widget__width-initial elementor-widget elementor-widget-iprogress\" data-id=\"55fd198\" data-element_type=\"widget\" data-e-type=\"widget\" data-widget_type=\"iprogress.default\">\n\t\t\t\t<div class=\"elementor-widget-container\">\n\t\t\t\t\t\r\n\t\t\t\t<div class=\"ot-progress\" data-percent=\"100\">\r\n\t\t\t<div class=\"overflow\">\r\n\t        \t<span class=\"pname f-left\">ELEKTRIT\u00d6\u00d6D<\/span>\t        <\/div>\r\n\t        <div class=\"iprogress\">\r\n\t\t\t\t<div class=\"progress-bar\">\r\n\t\t\t\t\t<span class=\"ppercent\"><\/span>\t\t\t\t<\/div>\r\n\t\t\t<\/div>\r\n\t    <\/div>\r\n\t\t\t\t\t\t<\/div>\n\t\t\t\t<\/div>\n\t\t\t\t<div class=\"elementor-element elementor-element-72ae43b elementor-widget__width-initial elementor-widget elementor-widget-iprogress\" data-id=\"72ae43b\" data-element_type=\"widget\" data-e-type=\"widget\" data-widget_type=\"iprogress.default\">\n\t\t\t\t<div class=\"elementor-widget-container\">\n\t\t\t\t\t\r\n\t\t\t\t<div class=\"ot-progress\" data-percent=\"100\">\r\n\t\t\t<div class=\"overflow\">\r\n\t        \t<span class=\"pname f-left\">Santehnilised t\u00f6\u00f6d<\/span>\t        <\/div>\r\n\t        <div class=\"iprogress\">\r\n\t\t\t\t<div class=\"progress-bar\">\r\n\t\t\t\t\t<span class=\"ppercent\"><\/span>\t\t\t\t<\/div>\r\n\t\t\t<\/div>\r\n\t    <\/div>\r\n\t\t\t\t\t\t<\/div>\n\t\t\t\t<\/div>\n\t\t\t\t<div class=\"elementor-element elementor-element-cd9dfe1 elementor-widget elementor-widget-iprogress\" data-id=\"cd9dfe1\" data-element_type=\"widget\" data-e-type=\"widget\" data-widget_type=\"iprogress.default\">\n\t\t\t\t<div class=\"elementor-widget-container\">\n\t\t\t\t\t\r\n\t\t\t\t<div class=\"ot-progress\" data-percent=\"100\">\r\n\t\t\t<div class=\"overflow\">\r\n\t        \t<span class=\"pname f-left\">disaini interj\u00f6\u00f6r<\/span>\t        <\/div>\r\n\t        <div class=\"iprogress\">\r\n\t\t\t\t<div class=\"progress-bar\">\r\n\t\t\t\t\t<span class=\"ppercent\"><\/span>\t\t\t\t<\/div>\r\n\t\t\t<\/div>\r\n\t    <\/div>\r\n\t\t\t\t\t\t<\/div>\n\t\t\t\t<\/div>\n\t\t\t\t\t<\/div>\n\t\t<\/div>\n\t\t\t\t<div class=\"elementor-column elementor-col-50 elementor-top-column elementor-element elementor-element-d4cf892 ot-flex-column-vertical\" data-id=\"d4cf892\" data-element_type=\"column\" data-e-type=\"column\">\n\t\t\t<div class=\"elementor-widget-wrap elementor-element-populated\">\n\t\t\t\t\t\t<div class=\"elementor-element elementor-element-1f77334 elementor-widget elementor-widget-image\" data-id=\"1f77334\" data-element_type=\"widget\" data-e-type=\"widget\" data-widget_type=\"image.default\">\n\t\t\t\t\t\t\t\t\t\t\t\t\t\t\t<img fetchpriority=\"high\" decoding=\"async\" width=\"744\" height=\"615\" src=\"https:\/\/ehitusartdesign.ee\/wp-content\/uploads\/2020\/05\/image1-team.png\" class=\"attachment-full size-full wp-image-2307\" alt=\"\" srcset=\"https:\/\/ehitusartdesign.ee\/wp-content\/uploads\/2020\/05\/image1-team.png 744w, https:\/\/ehitusartdesign.ee\/wp-content\/uploads\/2020\/05\/image1-team-600x496.png 600w, https:\/\/ehitusartdesign.ee\/wp-content\/uploads\/2020\/05\/image1-team-300x248.png 300w\" sizes=\"(max-width: 744px) 100vw, 744px\" \/>\t\t\t\t\t\t\t\t\t\t\t\t\t\t\t<\/div>\n\t\t\t\t\t<\/div>\n\t\t<\/div>\n\t\t\t\t\t<\/div>\n\t\t<\/section>\n\t\t<div class=\"elementor-element elementor-element-579642f e-flex e-con-boxed e-con e-parent\" data-id=\"579642f\" data-element_type=\"container\" data-e-type=\"container\">\n\t\t\t\t\t<div class=\"e-con-inner\">\n\t\t\t\t<div class=\"elementor-element elementor-element-d56c1a3 elementor-widget elementor-widget-spacer\" data-id=\"d56c1a3\" data-element_type=\"widget\" data-e-type=\"widget\" data-widget_type=\"spacer.default\">\n\t\t\t\t\t\t\t<div class=\"elementor-spacer\">\n\t\t\t<div class=\"elementor-spacer-inner\"><\/div>\n\t\t<\/div>\n\t\t\t\t\t\t<\/div>\n\t\t\t\t\t<\/div>\n\t\t\t\t<\/div>\n\t\t\t\t<\/div>\n\t\t","protected":false},"excerpt":{"rendered":"<p>[ meie oskused ] K\u00f5rgelt kvalifitseeritud meeskond Meie meeskonnas on ainult sertifitseeritud spetsialistid. T\u00f6\u00f6de nimekiri, mida me pakume: MAALRIT\u00d6\u00d6D KIPSIT\u00d6\u00d6D DEKORATIIVT\u00d6\u00d6D PLAATIMIST\u00d6\u00d6D ELEKTRIT\u00d6\u00d6D Santehnilised t\u00f6\u00f6d disaini interj\u00f6\u00f6r<\/p>\n","protected":false},"author":1,"featured_media":0,"parent":0,"menu_order":14,"comment_status":"closed","ping_status":"closed","template":"","meta":{"footnotes":""},"class_list":["post-4873","page","type-page","status-publish","hentry"],"_links":{"self":[{"href":"https:\/\/ehitusartdesign.ee\/ru\/wp-json\/wp\/v2\/pages\/4873","targetHints":{"allow":["GET"]}}],"collection":[{"href":"https:\/\/ehitusartdesign.ee\/ru\/wp-json\/wp\/v2\/pages"}],"about":[{"href":"https:\/\/ehitusartdesign.ee\/ru\/wp-json\/wp\/v2\/types\/page"}],"author":[{"embeddable":true,"href":"https:\/\/ehitusartdesign.ee\/ru\/wp-json\/wp\/v2\/users\/1"}],"replies":[{"embeddable":true,"href":"https:\/\/ehitusartdesign.ee\/ru\/wp-json\/wp\/v2\/comments?post=4873"}],"version-history":[{"count":18,"href":"https:\/\/ehitusartdesign.ee\/ru\/wp-json\/wp\/v2\/pages\/4873\/revisions"}],"predecessor-version":[{"id":9168,"href":"https:\/\/ehitusartdesign.ee\/ru\/wp-json\/wp\/v2\/pages\/4873\/revisions\/9168"}],"wp:attachment":[{"href":"https:\/\/ehitusartdesign.ee\/ru\/wp-json\/wp\/v2\/media?parent=4873"}],"curies":[{"name":"wp","href":"https:\/\/api.w.org\/{rel}","templated":true}]}}