{"id":5946,"date":"2020-07-07T04:14:44","date_gmt":"2020-07-07T04:14:44","guid":{"rendered":"https:\/\/ead.0608bogura.com\/?page_id=5946"},"modified":"2025-11-13T11:35:06","modified_gmt":"2025-11-13T11:35:06","slug":"blogi-ruudustik","status":"publish","type":"page","link":"https:\/\/ehitusartdesign.ee\/ru\/blogi-ruudustik\/","title":{"rendered":"\u0411\u043b\u043e\u0433 \u0434\u0438\u0437\u0430\u0439\u043d\u0435\u0440\u0430"},"content":{"rendered":"<div data-elementor-type=\"wp-page\" data-elementor-id=\"5946\" class=\"elementor elementor-5946\" data-elementor-post-type=\"page\">\n\t\t\t\t\t\t<section class=\"elementor-section elementor-top-section elementor-element elementor-element-3d510d1 elementor-section-boxed elementor-section-height-default elementor-section-height-default\" data-id=\"3d510d1\" data-element_type=\"section\" data-e-type=\"section\">\n\t\t\t\t\t\t<div class=\"elementor-container elementor-column-gap-default\">\n\t\t\t\t\t<div class=\"elementor-column elementor-col-100 elementor-top-column elementor-element elementor-element-a53f8c2 ot-flex-column-vertical\" data-id=\"a53f8c2\" data-element_type=\"column\" data-e-type=\"column\">\n\t\t\t<div class=\"elementor-widget-wrap elementor-element-populated\">\n\t\t\t\t\t\t<div class=\"elementor-element elementor-element-705f2bd elementor-widget elementor-widget-ipost_grid\" data-id=\"705f2bd\" data-element_type=\"widget\" data-e-type=\"widget\" data-widget_type=\"ipost_grid.default\">\n\t\t\t\t<div class=\"elementor-widget-container\">\n\t\t\t\t\t\t\t<div class=\"blog-grid pf_3_cols v-light\">\r\n        \t \r\n<article id=\"post-9075\" class=\"post-box masonry-post-item post-9075 post type-post status-publish format-standard hentry category-decor\">\r\n\t<div class=\"post-inner\">\r\n\t    \t\t\t\r\n\t\t\t<div class=\"entry-media\">\r\n\t        \t<div class=\"post-cat\"><div class=\"posted-in\"><a href=\"https:\/\/ehitusartdesign.ee\/ru\/category\/decor\/\" rel=\"category tag\">\u0414\u0435\u043a\u043e\u0440<\/a><\/div><\/div>\t        <\/div>\r\n\r\n\t    \r\n\t    <div class=\"inner-post\">\r\n\t        <div class=\"entry-header\">\r\n\r\n\t            \t            <div class=\"entry-meta\">\r\n\t            \t<span class=\"posted-on\"><a href=\"https:\/\/ehitusartdesign.ee\/ru\/dekoratiivsed-varvid-ja-krohvid-tekstuurid-mis-muudavad-interjoori-luksuslikuks\/\" rel=\"bookmark\"><time class=\"entry-date published\" datetime=\"2025-11-21T08:03:19+00:00\">21 \u043d\u043e\u044f\u0431\u0440\u044f, 2025<\/time><\/a><\/span>\t            <\/div><!-- .entry-meta -->\r\n\t            \r\n\t            <h4 class=\"entry-title\"><a class=\"title-link\" href=\"https:\/\/ehitusartdesign.ee\/ru\/dekoratiivsed-varvid-ja-krohvid-tekstuurid-mis-muudavad-interjoori-luksuslikuks\/\" rel=\"bookmark\">\u0414\u0415\u041a\u041e\u0420\u0410\u0422\u0418\u0412\u041d\u042b\u0415 \u041a\u0420\u0410\u0421\u041a\u0418 \u0418 \u0428\u0422\u0423\u041a\u0410\u0422\u0423\u0420\u041a\u0418: \u0422\u0415\u041a\u0421\u0422\u0423\u0420\u042b, \u041a\u041e\u0422\u041e\u0420\u042b\u0415 \u0414\u0415\u041b\u0410\u042e\u0422 \u0418\u041d\u0422\u0415\u0420\u042c\u0415\u0420 \u0420\u041e\u0421\u041a\u041e\u0428\u041d\u042b\u041c<\/a><\/h4>\r\n\t        <\/div><!-- .entry-header -->\r\n\r\n\t        <div class=\"entry-summary the-excerpt\">\r\n\r\n\t            <p>\u0414\u0435\u043a\u043e\u0440\u0430\u0442\u0438\u0432\u043d\u044b\u0435 \u043e\u0442\u0434\u0435\u043b\u043a\u0438 \u2014 \u043e\u0434\u0438\u043d \u0438\u0437 \u043a\u0440\u0443\u043f\u043d\u0435\u0439\u0448\u0438\u0445 \u0442\u0440\u0435\u043d\u0434\u043e\u0432 \u0432 \u0434\u0438\u0437\u0430\u0439\u043d\u0435 \u0438\u043d\u0442\u0435\u0440\u044c\u0435\u0440\u043e\u0432 2025 \u0433\u043e\u0434\u0430. \u041e\u043d\u0438 \u0441\u043e\u0437\u0434\u0430\u044e\u0442 \u0433\u043b\u0443\u0431\u0438\u043d\u0443, \u0445\u0430\u0440\u0430\u043a\u0442\u0435\u0440 \u0438 \u044d\u043b\u0435\u0433\u0430\u043d\u0442\u043d\u043e\u0441\u0442\u044c \u043f\u0440\u043e\u0441\u0442\u0440\u0430\u043d\u0441\u0442\u0432\u0430 \u2014 \u043a\u0430\u0436\u0434\u0430\u044f \u043f\u043e\u0432\u0435\u0440\u0445\u043d\u043e\u0441\u0442\u044c \u0441\u0442\u0430\u043d\u043e\u0432\u0438\u0442\u0441\u044f \u0443\u043d\u0438\u043a\u0430\u043b\u044c\u043d\u043e\u0439 \u0438 \u0432\u044b\u0433\u043b\u044f\u0434\u0438\u0442 \u0442\u0430\u043a, \u0441\u043b\u043e\u0432\u043d\u043e \u0438\u043d\u0442\u0435\u0440\u044c\u0435\u0440 \u0441\u043e\u0437\u0434\u0430\u043d \u043f\u0440\u043e\u0444\u0435\u0441\u0441\u0438\u043e\u043d\u0430\u043b\u044c\u043d\u044b\u043c \u0434\u0438\u0437\u0430\u0439\u043d\u0435\u0440\u043e\u043c...<\/p>\n\r\n\t        <\/div><!-- .entry-content -->\r\n\t        <div class=\"entry-footer\">\r\n\t        \t<a href=\"https:\/\/ehitusartdesign.ee\/ru\/dekoratiivsed-varvid-ja-krohvid-tekstuurid-mis-muudavad-interjoori-luksuslikuks\/\" class=\"btn-details\"> \u041f\u041e\u0414\u0420\u041e\u0411\u041d\u0415\u0415<\/a>\t        <\/div>\r\n\t    <\/div>\r\n\t<\/div>\r\n<\/article> \r\n<article id=\"post-9068\" class=\"post-box masonry-post-item post-9068 post type-post status-publish format-standard hentry category-design\">\r\n\t<div class=\"post-inner\">\r\n\t    \t\t\t\r\n\t\t\t<div class=\"entry-media\">\r\n\t        \t<div class=\"post-cat\"><div class=\"posted-in\"><a href=\"https:\/\/ehitusartdesign.ee\/ru\/category\/design\/\" rel=\"category tag\">Design<\/a><\/div><\/div>\t        <\/div>\r\n\r\n\t    \r\n\t    <div class=\"inner-post\">\r\n\t        <div class=\"entry-header\">\r\n\r\n\t            \t            <div class=\"entry-meta\">\r\n\t            \t<span class=\"posted-on\"><a href=\"https:\/\/ehitusartdesign.ee\/ru\/kui-palju-maksab-kapitaalremont-tallinnas\/\" rel=\"bookmark\"><time class=\"entry-date published\" datetime=\"2025-11-21T07:49:48+00:00\">21 \u043d\u043e\u044f\u0431\u0440\u044f, 2025<\/time><\/a><\/span>\t            <\/div><!-- .entry-meta -->\r\n\t            \r\n\t            <h4 class=\"entry-title\"><a class=\"title-link\" href=\"https:\/\/ehitusartdesign.ee\/ru\/kui-palju-maksab-kapitaalremont-tallinnas\/\" rel=\"bookmark\">\u0421\u041a\u041e\u041b\u042c\u041a\u041e \u0421\u0422\u041e\u0418\u0422 \u041a\u0410\u041f\u0418\u0422\u0410\u041b\u042c\u041d\u042b\u0419 \u0420\u0415\u041c\u041e\u041d\u0422 \u0412 \u0422\u0410\u041b\u041b\u0418\u041d\u041d\u0415?<\/a><\/h4>\r\n\t        <\/div><!-- .entry-header -->\r\n\r\n\t        <div class=\"entry-summary the-excerpt\">\r\n\r\n\t            <p>\u041a\u0430\u043f\u0438\u0442\u0430\u043b\u044c\u043d\u044b\u0439 \u0440\u0435\u043c\u043e\u043d\u0442 \u2014 \u044d\u0442\u043e \u043a\u043e\u043c\u043f\u043b\u0435\u043a\u0441\u043d\u043e\u0435 \u0438 \u043e\u0441\u043d\u043e\u0432\u0430\u0442\u0435\u043b\u044c\u043d\u043e\u0435 \u0440\u0435\u0448\u0435\u043d\u0438\u0435, \u043a\u043e\u0442\u043e\u0440\u043e\u0435 \u0434\u0435\u043b\u0430\u0435\u0442 \u0432\u0430\u0448 \u0434\u043e\u043c \u0441\u043e\u0432\u0440\u0435\u043c\u0435\u043d\u043d\u044b\u043c, \u043a\u043e\u043c\u0444\u043e\u0440\u0442\u043d\u044b\u043c \u0438 \u044d\u043d\u0435\u0440\u0433\u043e\u044d\u0444\u0444\u0435\u043a\u0442\u0438\u0432\u043d\u044b\u043c...<\/p>\n\r\n\t        <\/div><!-- .entry-content -->\r\n\t        <div class=\"entry-footer\">\r\n\t        \t<a href=\"https:\/\/ehitusartdesign.ee\/ru\/kui-palju-maksab-kapitaalremont-tallinnas\/\" class=\"btn-details\"> \u041f\u041e\u0414\u0420\u041e\u0411\u041d\u0415\u0415<\/a>\t        <\/div>\r\n\t    <\/div>\r\n\t<\/div>\r\n<\/article> \r\n<article id=\"post-9024\" class=\"post-box masonry-post-item post-9024 post type-post status-publish format-standard hentry category-decor\">\r\n\t<div class=\"post-inner\">\r\n\t    \t\t\t\r\n\t\t\t<div class=\"entry-media\">\r\n\t        \t<div class=\"post-cat\"><div class=\"posted-in\"><a href=\"https:\/\/ehitusartdesign.ee\/ru\/category\/decor\/\" rel=\"category tag\">\u0414\u0435\u043a\u043e\u0440<\/a><\/div><\/div>\t        <\/div>\r\n\r\n\t    \r\n\t    <div class=\"inner-post\">\r\n\t        <div class=\"entry-header\">\r\n\r\n\t            \t            <div class=\"entry-meta\">\r\n\t            \t<span class=\"posted-on\"><a href=\"https:\/\/ehitusartdesign.ee\/ru\/mikrotsement-post\/\" rel=\"bookmark\"><time class=\"entry-date published\" datetime=\"2025-11-13T09:53:22+00:00\">13 \u043d\u043e\u044f\u0431\u0440\u044f, 2025<\/time><\/a><\/span>\t            <\/div><!-- .entry-meta -->\r\n\t            \r\n\t            <h4 class=\"entry-title\"><a class=\"title-link\" href=\"https:\/\/ehitusartdesign.ee\/ru\/mikrotsement-post\/\" rel=\"bookmark\">\u041c\u0418\u041a\u0420\u041e\u0426\u0415\u041c\u0415\u041d\u0422 \u0412 \u0418\u041d\u0422\u0415\u0420\u042c\u0415\u0420\u0415: \u041f\u041e\u0427\u0415\u041c\u0423 \u042d\u0422\u041e \u041b\u0423\u0427\u0428\u0415\u0415 \u0420\u0415\u0428\u0415\u041d\u0418\u0415 \u0414\u041b\u042f \u0412\u0410\u0428\u0415\u0413\u041e \u0414\u041e\u041c\u0410 \u0412 2025 \u0413\u041e\u0414\u0423<\/a><\/h4>\r\n\t        <\/div><!-- .entry-header -->\r\n\r\n\t        <div class=\"entry-summary the-excerpt\">\r\n\r\n\t            <p>\u041c\u0438\u043a\u0440\u043e\u0446\u0435\u043c\u0435\u043d\u0442 \u0432 \u043f\u043e\u0441\u043b\u0435\u0434\u043d\u0438\u0435 \u0433\u043e\u0434\u044b \u0441\u0442\u0430\u043b \u043e\u0434\u043d\u0438\u043c \u0438\u0437 \u0441\u0430\u043c\u044b\u0445 \u043f\u043e\u043f\u0443\u043b\u044f\u0440\u043d\u044b\u0445 \u0441\u043e\u0432\u0440\u0435\u043c\u0435\u043d\u043d\u044b\u0445 \u043e\u0442\u0434\u0435\u043b\u043e\u0447\u043d\u044b\u0445 \u043c\u0430\u0442\u0435\u0440\u0438\u0430\u043b\u043e\u0432. \u0415\u0433\u043e \u0438\u0441\u043f\u043e\u043b\u044c\u0437\u0443\u044e\u0442 \u043a\u0430\u043a \u0432 \u043a\u0432\u0430\u0440\u0442\u0438\u0440\u0430\u0445, \u0447\u0430\u0441\u0442\u043d\u044b\u0445 \u0434\u043e\u043c\u0430\u0445 \u0438 \u043b\u043e\u0444\u0442\u0430\u0445, \u0442\u0430\u043a \u0438 \u0432 \u043a\u043e\u043c\u043c\u0435\u0440\u0447\u0435\u0441\u043a\u0438\u0445 \u043f\u043e\u043c\u0435\u0449\u0435\u043d\u0438\u044f\u0445...<\/p>\n\r\n\t        <\/div><!-- .entry-content -->\r\n\t        <div class=\"entry-footer\">\r\n\t        \t<a href=\"https:\/\/ehitusartdesign.ee\/ru\/mikrotsement-post\/\" class=\"btn-details\"> \u041f\u041e\u0414\u0420\u041e\u0411\u041d\u0415\u0415<\/a>\t        <\/div>\r\n\t    <\/div>\r\n\t<\/div>\r\n<\/article> \r\n<article id=\"post-34\" class=\"post-box masonry-post-item post-34 post type-post status-publish format-video hentry category-design tag-architecture tag-building tag-trends post_format-post-format-video\">\r\n\t<div class=\"post-inner\">\r\n\t    \r\n\t    \t\t\t\t<div class=\"entry-media post-cat-abs\">\r\n\t\t\t    \t\t\t    \t<div class=\"video-popup\">\r\n\t\t\t\t    \t<a class=\"btn-play\" href=\"https:\/\/vimeo.com\/34741214\">\r\n\t\t\t\t\t\t\t<i class=\"ot-flaticon-play-button\"><\/i>\r\n\t\t\t\t\t\t<\/a> \r\n\t\t\t\t\t<\/div>\r\n\t\t\t        \t\t\t            <img fetchpriority=\"high\" decoding=\"async\" src=\"https:\/\/ehitusartdesign.ee\/wp-content\/uploads\/2019\/11\/post5.jpg\" alt=\"\" width=\"790\" height=\"510\">\r\n\t\t\t                        \r\n\t\t\t    \t\t\t\t<div class=\"post-cat\"><div class=\"posted-in\"><a href=\"https:\/\/ehitusartdesign.ee\/ru\/category\/design\/\" rel=\"category tag\">Design<\/a><\/div><\/div>\t\t\t<\/div>\r\n\r\n\t    \r\n\t    <div class=\"inner-post\">\r\n\t        <div class=\"entry-header\">\r\n\r\n\t            \t            <div class=\"entry-meta\">\r\n\t            \t<span class=\"posted-on\"><a href=\"https:\/\/ehitusartdesign.ee\/ru\/architecture-is-not-based-on-concrete-and-steel\/\" rel=\"bookmark\"><time class=\"entry-date published\" datetime=\"2025-10-14T15:38:33+00:00\">14 \u043e\u043a\u0442\u044f\u0431\u0440\u044f, 2025<\/time><\/a><\/span>\t            <\/div><!-- .entry-meta -->\r\n\t            \r\n\t            <h4 class=\"entry-title\"><a class=\"title-link\" href=\"https:\/\/ehitusartdesign.ee\/ru\/architecture-is-not-based-on-concrete-and-steel\/\" rel=\"bookmark\">\u0418\u0414\u0415\u0418 \u0414\u0418\u0417\u0410\u0419\u041d\u0410 \u0414\u041b\u042f \u0421\u041f\u0410\u041b\u042c\u041d\u0418<\/a><\/h4>\r\n\t        <\/div><!-- .entry-header -->\r\n\r\n\t        <div class=\"entry-summary the-excerpt\">\r\n\r\n\t            <p>\u0421\u0443\u0449\u0435\u0441\u0442\u0432\u0443\u0435\u0442 \u043c\u043d\u043e\u0436\u0435\u0441\u0442\u0432\u043e \u0440\u0430\u0437\u043b\u0438\u0447\u043d\u044b\u0445 \u0438\u0434\u0435\u0439 \u0434\u043b\u044f \u0434\u0438\u0437\u0430\u0439\u043d\u0430 \u0441\u043f\u0430\u043b\u044c\u043d\u0438. \u0412\u043e\u0442 5 \u0441\u0430\u043c\u044b\u0445 \u043f\u043e\u043f\u0443\u043b\u044f\u0440\u043d\u044b\u0445 \u0441\u0440\u0435\u0434\u0438 \u043d\u0430\u0448\u0438\u0445 \u043a\u043b\u0438\u0435\u043d\u0442\u043e\u0432...<\/p>\n\r\n\t        <\/div><!-- .entry-content -->\r\n\t        <div class=\"entry-footer\">\r\n\t        \t<a href=\"https:\/\/ehitusartdesign.ee\/ru\/architecture-is-not-based-on-concrete-and-steel\/\" class=\"btn-details\"> \u041f\u041e\u0414\u0420\u041e\u0411\u041d\u0415\u0415<\/a>\t        <\/div>\r\n\t    <\/div>\r\n\t<\/div>\r\n<\/article> \r\n<article id=\"post-78\" class=\"post-box masonry-post-item post-78 post type-post status-publish format-gallery hentry category-design post_format-post-format-gallery\">\r\n\t<div class=\"post-inner\">\r\n\t    \t\t\t\r\n\t\t\t\t\t\t<div class=\"entry-media post-cat-abs\">\r\n\t\t\t\t\t\t\t\t\t<div class=\"gallery-post-slider-swiper img-slider swiper-container\" >\r\n\t\t\t\t\t\t<div class=\"swiper-wrapper\"> \r\n\t\t                \t\t\r\n\t                    \t\t<div class=\"swiper-slide\">\r\n\t\t                    \t\t<img decoding=\"async\" src=\"https:\/\/ehitusartdesign.ee\/wp-content\/uploads\/2020\/03\/post3.1.jpg\" alt=\"\" width=\"790\" height=\"510\">\r\n\t                \t\t\t<\/div>\r\n\t                \t\t\t\r\n\t                    \t\t<div class=\"swiper-slide\">\r\n\t\t                    \t\t<img decoding=\"async\" src=\"https:\/\/ehitusartdesign.ee\/wp-content\/uploads\/2020\/03\/post3.2.jpg\" alt=\"\" width=\"790\" height=\"510\">\r\n\t                \t\t\t<\/div>\r\n\t                \t\t\t\r\n\t                    \t\t<div class=\"swiper-slide\">\r\n\t\t                    \t\t<img loading=\"lazy\" decoding=\"async\" src=\"https:\/\/ehitusartdesign.ee\/wp-content\/uploads\/2020\/03\/post3.3.jpg\" alt=\"\" width=\"790\" height=\"510\">\r\n\t                \t\t\t<\/div>\r\n\t                \t\t    \r\n                \t\t<\/div>\r\n                \t\t<!-- Add Arrows -->\r\n\t    \t\t\t\t<div class=\"octf-swiper-button-next\"><i class=\"ot-flaticon-right-arrow\"><\/i><\/div>\r\n\t    \t\t\t\t<div class=\"octf-swiper-button-prev\"><i class=\"ot-flaticon-left-arrow\"><\/i><\/div>\r\n            \t\t<\/div> \r\n\t            \t\t        <div class=\"post-cat\"><div class=\"posted-in\"><a href=\"https:\/\/ehitusartdesign.ee\/ru\/category\/design\/\" rel=\"category tag\">Design<\/a><\/div><\/div>\t\t\t<\/div>\t\t\t\r\n\r\n\t    \r\n\t    <div class=\"inner-post\">\r\n\t        <div class=\"entry-header\">\r\n\r\n\t            \t            <div class=\"entry-meta\">\r\n\t            \t<span class=\"posted-on\"><a href=\"https:\/\/ehitusartdesign.ee\/ru\/architecture-is-not-based-on-concrete-and-steel-3\/\" rel=\"bookmark\"><time class=\"entry-date published\" datetime=\"2024-03-19T10:16:38+00:00\">19 \u043c\u0430\u0440\u0442\u0430, 2024<\/time><\/a><\/span>\t            <\/div><!-- .entry-meta -->\r\n\t            \r\n\t            <h4 class=\"entry-title\"><a class=\"title-link\" href=\"https:\/\/ehitusartdesign.ee\/ru\/architecture-is-not-based-on-concrete-and-steel-3\/\" rel=\"bookmark\">\u0418\u0414\u0415\u0418 \u0414\u041b\u042f \u0418\u041d\u0422\u0415\u0420\u042c\u0415\u0420\u0410 \u0412\u0410\u0428\u0415\u0419 \u0412\u0410\u041d\u041d\u041e\u0419 \u041a\u041e\u041c\u041d\u0410\u0422\u042b<\/a><\/h4>\r\n\t        <\/div><!-- .entry-header -->\r\n\r\n\t        <div class=\"entry-summary the-excerpt\">\r\n\r\n\t            <p>\u041a \u0434\u0438\u0437\u0430\u0439\u043d\u0443 \u0432\u0430\u043d\u043d\u043e\u0439 \u043a\u043e\u043c\u043d\u0430\u0442\u044b \u0438\u043b\u0438 \u0441\u043e\u0432\u043c\u0435\u0449\u0451\u043d\u043d\u043e\u0433\u043e \u0441\u0430\u043d\u0443\u0437\u043b\u0430 \u043f\u0440\u0435\u0434\u044a\u044f\u0432\u043b\u044f\u044e\u0442\u0441\u044f \u043f\u043e\u0432\u044b\u0448\u0435\u043d\u043d\u044b\u0435 \u0442\u0440\u0435\u0431\u043e\u0432\u0430\u043d\u0438\u044f. \u0418\u043d\u0442\u0435\u0440\u044c\u0435\u0440 \u0442\u0430\u043a\u0438\u0445 \u043f\u043e\u043c\u0435\u0449\u0435\u043d\u0438\u0439 \u0434\u043e\u043b\u0436\u0435\u043d \u0431\u044b\u0442\u044c \u043d\u0435 \u0442\u043e\u043b\u044c\u043a\u043e \u044d\u0441\u0442\u0435\u0442\u0438\u0447\u043d\u044b\u043c, \u043d\u043e \u0438 \u0444\u0443\u043d\u043a\u0446\u0438\u043e\u043d\u0430\u043b\u044c\u043d\u044b\u043c...<\/p>\n\r\n\t        <\/div><!-- .entry-content -->\r\n\t        <div class=\"entry-footer\">\r\n\t        \t<a href=\"https:\/\/ehitusartdesign.ee\/ru\/architecture-is-not-based-on-concrete-and-steel-3\/\" class=\"btn-details\"> \u041f\u041e\u0414\u0420\u041e\u0411\u041d\u0415\u0415<\/a>\t        <\/div>\r\n\t    <\/div>\r\n\t<\/div>\r\n<\/article>\t    <\/div>\r\n\t    \t    \r\n\t\t\t\t\t\t<\/div>\n\t\t\t\t<\/div>\n\t\t\t\t\t<\/div>\n\t\t<\/div>\n\t\t\t\t\t<\/div>\n\t\t<\/section>\n\t\t\t\t<\/div>","protected":false},"excerpt":{"rendered":"<p>Design 13 \u043d\u043e\u044f\u0431\u0440\u044f, 2025 Mikrotsement Mikrotsement on t\u00e4nap\u00e4eval \u00fcks populaarsemaid viimistlusmaterjale&#8230;. LOE VEEL Design 14 \u043e\u043a\u0442\u044f\u0431\u0440\u044f, 2025 Disaini ideed magamistubadele Magamistoa disainiks on palju erinevaid ideid. Pakume teile 5 ideed, mis on meie klientide seas k\u00f5ige populaarsemad&#8230;. LOE VEEL Interior 19 \u043c\u0430\u0440\u0442\u0430, 2024 Ideed teie vannitoa interj\u00f6\u00f6ri jaoks Vannitoa v\u00f5i kombineeritud tualettruumi sisekujundusele esitatakse k\u00f5rgendatud [&hellip;]<\/p>\n","protected":false},"author":1,"featured_media":0,"parent":0,"menu_order":33,"comment_status":"closed","ping_status":"closed","template":"","meta":{"footnotes":""},"class_list":["post-5946","page","type-page","status-publish","hentry"],"_links":{"self":[{"href":"https:\/\/ehitusartdesign.ee\/ru\/wp-json\/wp\/v2\/pages\/5946","targetHints":{"allow":["GET"]}}],"collection":[{"href":"https:\/\/ehitusartdesign.ee\/ru\/wp-json\/wp\/v2\/pages"}],"about":[{"href":"https:\/\/ehitusartdesign.ee\/ru\/wp-json\/wp\/v2\/types\/page"}],"author":[{"embeddable":true,"href":"https:\/\/ehitusartdesign.ee\/ru\/wp-json\/wp\/v2\/users\/1"}],"replies":[{"embeddable":true,"href":"https:\/\/ehitusartdesign.ee\/ru\/wp-json\/wp\/v2\/comments?post=5946"}],"version-history":[{"count":33,"href":"https:\/\/ehitusartdesign.ee\/ru\/wp-json\/wp\/v2\/pages\/5946\/revisions"}],"predecessor-version":[{"id":9058,"href":"https:\/\/ehitusartdesign.ee\/ru\/wp-json\/wp\/v2\/pages\/5946\/revisions\/9058"}],"wp:attachment":[{"href":"https:\/\/ehitusartdesign.ee\/ru\/wp-json\/wp\/v2\/media?parent=5946"}],"curies":[{"name":"wp","href":"https:\/\/api.w.org\/{rel}","templated":true}]}}