{"id":5981,"date":"2020-05-15T11:08:03","date_gmt":"2020-05-15T11:08:03","guid":{"rendered":"https:\/\/ead.0608bogura.com\/?page_id=5981"},"modified":"2026-03-02T08:38:31","modified_gmt":"2026-03-02T08:38:31","slug":"ettevalmistustood","status":"publish","type":"page","link":"https:\/\/ehitusartdesign.ee\/ru\/meie-teenused\/ettevalmistustood\/","title":{"rendered":"\u041f\u043e\u0434\u0433\u043e\u0442\u043e\u0432\u0438\u0442\u0435\u043b\u044c\u043d\u044b\u0435 \u0440\u0430\u0431\u043e\u0442\u044b"},"content":{"rendered":"\t\t<div data-elementor-type=\"wp-page\" data-elementor-id=\"5981\" class=\"elementor elementor-5981\" data-elementor-post-type=\"page\">\n\t\t\t\t\t\t<section class=\"elementor-section elementor-top-section elementor-element elementor-element-23f84cc elementor-section-boxed elementor-section-height-default elementor-section-height-default\" data-id=\"23f84cc\" data-element_type=\"section\" data-e-type=\"section\">\n\t\t\t\t\t\t<div class=\"elementor-container elementor-column-gap-extended\">\n\t\t\t\t\t<div class=\"elementor-column elementor-col-50 elementor-top-column elementor-element elementor-element-a4f435d ot-flex-column-vertical\" data-id=\"a4f435d\" data-element_type=\"column\" data-e-type=\"column\">\n\t\t\t<div class=\"elementor-widget-wrap elementor-element-populated\">\n\t\t\t\t\t\t\t<\/div>\n\t\t<\/div>\n\t\t\t\t<div class=\"elementor-column elementor-col-50 elementor-top-column elementor-element elementor-element-e58c18f ot-flex-column-vertical\" data-id=\"e58c18f\" data-element_type=\"column\" data-e-type=\"column\">\n\t\t\t<div class=\"elementor-widget-wrap elementor-element-populated\">\n\t\t\t\t\t\t<div class=\"elementor-element elementor-element-deb5a60 elementor-widget elementor-widget-iheading\" data-id=\"deb5a60\" data-element_type=\"widget\" data-e-type=\"widget\" data-widget_type=\"iheading.default\">\n\t\t\t\t<div class=\"elementor-widget-container\">\n\t\t\t\t\t\t\t<div class=\"ot-heading \">\r\n\t        <span>[ mida me pakume ]<\/span>\t        <h2 class=\"main-heading\">ETTEVALMISTUST\u00d6\u00d6D <\/h2>\t    <\/div>\r\n\t    \t\t\t\t<\/div>\n\t\t\t\t<\/div>\n\t\t\t\t<div class=\"elementor-element elementor-element-a582f33 elementor-widget elementor-widget-text-editor\" data-id=\"a582f33\" data-element_type=\"widget\" data-e-type=\"widget\" data-widget_type=\"text-editor.default\">\n\t\t\t\t\t\t\t\t\t<h6><span style=\"color: #000000;\"><strong>Objekti professionaalne ettevalmistus kapitaalremondiks<\/strong><\/span><\/h6><p data-start=\"252\" data-end=\"541\"><span style=\"color: #000000;\">Kvaliteetne kapitaalremont algab korrektsest ettevalmistusest. Valesti teostatud lammutust\u00f6\u00f6d v\u00f5i puudulik aluspinna ettevalmistus v\u00f5ivad m\u00f5jutada kogu edasist ehitusprotsessi.<\/span><br data-start=\"428\" data-end=\"431\" \/><span style=\"color: #000000;\"><strong data-start=\"431\" data-end=\"455\">Ehitus Art Design O\u00dc<\/strong> pakub terviklikke ettevalmistust\u00f6id, luues kindla aluse edasisteks viimistlust\u00f6\u00f6deks.<\/span><\/p><hr data-start=\"543\" data-end=\"546\" \/><p data-start=\"565\" data-end=\"616\"><span style=\"color: #000000;\"><strong>Lammust\u00f6\u00f6d<\/strong><\/span><br \/><span style=\"color: #000000;\">Teostame lammutust\u00f6id ohutult ja professionaalselt:<\/span><br \/><span style=\"color: #000000;\">\u2022 Vaheseinte ja konstruktsioonide lammutamine<\/span><br data-start=\"663\" data-end=\"666\" \/><span style=\"color: #000000;\">\u2022 Lagede ja vanade konstruktsioonide eemaldamine<\/span><br data-start=\"714\" data-end=\"717\" \/><span style=\"color: #000000;\">\u2022 P\u00f5randakatete demonteerimine (laminaat, parkett, plaat, PVC)<\/span><br data-start=\"779\" data-end=\"782\" \/><span style=\"color: #000000;\">\u2022 Vana sanitaartehnika eemaldamine<\/span><br data-start=\"816\" data-end=\"819\" \/><span style=\"color: #000000;\">\u2022 Uste ja lengide demonteerimine<\/span><br data-start=\"851\" data-end=\"854\" \/><span style=\"color: #000000;\">\u2022 Sisseehitatud m\u00f6\u00f6bli eemaldamine<\/span><\/p><p data-start=\"892\" data-end=\"966\"><span style=\"color: #000000;\">K\u00f5ik t\u00f6\u00f6d tehakse vastavalt ohutusn\u00f5uetele ja kehtivatele ehitusnormidele.<\/span><br \/><br \/><span style=\"color: #000000;\"><strong>Vanade viimistlusmaterjalide eemaldamine<\/strong><\/span><br \/><span style=\"color: #000000;\">Enne uue viimistluse alustamist on oluline eemaldada k\u00f5ik vanad ja n\u00f5rgad kihid:<\/span><br \/><span style=\"color: #000000;\">\u2022 Tapeedi eemaldamine<\/span><br data-start=\"1121\" data-end=\"1124\" \/><span style=\"color: #000000;\">\u2022 Vana v\u00e4rvi eemaldamine<\/span><br data-start=\"1148\" data-end=\"1151\" \/><span style=\"color: #000000;\">\u2022 Plaatide eemaldamine<\/span><br data-start=\"1173\" data-end=\"1176\" \/><span style=\"color: #000000;\">\u2022 Sein\u00adte ja lagede puhastamine<\/span><br data-start=\"1207\" data-end=\"1210\" \/><span style=\"color: #000000;\">\u2022 Aluspinna ettevalmistamine edasiseks t\u00f6\u00f6ks<\/span><\/p><p data-start=\"1258\" data-end=\"1326\"><span style=\"color: #000000;\">See aitab v\u00e4ltida pragunemist ja viimistluse hilisemat kahjustumist.<\/span><br \/><br \/><span style=\"color: #000000;\"><strong>Ehitusj\u00e4\u00e4tmete \u00e4ravedu ja utiliseerimine<\/strong><\/span><br \/><span style=\"color: #000000;\">Pakume t\u00e4isteenust ehitusj\u00e4\u00e4tmetega tegelemisel:<\/span><br \/><span style=\"color: #000000;\">\u2022 J\u00e4\u00e4tmete sorteerimine<\/span><br data-start=\"1451\" data-end=\"1454\" \/><span style=\"color: #000000;\">\u2022 Pr\u00fcgi v\u00e4ljavedu<\/span><br data-start=\"1471\" data-end=\"1474\" \/><span style=\"color: #000000;\">\u2022 Vajadusel konteineri tellimine<\/span><br data-start=\"1506\" data-end=\"1509\" \/><span style=\"color: #000000;\">\u2022 J\u00e4\u00e4tmete seaduslik utiliseerimine<\/span><\/p><p data-start=\"1548\" data-end=\"1581\"><span style=\"color: #000000;\">Objekt j\u00e4\u00e4b puhtaks ja t\u00f6\u00f6valmis.<\/span><br \/><br \/><span style=\"color: #000000;\"><strong>Aluspindade ettevalmistus<\/strong><\/span><br \/><span style=\"color: #000000;\">P\u00e4rast lammutust\u00f6id valmistame pinnad ette j\u00e4rgmisteks etappideks:<\/span><br \/><span style=\"color: #000000;\">\u2022 Aluspindade puhastamine<\/span><br data-start=\"1711\" data-end=\"1714\" \/><span style=\"color: #000000;\">\u2022 Kruntimine<\/span><br data-start=\"1726\" data-end=\"1729\" \/><span style=\"color: #000000;\">\u2022 Vajadusel osaline tasandamine<\/span><br data-start=\"1760\" data-end=\"1763\" \/><span style=\"color: #000000;\">\u2022 Konstruktsioonide seisukorra kontroll<\/span><\/p><p data-start=\"1806\" data-end=\"1875\"><span style=\"color: #000000;\">Korralik ettevalmistus tagab vastupidava ja kvaliteetse l\u00f5pptulemuse.<\/span><\/p>\t\t\t\t\t\t\t\t<\/div>\n\t\t\t\t<div class=\"elementor-element elementor-element-bd92218 elementor-widget elementor-widget-theratio-image-carousel\" data-id=\"bd92218\" data-element_type=\"widget\" data-e-type=\"widget\" data-widget_type=\"theratio-image-carousel.default\">\n\t\t\t\t<div class=\"elementor-widget-container\">\n\t\t\t\t\t\r\n\t\t<div class=\"image-carousel swiper swiper-container\" data-slider_options=\"{&quot;slides_show_desktop&quot;:2,&quot;slides_show_tablet&quot;:2,&quot;slides_show_mobile&quot;:2,&quot;slides_scroll_desktop&quot;:1,&quot;slides_scroll_tablet&quot;:1,&quot;slides_scroll_mobile&quot;:1,&quot;margin_desktop&quot;:30,&quot;margin_tablet&quot;:30,&quot;margin_mobile&quot;:30,&quot;arrows&quot;:true,&quot;dots&quot;:false}\"  >\t\t\t\r\n\t\t\t<div class=\"swiper-wrapper\">\r\n\t\t        <div class=\"swiper-slide\"><div class=\"img-item\"><figure><img decoding=\"async\" src=\"https:\/\/ehitusartdesign.ee\/wp-content\/uploads\/2026\/03\/doposle.png\" alt=\"\"><\/figure><\/div><\/div>\t\t    <\/div>\r\n\r\n\t\t\t\t\t\t\t\t\t<!-- Add Arrows -->\r\n\t\t\t<div class=\"octf-swiper-button-next\"><i class=\"ot-flaticon-right-arrow\"><\/i><\/div>\r\n\t\t\t<div class=\"octf-swiper-button-prev\"><i class=\"ot-flaticon-left-arrow\"><\/i><\/div>\r\n\t\t\t\t    <\/div>\r\n\t\t\t\t\t\t<\/div>\n\t\t\t\t<\/div>\n\t\t\t\t\t<\/div>\n\t\t<\/div>\n\t\t\t\t\t<\/div>\n\t\t<\/section>\n\t\t\t\t<\/div>\n\t\t","protected":false},"excerpt":{"rendered":"<p>[ mida me pakume ] ETTEVALMISTUST\u00d6\u00d6D Objekti professionaalne ettevalmistus kapitaalremondiks Kvaliteetne kapitaalremont algab korrektsest ettevalmistusest. Valesti teostatud lammutust\u00f6\u00f6d v\u00f5i puudulik aluspinna ettevalmistus v\u00f5ivad m\u00f5jutada kogu edasist ehitusprotsessi.Ehitus Art Design O\u00dc pakub terviklikke ettevalmistust\u00f6id, luues kindla aluse edasisteks viimistlust\u00f6\u00f6deks. Lammust\u00f6\u00f6dTeostame lammutust\u00f6id ohutult ja professionaalselt:\u2022 Vaheseinte ja konstruktsioonide lammutamine\u2022 Lagede ja vanade konstruktsioonide eemaldamine\u2022 P\u00f5randakatete demonteerimine (laminaat, [&hellip;]<\/p>\n","protected":false},"author":1,"featured_media":0,"parent":4750,"menu_order":21,"comment_status":"closed","ping_status":"closed","template":"","meta":{"footnotes":""},"class_list":["post-5981","page","type-page","status-publish","hentry"],"_links":{"self":[{"href":"https:\/\/ehitusartdesign.ee\/ru\/wp-json\/wp\/v2\/pages\/5981","targetHints":{"allow":["GET"]}}],"collection":[{"href":"https:\/\/ehitusartdesign.ee\/ru\/wp-json\/wp\/v2\/pages"}],"about":[{"href":"https:\/\/ehitusartdesign.ee\/ru\/wp-json\/wp\/v2\/types\/page"}],"author":[{"embeddable":true,"href":"https:\/\/ehitusartdesign.ee\/ru\/wp-json\/wp\/v2\/users\/1"}],"replies":[{"embeddable":true,"href":"https:\/\/ehitusartdesign.ee\/ru\/wp-json\/wp\/v2\/comments?post=5981"}],"version-history":[{"count":10,"href":"https:\/\/ehitusartdesign.ee\/ru\/wp-json\/wp\/v2\/pages\/5981\/revisions"}],"predecessor-version":[{"id":9133,"href":"https:\/\/ehitusartdesign.ee\/ru\/wp-json\/wp\/v2\/pages\/5981\/revisions\/9133"}],"up":[{"embeddable":true,"href":"https:\/\/ehitusartdesign.ee\/ru\/wp-json\/wp\/v2\/pages\/4750"}],"wp:attachment":[{"href":"https:\/\/ehitusartdesign.ee\/ru\/wp-json\/wp\/v2\/media?parent=5981"}],"curies":[{"name":"wp","href":"https:\/\/api.w.org\/{rel}","templated":true}]}}