{"id":6003,"date":"2020-05-15T04:45:19","date_gmt":"2020-05-15T04:45:19","guid":{"rendered":"https:\/\/ead.0608bogura.com\/?page_id=6003"},"modified":"2026-03-03T09:56:19","modified_gmt":"2026-03-03T09:56:19","slug":"disain-ja-planeerimine","status":"publish","type":"page","link":"https:\/\/ehitusartdesign.ee\/ru\/meie-teenused\/disain-ja-planeerimine\/","title":{"rendered":"\u041f\u0440\u043e\u0435\u043a\u0442\u0438\u0440\u043e\u0432\u0430\u043d\u0438\u0435 \u0418 \u041f\u043b\u0430\u043d\u0438\u0440\u043e\u0432\u0430\u043d\u0438\u0435"},"content":{"rendered":"\t\t<div data-elementor-type=\"wp-page\" data-elementor-id=\"6003\" class=\"elementor elementor-6003\" data-elementor-post-type=\"page\">\n\t\t\t\t\t\t<section class=\"elementor-section elementor-top-section elementor-element elementor-element-8807e2c elementor-section-boxed elementor-section-height-default elementor-section-height-default\" data-id=\"8807e2c\" data-element_type=\"section\" data-e-type=\"section\">\n\t\t\t\t\t\t<div class=\"elementor-container elementor-column-gap-extended\">\n\t\t\t\t\t<div class=\"elementor-column elementor-col-50 elementor-top-column elementor-element elementor-element-1633759 ot-flex-column-vertical\" data-id=\"1633759\" data-element_type=\"column\" data-e-type=\"column\">\n\t\t\t<div class=\"elementor-widget-wrap elementor-element-populated\">\n\t\t\t\t\t\t\t<\/div>\n\t\t<\/div>\n\t\t\t\t<div class=\"elementor-column elementor-col-50 elementor-top-column elementor-element elementor-element-5716d59 ot-flex-column-vertical\" data-id=\"5716d59\" data-element_type=\"column\" data-e-type=\"column\">\n\t\t\t<div class=\"elementor-widget-wrap elementor-element-populated\">\n\t\t\t\t\t\t<div class=\"elementor-element elementor-element-3719cf2 elementor-widget elementor-widget-iheading\" data-id=\"3719cf2\" data-element_type=\"widget\" data-e-type=\"widget\" data-widget_type=\"iheading.default\">\n\t\t\t\t<div class=\"elementor-widget-container\">\n\t\t\t\t\t\t\t<div class=\"ot-heading \">\r\n\t        <span>[ mida me pakume ]<\/span>\t        <h2 class=\"main-heading\">Individuaalne sisekujundus<\/h2>\t    <\/div>\r\n\t    \t\t\t\t<\/div>\n\t\t\t\t<\/div>\n\t\t\t\t<div class=\"elementor-element elementor-element-e145324 elementor-widget elementor-widget-text-editor\" data-id=\"e145324\" data-element_type=\"widget\" data-e-type=\"widget\" data-widget_type=\"text-editor.default\">\n\t\t\t\t\t\t\t\t\t<p data-start=\"201\" data-end=\"356\"><span style=\"color: #000000;\">Loome ainulaadseid ja l\u00e4bim\u00f5eldud interj\u00f6\u00f6re, mis peegeldavad kliendi isikup\u00e4ra ning vastavad t\u00e4nap\u00e4evastele funktsionaalsuse ja esteetika standarditele.<\/span><br \/><span style=\"color: #000000;\">Individuaalne sisekujundus ei t\u00e4henda ainult kaunist tulemust \u2014 see on terviklik protsess, kus \u00fchendame disaini, tehnilised lahendused ja materjalide teadliku valiku.<\/span><\/p>\t\t\t\t\t\t\t\t<\/div>\n\t\t\t\t<div class=\"elementor-element elementor-element-182f751 elementor-widget elementor-widget-theratio-image-carousel\" data-id=\"182f751\" data-element_type=\"widget\" data-e-type=\"widget\" data-widget_type=\"theratio-image-carousel.default\">\n\t\t\t\t<div class=\"elementor-widget-container\">\n\t\t\t\t\t\r\n\t\t<div class=\"image-carousel swiper swiper-container\" data-slider_options=\"{&quot;slides_show_desktop&quot;:2,&quot;slides_show_tablet&quot;:2,&quot;slides_show_mobile&quot;:2,&quot;slides_scroll_desktop&quot;:1,&quot;slides_scroll_tablet&quot;:1,&quot;slides_scroll_mobile&quot;:1,&quot;margin_desktop&quot;:30,&quot;margin_tablet&quot;:30,&quot;margin_mobile&quot;:30,&quot;arrows&quot;:true,&quot;dots&quot;:false}\"  >\t\t\t\r\n\t\t\t<div class=\"swiper-wrapper\">\r\n\t\t        <div class=\"swiper-slide\"><div class=\"img-item\"><figure><img decoding=\"async\" src=\"https:\/\/ehitusartdesign.ee\/wp-content\/uploads\/2020\/05\/service-silder1.jpg\" alt=\"\"><\/figure><\/div><\/div><div class=\"swiper-slide\"><div class=\"img-item\"><figure><img decoding=\"async\" src=\"https:\/\/ehitusartdesign.ee\/wp-content\/uploads\/2020\/05\/service-silder2.jpg\" alt=\"\"><\/figure><\/div><\/div>\t\t    <\/div>\r\n\r\n\t\t\t\t\t\t\t\t\t<!-- Add Arrows -->\r\n\t\t\t<div class=\"octf-swiper-button-next\"><i class=\"ot-flaticon-right-arrow\"><\/i><\/div>\r\n\t\t\t<div class=\"octf-swiper-button-prev\"><i class=\"ot-flaticon-left-arrow\"><\/i><\/div>\r\n\t\t\t\t    <\/div>\r\n\t\t\t\t\t\t<\/div>\n\t\t\t\t<\/div>\n\t\t\t\t<div class=\"elementor-element elementor-element-4fc6566 elementor-widget elementor-widget-text-editor\" data-id=\"4fc6566\" data-element_type=\"widget\" data-e-type=\"widget\" data-widget_type=\"text-editor.default\">\n\t\t\t\t\t\t\t\t\t<p data-start=\"547\" data-end=\"590\"><span style=\"color: #000000;\"><strong>Meie l\u00e4henemine<\/strong><\/span><br \/><span style=\"color: #000000;\">Iga projekt algab p\u00f5hjalikust anal\u00fc\u00fcsist:<\/span><\/p><ul data-start=\"591\" data-end=\"680\"><li data-section-id=\"1fil15v\" data-start=\"591\" data-end=\"624\"><p data-start=\"593\" data-end=\"624\"><span style=\"color: #000000;\">kliendi vajadused ja elustiil<\/span><\/p><\/li><li data-section-id=\"3wmz5q\" data-start=\"625\" data-end=\"657\"><p data-start=\"627\" data-end=\"657\"><span style=\"color: #000000;\">ruumi funktsioon ja erip\u00e4rad<\/span><\/p><\/li><li data-section-id=\"1n1868q\" data-start=\"658\" data-end=\"680\"><p data-start=\"660\" data-end=\"680\"><span style=\"color: #000000;\">eelarve ja ajaraam<\/span><\/p><\/li><\/ul><p data-start=\"682\" data-end=\"803\"><span style=\"color: #000000;\">Seej\u00e4rel t\u00f6\u00f6tame v\u00e4lja kontseptsiooni, mis p\u00f5hineb tasakaalul minimalismi, praktilisuse ja kliendi individuaalsuse vahel.<\/span><\/p><p><span style=\"color: #000000;\"><strong>Mida teenus sisaldab<\/strong><\/span><\/p><ul data-start=\"831\" data-end=\"1079\"><li data-section-id=\"1ej231a\" data-start=\"831\" data-end=\"881\"><p data-start=\"833\" data-end=\"881\"><span style=\"color: #000000;\">Ruumi planeering ja funktsionaalsed lahendused<\/span><\/p><\/li><li data-section-id=\"ar9n04\" data-start=\"882\" data-end=\"919\"><p data-start=\"884\" data-end=\"919\"><span style=\"color: #000000;\">Materjalide ja viimistluste valik<\/span><\/p><\/li><li data-section-id=\"da6bzn\" data-start=\"920\" data-end=\"953\"><p data-start=\"922\" data-end=\"953\"><span style=\"color: #000000;\">V\u00e4rvilahendused ja tekstuurid<\/span><\/p><\/li><li data-section-id=\"14kx5nx\" data-start=\"954\" data-end=\"977\"><p data-start=\"956\" data-end=\"977\"><span style=\"color: #000000;\">Valgustuslahendused<\/span><\/p><\/li><li data-section-id=\"1uy9vrz\" data-start=\"978\" data-end=\"1001\"><p data-start=\"980\" data-end=\"1001\"><span style=\"color: #000000;\">3D-visualiseeringud<\/span><\/p><\/li><li data-section-id=\"1l0p87y\" data-start=\"1002\" data-end=\"1046\"><p data-start=\"1004\" data-end=\"1046\"><span style=\"color: #000000;\">T\u00f6\u00f6joonised ja tehniline dokumentatsioon<\/span><\/p><\/li><li data-section-id=\"2lg4z7\" data-start=\"1047\" data-end=\"1079\"><p data-start=\"1049\" data-end=\"1079\"><span style=\"color: #000000;\">Vajadusel autori j\u00e4relevalve<br \/><\/span><\/p><p data-start=\"1103\" data-end=\"1286\"><span style=\"color: #000000;\"><strong>Miks valida meid<\/strong><\/span><br \/><span style=\"color: #000000;\">Meie meeskond \u00fchendab loovuse ja praktilise ehituskogemuse. See v\u00f5imaldab luua disainilahendusi, mis ei ole ainult visuaalselt kaunid, vaid ka reaalselt teostatavad ning vastupidavad.<\/span><br \/><span style=\"color: #000000;\">Meie eesm\u00e4rk on luua ruum, mis pakub igap\u00e4evaselt mugavust, harmooniat ja esteetilist naudingut.<\/span><\/p><\/li><\/ul>\t\t\t\t\t\t\t\t<\/div>\n\t\t\t\t<div class=\"elementor-element elementor-element-325c8a2 elementor-widget elementor-widget-image\" data-id=\"325c8a2\" data-element_type=\"widget\" data-e-type=\"widget\" data-widget_type=\"image.default\">\n\t\t\t\t\t\t\t\t\t\t\t\t\t\t\t<img fetchpriority=\"high\" decoding=\"async\" width=\"870\" height=\"520\" src=\"https:\/\/ehitusartdesign.ee\/wp-content\/uploads\/2020\/05\/image1-service1.jpg\" class=\"attachment-full size-full wp-image-2521\" alt=\"\" srcset=\"https:\/\/ehitusartdesign.ee\/wp-content\/uploads\/2020\/05\/image1-service1.jpg 870w, https:\/\/ehitusartdesign.ee\/wp-content\/uploads\/2020\/05\/image1-service1-600x359.jpg 600w, https:\/\/ehitusartdesign.ee\/wp-content\/uploads\/2020\/05\/image1-service1-300x179.jpg 300w, https:\/\/ehitusartdesign.ee\/wp-content\/uploads\/2020\/05\/image1-service1-768x459.jpg 768w\" sizes=\"(max-width: 870px) 100vw, 870px\" \/>\t\t\t\t\t\t\t\t\t\t\t\t\t\t\t<\/div>\n\t\t\t\t<section class=\"elementor-section elementor-inner-section elementor-element elementor-element-b5154b0 elementor-section-full_width elementor-section-height-default elementor-section-height-default\" data-id=\"b5154b0\" data-element_type=\"section\" data-e-type=\"section\">\n\t\t\t\t\t\t<div class=\"elementor-container elementor-column-gap-default\">\n\t\t\t\t\t<div class=\"elementor-column elementor-col-33 elementor-inner-column elementor-element elementor-element-2b7e91a ot-flex-column-vertical\" data-id=\"2b7e91a\" data-element_type=\"column\" data-e-type=\"column\">\n\t\t\t<div class=\"elementor-widget-wrap elementor-element-populated\">\n\t\t\t\t\t\t<div class=\"elementor-element elementor-element-15410ec elementor-widget elementor-widget-iprogress\" data-id=\"15410ec\" data-element_type=\"widget\" data-e-type=\"widget\" data-widget_type=\"iprogress.default\">\n\t\t\t\t<div class=\"elementor-widget-container\">\n\t\t\t\t\t\r\n\t\t\t\t<div class=\"circle-progress tbottom\" data-color=\"#939393\" data-height=\"2\" data-size=\"165\">\r\n\t\t\t<div class=\"inner-bar\" data-percent=\"100\">\r\n\t\t\t\t<span>\r\n\t\t\t\t\t<span class=\"percent\">100<\/span>\t\t\t\t<\/span>\r\n\t\t\t<\/div>\r\n\t\t\t<h4>3D modelleerimine<\/h4>\t\t<\/div>\r\n\t\t\r\n\t    \t\t\t\t<\/div>\n\t\t\t\t<\/div>\n\t\t\t\t<div class=\"elementor-element elementor-element-52071fc elementor-widget elementor-widget-text-editor\" data-id=\"52071fc\" data-element_type=\"widget\" data-e-type=\"widget\" data-widget_type=\"text-editor.default\">\n\t\t\t\t\t\t\t\t\t<p>Stuudio pakub t\u00e4ielikku spektrit<br \/>interj\u00f6\u00f6ri 3D modelleerimise teenused<\/p>\t\t\t\t\t\t\t\t<\/div>\n\t\t\t\t\t<\/div>\n\t\t<\/div>\n\t\t\t\t<div class=\"elementor-column elementor-col-33 elementor-inner-column elementor-element elementor-element-a3c5134 ot-flex-column-vertical\" data-id=\"a3c5134\" data-element_type=\"column\" data-e-type=\"column\">\n\t\t\t<div class=\"elementor-widget-wrap elementor-element-populated\">\n\t\t\t\t\t\t<div class=\"elementor-element elementor-element-cefabb0 elementor-widget elementor-widget-iprogress\" data-id=\"cefabb0\" data-element_type=\"widget\" data-e-type=\"widget\" data-widget_type=\"iprogress.default\">\n\t\t\t\t<div class=\"elementor-widget-container\">\n\t\t\t\t\t\r\n\t\t\t\t<div class=\"circle-progress tbottom\" data-color=\"#939393\" data-height=\"2\" data-size=\"165\">\r\n\t\t\t<div class=\"inner-bar\" data-percent=\"100\">\r\n\t\t\t\t<span>\r\n\t\t\t\t\t<span class=\"percent\">100<\/span>\t\t\t\t<\/span>\r\n\t\t\t<\/div>\r\n\t\t\t<h4>RUUMIDE M\u00d5\u00d5TMINE<\/h4>\t\t<\/div>\r\n\t\t\r\n\t    \t\t\t\t<\/div>\n\t\t\t\t<\/div>\n\t\t\t\t<div class=\"elementor-element elementor-element-ecb96cb elementor-widget elementor-widget-text-editor\" data-id=\"ecb96cb\" data-element_type=\"widget\" data-e-type=\"widget\" data-widget_type=\"text-editor.default\">\n\t\t\t\t\t\t\t\t\t<p>Ideaalse disaini loomine<br \/>projekti t\u00e4psete andmetega<\/p>\t\t\t\t\t\t\t\t<\/div>\n\t\t\t\t\t<\/div>\n\t\t<\/div>\n\t\t\t\t<div class=\"elementor-column elementor-col-33 elementor-inner-column elementor-element elementor-element-d5363c9 ot-flex-column-vertical\" data-id=\"d5363c9\" data-element_type=\"column\" data-e-type=\"column\">\n\t\t\t<div class=\"elementor-widget-wrap elementor-element-populated\">\n\t\t\t\t\t\t<div class=\"elementor-element elementor-element-72cd847 elementor-widget elementor-widget-iprogress\" data-id=\"72cd847\" data-element_type=\"widget\" data-e-type=\"widget\" data-widget_type=\"iprogress.default\">\n\t\t\t\t<div class=\"elementor-widget-container\">\n\t\t\t\t\t\r\n\t\t\t\t<div class=\"circle-progress tbottom\" data-color=\"#939393\" data-height=\"2\" data-size=\"165\">\r\n\t\t\t<div class=\"inner-bar\" data-percent=\"100\">\r\n\t\t\t\t<span>\r\n\t\t\t\t\t<span class=\"percent\">100<\/span>\t\t\t\t<\/span>\r\n\t\t\t<\/div>\r\n\t\t\t<h4>2D planeerimine<\/h4>\t\t<\/div>\r\n\t\t\r\n\t    \t\t\t\t<\/div>\n\t\t\t\t<\/div>\n\t\t\t\t<div class=\"elementor-element elementor-element-979521e elementor-widget elementor-widget-text-editor\" data-id=\"979521e\" data-element_type=\"widget\" data-e-type=\"widget\" data-widget_type=\"text-editor.default\">\n\t\t\t\t\t\t\t\t\t<p>Meie ettev\u00f5te\u00a0 pakub <br \/>2D planeerimist<br \/>suurep\u00e4rase visualiseerimise jaoks<\/p>\t\t\t\t\t\t\t\t<\/div>\n\t\t\t\t\t<\/div>\n\t\t<\/div>\n\t\t\t\t\t<\/div>\n\t\t<\/section>\n\t\t\t\t\t<\/div>\n\t\t<\/div>\n\t\t\t\t\t<\/div>\n\t\t<\/section>\n\t\t\t\t<\/div>\n\t\t","protected":false},"excerpt":{"rendered":"<p>[ mida me pakume ] Individuaalne sisekujundus Loome ainulaadseid ja l\u00e4bim\u00f5eldud interj\u00f6\u00f6re, mis peegeldavad kliendi isikup\u00e4ra ning vastavad t\u00e4nap\u00e4evastele funktsionaalsuse ja esteetika standarditele.Individuaalne sisekujundus ei t\u00e4henda ainult kaunist tulemust \u2014 see on terviklik protsess, kus \u00fchendame disaini, tehnilised lahendused ja materjalide teadliku valiku. Meie l\u00e4henemineIga projekt algab p\u00f5hjalikust anal\u00fc\u00fcsist: kliendi vajadused ja elustiil ruumi funktsioon [&hellip;]<\/p>\n","protected":false},"author":1,"featured_media":0,"parent":4750,"menu_order":17,"comment_status":"closed","ping_status":"closed","template":"","meta":{"footnotes":""},"class_list":["post-6003","page","type-page","status-publish","hentry"],"_links":{"self":[{"href":"https:\/\/ehitusartdesign.ee\/ru\/wp-json\/wp\/v2\/pages\/6003","targetHints":{"allow":["GET"]}}],"collection":[{"href":"https:\/\/ehitusartdesign.ee\/ru\/wp-json\/wp\/v2\/pages"}],"about":[{"href":"https:\/\/ehitusartdesign.ee\/ru\/wp-json\/wp\/v2\/types\/page"}],"author":[{"embeddable":true,"href":"https:\/\/ehitusartdesign.ee\/ru\/wp-json\/wp\/v2\/users\/1"}],"replies":[{"embeddable":true,"href":"https:\/\/ehitusartdesign.ee\/ru\/wp-json\/wp\/v2\/comments?post=6003"}],"version-history":[{"count":12,"href":"https:\/\/ehitusartdesign.ee\/ru\/wp-json\/wp\/v2\/pages\/6003\/revisions"}],"predecessor-version":[{"id":9178,"href":"https:\/\/ehitusartdesign.ee\/ru\/wp-json\/wp\/v2\/pages\/6003\/revisions\/9178"}],"up":[{"embeddable":true,"href":"https:\/\/ehitusartdesign.ee\/ru\/wp-json\/wp\/v2\/pages\/4750"}],"wp:attachment":[{"href":"https:\/\/ehitusartdesign.ee\/ru\/wp-json\/wp\/v2\/media?parent=6003"}],"curies":[{"name":"wp","href":"https:\/\/api.w.org\/{rel}","templated":true}]}}