{"id":6020,"date":"2020-05-15T11:00:01","date_gmt":"2020-05-15T11:00:01","guid":{"rendered":"https:\/\/ead.0608bogura.com\/?page_id=6020"},"modified":"2024-03-27T11:46:58","modified_gmt":"2024-03-27T11:46:58","slug":"valiskujundus","status":"publish","type":"page","link":"https:\/\/ehitusartdesign.ee\/ru\/meie-teenused\/valiskujundus\/","title":{"rendered":"\u0412\u043d\u0435\u0448\u043d\u0438\u0439 \u0434\u0438\u0437\u0430\u0439\u043d"},"content":{"rendered":"\t\t<div data-elementor-type=\"wp-page\" data-elementor-id=\"6020\" class=\"elementor elementor-6020\" data-elementor-post-type=\"page\">\n\t\t\t\t\t\t<section class=\"elementor-section elementor-top-section elementor-element elementor-element-4680d83 elementor-section-boxed elementor-section-height-default elementor-section-height-default\" data-id=\"4680d83\" data-element_type=\"section\" data-e-type=\"section\">\n\t\t\t\t\t\t<div class=\"elementor-container elementor-column-gap-extended\">\n\t\t\t\t\t<div class=\"elementor-column elementor-col-50 elementor-top-column elementor-element elementor-element-5665642 ot-flex-column-vertical\" data-id=\"5665642\" data-element_type=\"column\" data-e-type=\"column\">\n\t\t\t<div class=\"elementor-widget-wrap elementor-element-populated\">\n\t\t\t\t\t\t\t<\/div>\n\t\t<\/div>\n\t\t\t\t<div class=\"elementor-column elementor-col-50 elementor-top-column elementor-element elementor-element-ce47c48 ot-flex-column-vertical\" data-id=\"ce47c48\" data-element_type=\"column\" data-e-type=\"column\">\n\t\t\t<div class=\"elementor-widget-wrap elementor-element-populated\">\n\t\t\t\t\t\t<div class=\"elementor-element elementor-element-9c19471 elementor-widget elementor-widget-iheading\" data-id=\"9c19471\" data-element_type=\"widget\" data-e-type=\"widget\" data-widget_type=\"iheading.default\">\n\t\t\t\t<div class=\"elementor-widget-container\">\n\t\t\t\t\t\t\t<div class=\"ot-heading \">\r\n\t        <span>[ mida me pakume ]<\/span>\t        <h2 class=\"main-heading\">V\u00e4liskujundus<\/h2>\t    <\/div>\r\n\t    \t\t\t\t<\/div>\n\t\t\t\t<\/div>\n\t\t\t\t<div class=\"elementor-element elementor-element-6e38ca7 elementor-widget elementor-widget-text-editor\" data-id=\"6e38ca7\" data-element_type=\"widget\" data-e-type=\"widget\" data-widget_type=\"text-editor.default\">\n\t\t\t\t\t\t\t\t\t<p>V\u00e4liskujundus v\u00f5ib anda palju teavet n\u00e4iteks omanike iseloomu, staatuse ja isegi elustiili kohta. Kaasaegne v\u00e4liskujundus \u00fchendab p\u00e4deva viimistluse \u00f5igete planeerimislahenduste, mugavuse ja usaldusv\u00e4\u00e4rsusega. Valmis ehitusplaan n\u00e4eb v\u00e4lja nagu n\u00e4ota hall kast ja disainer annab sellele teatud stiili.<\/p>\t\t\t\t\t\t\t\t<\/div>\n\t\t\t\t<div class=\"elementor-element elementor-element-7e04fd1 elementor-widget elementor-widget-theratio-image-carousel\" data-id=\"7e04fd1\" data-element_type=\"widget\" data-e-type=\"widget\" data-widget_type=\"theratio-image-carousel.default\">\n\t\t\t\t<div class=\"elementor-widget-container\">\n\t\t\t\t\t\r\n\t\t<div class=\"image-carousel swiper swiper-container\" data-slider_options=\"{&quot;slides_show_desktop&quot;:2,&quot;slides_show_tablet&quot;:2,&quot;slides_show_mobile&quot;:2,&quot;slides_scroll_desktop&quot;:1,&quot;slides_scroll_tablet&quot;:1,&quot;slides_scroll_mobile&quot;:1,&quot;margin_desktop&quot;:30,&quot;margin_tablet&quot;:30,&quot;margin_mobile&quot;:30,&quot;arrows&quot;:true,&quot;dots&quot;:false}\"  >\t\t\t\r\n\t\t\t<div class=\"swiper-wrapper\">\r\n\t\t        <div class=\"swiper-slide\"><div class=\"img-item\"><figure><img decoding=\"async\" src=\"https:\/\/ehitusartdesign.ee\/wp-content\/uploads\/2020\/05\/service-silder3.jpg\" alt=\"\"><\/figure><\/div><\/div><div class=\"swiper-slide\"><div class=\"img-item\"><figure><img decoding=\"async\" src=\"https:\/\/ehitusartdesign.ee\/wp-content\/uploads\/2020\/05\/service-silder4.jpg\" alt=\"\"><\/figure><\/div><\/div>\t\t    <\/div>\r\n\r\n\t\t\t\t\t\t\t\t\t<!-- Add Arrows -->\r\n\t\t\t<div class=\"octf-swiper-button-next\"><i class=\"ot-flaticon-right-arrow\"><\/i><\/div>\r\n\t\t\t<div class=\"octf-swiper-button-prev\"><i class=\"ot-flaticon-left-arrow\"><\/i><\/div>\r\n\t\t\t\t    <\/div>\r\n\t\t\t\t\t\t<\/div>\n\t\t\t\t<\/div>\n\t\t\t\t<div class=\"elementor-element elementor-element-9dba111 elementor-widget elementor-widget-text-editor\" data-id=\"9dba111\" data-element_type=\"widget\" data-e-type=\"widget\" data-widget_type=\"text-editor.default\">\n\t\t\t\t\t\t\t\t\t<p>T\u00f6\u00f6 v\u00e4lisilme kallal on suunatud eksklusiivse konstruktsioonit\u00fc\u00fcbi loomisele, mis peaks harmooniliselt sobima keskkonda. Peamine mulje majaomanikust koosneb vormide, suuruste ja viimistlusmeetodite kompleksist. V\u00e4ikese maja v\u00e4liskujundusprojekti v\u00e4ljat\u00f6\u00f6tamisel uurivad spetsialistid saidi maastikku ja selle geoloogilisi omadusi. V\u00e4limine viimistlus valitakse s\u00f5ltuvalt stiili suunast. Oma fantaasiate realiseerimiseks tulevase kodu v\u00e4ljan\u00e4gemise osas p\u00f6\u00f6rduge meie disainerite poole, kellel on selles valdkonnas laialdased kogemused. K\u00f5igepealt p\u00f6\u00f6ravad nad t\u00e4helepanu valitud hoone stiili kombinatsioonile maastiku ja klientide soovidega.<\/p>\t\t\t\t\t\t\t\t<\/div>\n\t\t\t\t<div class=\"elementor-element elementor-element-e3c7060 elementor-widget elementor-widget-image\" data-id=\"e3c7060\" data-element_type=\"widget\" data-e-type=\"widget\" data-widget_type=\"image.default\">\n\t\t\t\t\t\t\t\t\t\t\t\t\t\t\t<img fetchpriority=\"high\" decoding=\"async\" width=\"870\" height=\"520\" src=\"https:\/\/ehitusartdesign.ee\/wp-content\/uploads\/2020\/05\/image1-service2.jpg\" class=\"attachment-full size-full wp-image-2522\" alt=\"\" srcset=\"https:\/\/ehitusartdesign.ee\/wp-content\/uploads\/2020\/05\/image1-service2.jpg 870w, https:\/\/ehitusartdesign.ee\/wp-content\/uploads\/2020\/05\/image1-service2-600x359.jpg 600w, https:\/\/ehitusartdesign.ee\/wp-content\/uploads\/2020\/05\/image1-service2-300x179.jpg 300w, https:\/\/ehitusartdesign.ee\/wp-content\/uploads\/2020\/05\/image1-service2-768x459.jpg 768w\" sizes=\"(max-width: 870px) 100vw, 870px\" \/>\t\t\t\t\t\t\t\t\t\t\t\t\t\t\t<\/div>\n\t\t\t\t<section class=\"elementor-section elementor-inner-section elementor-element elementor-element-632b7a3 elementor-section-full_width elementor-section-height-default elementor-section-height-default\" data-id=\"632b7a3\" data-element_type=\"section\" data-e-type=\"section\">\n\t\t\t\t\t\t<div class=\"elementor-container elementor-column-gap-default\">\n\t\t\t\t\t<div class=\"elementor-column elementor-col-33 elementor-inner-column elementor-element elementor-element-763e0fe ot-flex-column-vertical\" data-id=\"763e0fe\" data-element_type=\"column\" data-e-type=\"column\">\n\t\t\t<div class=\"elementor-widget-wrap elementor-element-populated\">\n\t\t\t\t\t\t<div class=\"elementor-element elementor-element-83c3cf2 elementor-widget elementor-widget-iprogress\" data-id=\"83c3cf2\" data-element_type=\"widget\" data-e-type=\"widget\" data-widget_type=\"iprogress.default\">\n\t\t\t\t<div class=\"elementor-widget-container\">\n\t\t\t\t\t\r\n\t\t\t\t<div class=\"circle-progress tbottom\" data-color=\"#939393\" data-height=\"2\" data-size=\"165\">\r\n\t\t\t<div class=\"inner-bar\" data-percent=\"50\">\r\n\t\t\t\t<span>\r\n\t\t\t\t\t<span class=\"percent\">50<\/span>\t\t\t\t<\/span>\r\n\t\t\t<\/div>\r\n\t\t\t<h4>3D modelleerimine<\/h4>\t\t<\/div>\r\n\t\t\r\n\t    \t\t\t\t<\/div>\n\t\t\t\t<\/div>\n\t\t\t\t<div class=\"elementor-element elementor-element-26f707a elementor-widget elementor-widget-text-editor\" data-id=\"26f707a\" data-element_type=\"widget\" data-e-type=\"widget\" data-widget_type=\"text-editor.default\">\n\t\t\t\t\t\t\t\t\t<p>Stuudio pakub t\u00e4ielikku spektrit<br \/>interj\u00f6\u00f6ri 3D modelleerimise teenused<\/p>\t\t\t\t\t\t\t\t<\/div>\n\t\t\t\t\t<\/div>\n\t\t<\/div>\n\t\t\t\t<div class=\"elementor-column elementor-col-33 elementor-inner-column elementor-element elementor-element-30b9712 ot-flex-column-vertical\" data-id=\"30b9712\" data-element_type=\"column\" data-e-type=\"column\">\n\t\t\t<div class=\"elementor-widget-wrap elementor-element-populated\">\n\t\t\t\t\t\t<div class=\"elementor-element elementor-element-5185ec8 elementor-widget elementor-widget-iprogress\" data-id=\"5185ec8\" data-element_type=\"widget\" data-e-type=\"widget\" data-widget_type=\"iprogress.default\">\n\t\t\t\t<div class=\"elementor-widget-container\">\n\t\t\t\t\t\r\n\t\t\t\t<div class=\"circle-progress tbottom\" data-color=\"#939393\" data-height=\"2\" data-size=\"165\">\r\n\t\t\t<div class=\"inner-bar\" data-percent=\"75\">\r\n\t\t\t\t<span>\r\n\t\t\t\t\t<span class=\"percent\">75<\/span>\t\t\t\t<\/span>\r\n\t\t\t<\/div>\r\n\t\t\t<h4>RUUMIDE M\u00d5\u00d5TMINE<\/h4>\t\t<\/div>\r\n\t\t\r\n\t    \t\t\t\t<\/div>\n\t\t\t\t<\/div>\n\t\t\t\t<div class=\"elementor-element elementor-element-d6e380b elementor-widget elementor-widget-text-editor\" data-id=\"d6e380b\" data-element_type=\"widget\" data-e-type=\"widget\" data-widget_type=\"text-editor.default\">\n\t\t\t\t\t\t\t\t\t<p>Ideaalse disaini v\u00e4ljat\u00f6\u00f6tamine<br \/>projekti t\u00e4psete andmetega<\/p>\t\t\t\t\t\t\t\t<\/div>\n\t\t\t\t\t<\/div>\n\t\t<\/div>\n\t\t\t\t<div class=\"elementor-column elementor-col-33 elementor-inner-column elementor-element elementor-element-38040b1 ot-flex-column-vertical\" data-id=\"38040b1\" data-element_type=\"column\" data-e-type=\"column\">\n\t\t\t<div class=\"elementor-widget-wrap elementor-element-populated\">\n\t\t\t\t\t\t<div class=\"elementor-element elementor-element-8ccb80a elementor-widget elementor-widget-iprogress\" data-id=\"8ccb80a\" data-element_type=\"widget\" data-e-type=\"widget\" data-widget_type=\"iprogress.default\">\n\t\t\t\t<div class=\"elementor-widget-container\">\n\t\t\t\t\t\r\n\t\t\t\t<div class=\"circle-progress tbottom\" data-color=\"#939393\" data-height=\"2\" data-size=\"165\">\r\n\t\t\t<div class=\"inner-bar\" data-percent=\"85\">\r\n\t\t\t\t<span>\r\n\t\t\t\t\t<span class=\"percent\">85<\/span>\t\t\t\t<\/span>\r\n\t\t\t<\/div>\r\n\t\t\t<h4>2D planeerimine<\/h4>\t\t<\/div>\r\n\t\t\r\n\t    \t\t\t\t<\/div>\n\t\t\t\t<\/div>\n\t\t\t\t<div class=\"elementor-element elementor-element-e546c6a elementor-widget elementor-widget-text-editor\" data-id=\"e546c6a\" data-element_type=\"widget\" data-e-type=\"widget\" data-widget_type=\"text-editor.default\">\n\t\t\t\t\t\t\t\t\t<p>Pakume 2D planeerimist<br \/>suurep\u00e4rase visualiseerimise jaoks<\/p>\t\t\t\t\t\t\t\t<\/div>\n\t\t\t\t\t<\/div>\n\t\t<\/div>\n\t\t\t\t\t<\/div>\n\t\t<\/section>\n\t\t\t\t\t<\/div>\n\t\t<\/div>\n\t\t\t\t\t<\/div>\n\t\t<\/section>\n\t\t\t\t<\/div>\n\t\t","protected":false},"excerpt":{"rendered":"<p>[ mida me pakume ] V\u00e4liskujundus V\u00e4liskujundus v\u00f5ib anda palju teavet n\u00e4iteks omanike iseloomu, staatuse ja isegi elustiili kohta. Kaasaegne v\u00e4liskujundus \u00fchendab p\u00e4deva viimistluse \u00f5igete planeerimislahenduste, mugavuse ja usaldusv\u00e4\u00e4rsusega. Valmis ehitusplaan n\u00e4eb v\u00e4lja nagu n\u00e4ota hall kast ja disainer annab sellele teatud stiili. T\u00f6\u00f6 v\u00e4lisilme kallal on suunatud eksklusiivse konstruktsioonit\u00fc\u00fcbi loomisele, mis peaks harmooniliselt sobima [&hellip;]<\/p>\n","protected":false},"author":1,"featured_media":0,"parent":4750,"menu_order":18,"comment_status":"closed","ping_status":"closed","template":"","meta":{"footnotes":""},"class_list":["post-6020","page","type-page","status-publish","hentry"],"_links":{"self":[{"href":"https:\/\/ehitusartdesign.ee\/ru\/wp-json\/wp\/v2\/pages\/6020","targetHints":{"allow":["GET"]}}],"collection":[{"href":"https:\/\/ehitusartdesign.ee\/ru\/wp-json\/wp\/v2\/pages"}],"about":[{"href":"https:\/\/ehitusartdesign.ee\/ru\/wp-json\/wp\/v2\/types\/page"}],"author":[{"embeddable":true,"href":"https:\/\/ehitusartdesign.ee\/ru\/wp-json\/wp\/v2\/users\/1"}],"replies":[{"embeddable":true,"href":"https:\/\/ehitusartdesign.ee\/ru\/wp-json\/wp\/v2\/comments?post=6020"}],"version-history":[{"count":6,"href":"https:\/\/ehitusartdesign.ee\/ru\/wp-json\/wp\/v2\/pages\/6020\/revisions"}],"predecessor-version":[{"id":7903,"href":"https:\/\/ehitusartdesign.ee\/ru\/wp-json\/wp\/v2\/pages\/6020\/revisions\/7903"}],"up":[{"embeddable":true,"href":"https:\/\/ehitusartdesign.ee\/ru\/wp-json\/wp\/v2\/pages\/4750"}],"wp:attachment":[{"href":"https:\/\/ehitusartdesign.ee\/ru\/wp-json\/wp\/v2\/media?parent=6020"}],"curies":[{"name":"wp","href":"https:\/\/api.w.org\/{rel}","templated":true}]}}