{"id":6040,"date":"2020-05-15T11:06:23","date_gmt":"2020-05-15T11:06:23","guid":{"rendered":"https:\/\/ead.0608bogura.com\/?page_id=6040"},"modified":"2026-03-03T11:40:15","modified_gmt":"2026-03-03T11:40:15","slug":"siseviimistlustood","status":"publish","type":"page","link":"https:\/\/ehitusartdesign.ee\/ru\/meie-teenused\/siseviimistlustood\/","title":{"rendered":"SISEVIIMISTLUST\u00d6\u00d6D"},"content":{"rendered":"\t\t<div data-elementor-type=\"wp-page\" data-elementor-id=\"6040\" class=\"elementor elementor-6040\" data-elementor-post-type=\"page\">\n\t\t\t\t\t\t<section class=\"elementor-section elementor-top-section elementor-element elementor-element-9bb2b91 elementor-section-boxed elementor-section-height-default elementor-section-height-default\" data-id=\"9bb2b91\" data-element_type=\"section\" data-e-type=\"section\">\n\t\t\t\t\t\t<div class=\"elementor-container elementor-column-gap-extended\">\n\t\t\t\t\t<div class=\"elementor-column elementor-col-50 elementor-top-column elementor-element elementor-element-a80fe3d ot-flex-column-vertical\" data-id=\"a80fe3d\" data-element_type=\"column\" data-e-type=\"column\">\n\t\t\t<div class=\"elementor-widget-wrap elementor-element-populated\">\n\t\t\t\t\t\t\t<\/div>\n\t\t<\/div>\n\t\t\t\t<div class=\"elementor-column elementor-col-50 elementor-top-column elementor-element elementor-element-de2ce27 ot-flex-column-vertical\" data-id=\"de2ce27\" data-element_type=\"column\" data-e-type=\"column\">\n\t\t\t<div class=\"elementor-widget-wrap elementor-element-populated\">\n\t\t\t\t\t\t<div class=\"elementor-element elementor-element-2cf13f7 elementor-widget elementor-widget-iheading\" data-id=\"2cf13f7\" data-element_type=\"widget\" data-e-type=\"widget\" data-widget_type=\"iheading.default\">\n\t\t\t\t<div class=\"elementor-widget-container\">\n\t\t\t\t\t\t\t<div class=\"ot-heading \">\r\n\t        <span>[ mida me pakkume ]<\/span>\t        <h2 class=\"main-heading\">Sisseviimistlust\u00f6\u00f6d<\/h2>\t    <\/div>\r\n\t    \t\t\t\t<\/div>\n\t\t\t\t<\/div>\n\t\t\t\t<div class=\"elementor-element elementor-element-7e3d3f1 elementor-widget elementor-widget-text-editor\" data-id=\"7e3d3f1\" data-element_type=\"widget\" data-e-type=\"widget\" data-widget_type=\"text-editor.default\">\n\t\t\t\t\t\t\t\t\t<p data-start=\"1948\" data-end=\"2128\"><span style=\"color: #000000;\"><strong data-start=\"1948\" data-end=\"1972\">Professionaalsed siseviimistlust\u00f6\u00f6d<br>Ehitus Art Design O\u00dc<\/strong> teostab siseviimistlust\u00f6id korterites, eramutes ja \u00e4ripindadel. Pakume t\u00e4pset teostust, kvaliteetseid materjale ja kokkulepitud t\u00e4htaegadest kinnipidamist.<\/span><\/p>\n<p data-start=\"2150\" data-end=\"2217\"><span style=\"color: #000000;\"><strong>Maalrit\u00f6\u00f6d<\/strong><\/span><br><span style=\"color: #000000;\">Kvaliteetne maalrit\u00f6\u00f6 eeldab korrektset ettevalmistust ja kogemust.<\/span><br><span style=\"color: #000000;\">\u2022 Sein\u00adte ja lagede pahteldamine<\/span><br data-start=\"2251\" data-end=\"2254\"><span style=\"color: #000000;\">\u2022 Pindade tasandamine<\/span><br data-start=\"2275\" data-end=\"2278\"><span style=\"color: #000000;\">\u2022 Kruntimine<\/span><br data-start=\"2290\" data-end=\"2293\"><span style=\"color: #000000;\">\u2022 V\u00e4rvimine 1\u20133 kihis<\/span><br data-start=\"2314\" data-end=\"2317\"><span style=\"color: #000000;\">\u2022 T\u00f6\u00f6 kvaliteetsete v\u00e4rvidega<\/span><\/p>\n<p data-start=\"2350\" data-end=\"2398\"><span style=\"color: #000000;\">Tulemuseks on \u00fchtlane ja esteetiline viimistlus.<\/span><\/p>\n<p data-start=\"2424\" data-end=\"2602\"><span style=\"color: #000000;\"><strong>Kipsplaadit\u00f6\u00f6d<\/strong><\/span><br><span style=\"color: #000000;\">\u2022 Kipsvaheseinte ehitus<\/span><br data-start=\"2447\" data-end=\"2450\"><span style=\"color: #000000;\">\u2022 Kipslagede paigaldus<\/span><br data-start=\"2472\" data-end=\"2475\"><span style=\"color: #000000;\">\u2022 Sein\u00adte katmine kipsplaadiga<\/span><br data-start=\"2505\" data-end=\"2508\"><span style=\"color: #000000;\">\u2022 Ni\u0161\u0161ide ja dekoratiivsete elementide ehitus<\/span><br data-start=\"2553\" data-end=\"2556\"><span style=\"color: #000000;\">\u2022 Ettevalmistus v\u00e4rvimiseks v\u00f5i plaatimiseks<\/span><\/p>\n<p data-start=\"2604\" data-end=\"2651\"><span style=\"color: #000000;\">Arvestame heli- ja soojusisolatsiooni n\u00f5uetega.<\/span><\/p>\n<p><span style=\"color: #000000;\"><strong>Plaatimist\u00f6\u00f6d<\/strong><\/span><br><span style=\"color: #000000;\">\u2022 Seina- ja p\u00f5randaplaatide paigaldus<\/span><br data-start=\"2713\" data-end=\"2716\"><span style=\"color: #000000;\">\u2022 Vannitoad ja k\u00f6\u00f6gid<\/span><br data-start=\"2737\" data-end=\"2740\"><span style=\"color: #000000;\">\u2022 T\u00e4pne m\u00f5\u00f5distus ja sirged vuugid<\/span><br data-start=\"2774\" data-end=\"2777\"><span style=\"color: #000000;\">\u2022 H\u00fcdroisolatsioon m\u00e4rgades ruumides<\/span><\/p>\n<p data-start=\"2817\" data-end=\"2858\"><span style=\"color: #000000;\">Tagame vastupidava ja korrektse tulemuse.<\/span><\/p>\n<p data-start=\"2881\" data-end=\"3019\"><span style=\"color: #000000;\"><strong>P\u00f5randat\u00f6\u00f6d<\/strong><\/span><br><span style=\"color: #000000;\">\u2022 Laminaadi paigaldus<\/span><br data-start=\"2902\" data-end=\"2905\"><span style=\"color: #000000;\">\u2022 Parketi paigaldus<\/span><br data-start=\"2924\" data-end=\"2927\"><span style=\"color: #000000;\">\u2022 Vin\u00fc\u00fclkatete paigaldus<\/span><br data-start=\"2951\" data-end=\"2954\"><span style=\"color: #000000;\">\u2022 Aluspinna ettevalmistus<\/span><br data-start=\"2979\" data-end=\"2982\"><span style=\"color: #000000;\">\u2022 Liistude ja viimistluse paigaldus<\/span><\/p>\n<p data-start=\"3021\" data-end=\"3072\"><span style=\"color: #000000;\">J\u00e4rgime tootjate paigaldusjuhiseid ja tehnoloogiat.<\/span><\/p>\n<p><span style=\"color: #000000;\"><strong>Dekoratiivsed viimistlused<\/strong><\/span><br><span style=\"color: #000000;\">\u2022 Mikrotsement<\/span><br data-start=\"3124\" data-end=\"3127\"><span style=\"color: #000000;\">\u2022 Dekoratiivv\u00e4rvid\/-krohvid<\/span><br data-start=\"3146\" data-end=\"3149\"><span style=\"color: #000000;\">\u2022 Struktuursed ja efektpinnad<\/span><br data-start=\"3178\" data-end=\"3181\"><span style=\"color: #000000;\">\u2022 Individuaalsed disainlahendused<\/span><\/p>\n<p data-start=\"3218\" data-end=\"3264\"><span style=\"color: #000000;\">Loome kaasaegseid ja isikup\u00e4raseid interj\u00f6\u00f6re.<\/span><\/p>\t\t\t\t\t\t\t\t<\/div>\n\t\t\t\t<div class=\"elementor-element elementor-element-40defe2 elementor-widget elementor-widget-theratio-image-carousel\" data-id=\"40defe2\" data-element_type=\"widget\" data-e-type=\"widget\" data-widget_type=\"theratio-image-carousel.default\">\n\t\t\t\t<div class=\"elementor-widget-container\">\n\t\t\t\t\t\r\n\t\t<div class=\"image-carousel swiper swiper-container\" data-slider_options=\"{&quot;slides_show_desktop&quot;:2,&quot;slides_show_tablet&quot;:2,&quot;slides_show_mobile&quot;:2,&quot;slides_scroll_desktop&quot;:1,&quot;slides_scroll_tablet&quot;:1,&quot;slides_scroll_mobile&quot;:1,&quot;margin_desktop&quot;:30,&quot;margin_tablet&quot;:30,&quot;margin_mobile&quot;:30,&quot;arrows&quot;:true,&quot;dots&quot;:false}\"  >\t\t\t\r\n\t\t\t<div class=\"swiper-wrapper\">\r\n\t\t        <div class=\"swiper-slide\"><div class=\"img-item\"><figure><img decoding=\"async\" src=\"https:\/\/ehitusartdesign.ee\/wp-content\/uploads\/2026\/03\/0b21c58f-c8c5-42c1-a032-58c262b11cac.png\" alt=\"\"><\/figure><\/div><\/div>\t\t    <\/div>\r\n\r\n\t\t\t\t\t\t\t\t\t<!-- Add Arrows -->\r\n\t\t\t<div class=\"octf-swiper-button-next\"><i class=\"ot-flaticon-right-arrow\"><\/i><\/div>\r\n\t\t\t<div class=\"octf-swiper-button-prev\"><i class=\"ot-flaticon-left-arrow\"><\/i><\/div>\r\n\t\t\t\t    <\/div>\r\n\t\t\t\t\t\t<\/div>\n\t\t\t\t<\/div>\n\t\t\t\t\t<\/div>\n\t\t<\/div>\n\t\t\t\t\t<\/div>\n\t\t<\/section>\n\t\t\t\t<\/div>\n\t\t","protected":false},"excerpt":{"rendered":"<p>[ mida me pakkume ] Sisseviimistlust\u00f6\u00f6d Professionaalsed siseviimistlust\u00f6\u00f6dEhitus Art Design O\u00dc teostab siseviimistlust\u00f6id korterites, eramutes ja \u00e4ripindadel. Pakume t\u00e4pset teostust, kvaliteetseid materjale ja kokkulepitud t\u00e4htaegadest kinnipidamist. Maalrit\u00f6\u00f6dKvaliteetne maalrit\u00f6\u00f6 eeldab korrektset ettevalmistust ja kogemust.\u2022 Sein\u00adte ja lagede pahteldamine\u2022 Pindade tasandamine\u2022 Kruntimine\u2022 V\u00e4rvimine 1\u20133 kihis\u2022 T\u00f6\u00f6 kvaliteetsete v\u00e4rvidega Tulemuseks on \u00fchtlane ja esteetiline viimistlus. Kipsplaadit\u00f6\u00f6d\u2022 Kipsvaheseinte ehitus\u2022 [&hellip;]<\/p>\n","protected":false},"author":1,"featured_media":0,"parent":4750,"menu_order":20,"comment_status":"closed","ping_status":"closed","template":"","meta":{"footnotes":""},"class_list":["post-6040","page","type-page","status-publish","hentry"],"_links":{"self":[{"href":"https:\/\/ehitusartdesign.ee\/ru\/wp-json\/wp\/v2\/pages\/6040","targetHints":{"allow":["GET"]}}],"collection":[{"href":"https:\/\/ehitusartdesign.ee\/ru\/wp-json\/wp\/v2\/pages"}],"about":[{"href":"https:\/\/ehitusartdesign.ee\/ru\/wp-json\/wp\/v2\/types\/page"}],"author":[{"embeddable":true,"href":"https:\/\/ehitusartdesign.ee\/ru\/wp-json\/wp\/v2\/users\/1"}],"replies":[{"embeddable":true,"href":"https:\/\/ehitusartdesign.ee\/ru\/wp-json\/wp\/v2\/comments?post=6040"}],"version-history":[{"count":16,"href":"https:\/\/ehitusartdesign.ee\/ru\/wp-json\/wp\/v2\/pages\/6040\/revisions"}],"predecessor-version":[{"id":9211,"href":"https:\/\/ehitusartdesign.ee\/ru\/wp-json\/wp\/v2\/pages\/6040\/revisions\/9211"}],"up":[{"embeddable":true,"href":"https:\/\/ehitusartdesign.ee\/ru\/wp-json\/wp\/v2\/pages\/4750"}],"wp:attachment":[{"href":"https:\/\/ehitusartdesign.ee\/ru\/wp-json\/wp\/v2\/media?parent=6040"}],"curies":[{"name":"wp","href":"https:\/\/api.w.org\/{rel}","templated":true}]}}