{"id":7128,"date":"2024-01-16T12:34:32","date_gmt":"2024-01-16T12:34:32","guid":{"rendered":"https:\/\/ehitus-interior.0608bogura.com\/?page_id=7128"},"modified":"2025-11-12T09:46:07","modified_gmt":"2025-11-12T09:46:07","slug":"varvimistood","status":"publish","type":"page","link":"https:\/\/ehitusartdesign.ee\/ru\/varvimistood\/","title":{"rendered":"\u041c\u0430\u043b\u044f\u0440\u043d\u044b\u0435 \u0440\u0430\u0431\u043e\u0442\u044b"},"content":{"rendered":"<div data-elementor-type=\"wp-page\" data-elementor-id=\"7128\" class=\"elementor elementor-7128\" data-elementor-post-type=\"page\">\n\t\t\t\t<div class=\"elementor-element elementor-element-fd0b8e9 e-flex e-con-boxed e-con e-parent\" data-id=\"fd0b8e9\" data-element_type=\"container\" data-e-type=\"container\">\n\t\t\t\t\t<div class=\"e-con-inner\">\n\t\t\t\t<div class=\"elementor-element elementor-element-92e85fe elementor-widget elementor-widget-spacer\" data-id=\"92e85fe\" data-element_type=\"widget\" data-e-type=\"widget\" data-widget_type=\"spacer.default\">\n\t\t\t\t\t\t\t<div class=\"elementor-spacer\">\n\t\t\t<div class=\"elementor-spacer-inner\"><\/div>\n\t\t<\/div>\n\t\t\t\t\t\t<\/div>\n\t\t\t\t\t<\/div>\n\t\t\t\t<\/div>\n\t\t<div class=\"elementor-element elementor-element-915b16d e-flex e-con-boxed e-con e-parent\" data-id=\"915b16d\" data-element_type=\"container\" data-e-type=\"container\">\n\t\t\t\t\t<div class=\"e-con-inner\">\n\t\t\t\t<div class=\"elementor-element elementor-element-fb1e9b6 elementor-widget elementor-widget-heading\" data-id=\"fb1e9b6\" data-element_type=\"widget\" data-e-type=\"widget\" data-widget_type=\"heading.default\">\n\t\t\t\t\t<h2 class=\"elementor-heading-title elementor-size-default\"><b>\u0412\u0430\u0436\u043d\u044b\u0439 \u044d\u0442\u0430\u043f \u0432 \u0441\u0442\u0440\u043e\u0438\u0442\u0435\u043b\u044c\u043d\u044b\u0445 \u0440\u0430\u0431\u043e\u0442\u0430\u0445 - \u043f\u043e\u043a\u0440\u0430\u0441\u043a\u0430<\/b><\/h2>\t\t\t\t<\/div>\n\t\t\t\t\t<\/div>\n\t\t\t\t<\/div>\n\t\t<div class=\"elementor-element elementor-element-017030b e-flex e-con-boxed e-con e-parent\" data-id=\"017030b\" data-element_type=\"container\" data-e-type=\"container\">\n\t\t\t\t\t<div class=\"e-con-inner\">\n\t\t<div class=\"elementor-element elementor-element-94303c6 e-con-full e-flex e-con e-child\" data-id=\"94303c6\" data-element_type=\"container\" data-e-type=\"container\">\n\t\t\t\t<div class=\"elementor-element elementor-element-2e07891 elementor-widget elementor-widget-image\" data-id=\"2e07891\" data-element_type=\"widget\" data-e-type=\"widget\" data-widget_type=\"image.default\">\n\t\t\t\t\t\t\t\t\t\t\t\t\t\t\t<img fetchpriority=\"high\" decoding=\"async\" width=\"563\" height=\"375\" src=\"https:\/\/ehitusartdesign.ee\/wp-content\/uploads\/2024\/04\/servst-15.jpg\" class=\"attachment-medium_large size-medium_large wp-image-7941\" alt=\"\" srcset=\"https:\/\/ehitusartdesign.ee\/wp-content\/uploads\/2024\/04\/servst-15.jpg 563w, https:\/\/ehitusartdesign.ee\/wp-content\/uploads\/2024\/04\/servst-15-300x200.jpg 300w, https:\/\/ehitusartdesign.ee\/wp-content\/uploads\/2024\/04\/servst-15-18x12.jpg 18w\" sizes=\"(max-width: 563px) 100vw, 563px\" \/>\t\t\t\t\t\t\t\t\t\t\t\t\t\t\t<\/div>\n\t\t\t\t<\/div>\n\t\t<div class=\"elementor-element elementor-element-34f85f4 e-con-full e-flex e-con e-child\" data-id=\"34f85f4\" data-element_type=\"container\" data-e-type=\"container\">\n\t\t\t\t<div class=\"elementor-element elementor-element-3631bff elementor-widget elementor-widget-text-editor\" data-id=\"3631bff\" data-element_type=\"widget\" data-e-type=\"widget\" data-widget_type=\"text-editor.default\">\n\t\t\t\t\t\t\t\t\t<p><span style=\"color: #000000;\"><strong><span style=\"text-align: var(--text-align);\">\u041f\u041e\u041a\u0420\u0410\u0421\u041e\u0427\u041d\u042b\u0415 \u0420\u0410\u0411\u041e\u0422\u042b<\/span><\/strong><\/span><\/p><p><span style=\"color: var( --e-global-color-text ); font-weight: var( --e-global-typography-text-font-weight ); text-align: var(--text-align);\">\u041f\u043e\u043a\u0440\u0430\u0441\u043e\u0447\u043d\u044b\u0435 \u0440\u0430\u0431\u043e\u0442\u044b \u043d\u0435\u043e\u0431\u0445\u043e\u0434\u0438\u043c\u044b\u0439 \u044d\u0442\u0430\u043f \u0441\u0442\u0440\u043e\u0438\u0442\u0435\u043b\u044c\u043d\u044b\u0445 \u0440\u0430\u0431\u043e\u0442, \u043a\u043e\u0442\u043e\u0440\u044b\u0439 \u043f\u0440\u043e\u0438\u0441\u0445\u043e\u0434\u0438\u0442 \u043f\u0440\u0430\u043a\u0442\u0438\u0447\u0435\u0441\u043a\u0438 \u043d\u0430 \u0441\u0442\u0430\u0434\u0438\u0438 \u0437\u0430\u0432\u0435\u0440\u0448\u0435\u043d\u0438\u044f \u0441\u0442\u0440\u043e\u0438\u0442\u0435\u043b\u044c\u0441\u0442\u0432\u0430. \u041f\u0435\u0440\u0435\u0434 \u043f\u0440\u043e\u0432\u0435\u0434\u0435\u043d\u0438\u0435\u043c \u043f\u043e\u043a\u0440\u0430\u0441\u043e\u0447\u043d\u044b\u0445 \u0440\u0430\u0431\u043e\u0442 \u043f\u043e\u0432\u0435\u0440\u0445\u043d\u043e\u0441\u0442\u044c \u043f\u043e\u0434 \u043f\u043e\u043a\u0440\u0430\u0441\u043a\u0443 \u0434\u043e\u043b\u0436\u043d\u0430 \u0431\u044b\u0442\u044c \u043f\u043e\u0434\u0433\u043e\u0442\u043e\u0432\u043b\u0435\u043d\u0430. \u0422\u043e\u043b\u044c\u043a\u043e \u043f\u043e\u0441\u043b\u0435 \u043a\u043e\u043c\u043f\u043b\u0435\u043a\u0441\u0430 \u043f\u0440\u043e\u0432\u0435\u0434\u0435\u043d\u043d\u044b\u0445 \u0441\u0442\u0440\u043e\u0438\u0442\u0435\u043b\u044c\u043d\u044b\u0445 \u0440\u0430\u0431\u043e\u0442 \u043e\u043a\u0440\u0430\u0448\u0435\u043d\u043d\u0430\u044f \u043f\u043e\u0432\u0435\u0440\u0445\u043d\u043e\u0441\u0442\u044c \u0431\u0443\u0434\u0435\u0442 \u0441\u043e\u043e\u0442\u0432\u0435\u0442\u0441\u0442\u0432\u043e\u0432\u0430\u0442\u044c \u0442\u0440\u0435\u0431\u043e\u0432\u0430\u043d\u0438\u044f\u043c \u043a\u0430\u0447\u0435\u0441\u0442\u0432\u0430, \u0435\u0441\u043b\u0438 \u0441\u043e\u0431\u043b\u044e\u0434\u0435\u043d\u044b \u0432\u0441\u0435 \u0442\u0440\u0435\u0431\u043e\u0432\u0430\u043d\u0438\u044f. \u041f\u043e\u043a\u0440\u0430\u0441\u043e\u0447\u043d\u044b\u043c \u0440\u0430\u0431\u043e\u0442\u0430\u043c \u043f\u043e\u0434\u0432\u0435\u0440\u0433\u0430\u044e\u0442\u0441\u044f \u0441\u0442\u0435\u043d\u044b \u0437\u0434\u0430\u043d\u0438\u044f, \u043f\u043e\u0442\u043e\u043b\u043a\u0438, \u043f\u043e\u043b\u044b, \u0430 \u0432 \u0441\u043b\u0443\u0447\u0430\u0435 \u043d\u0435\u043e\u0431\u0445\u043e\u0434\u0438\u043c\u043e\u0441\u0442\u0438, \u043c\u043e\u0433\u0443\u0442 \u0431\u044b\u0442\u044c \u043e\u043a\u0440\u0430\u0448\u0435\u043d\u044b \u0434\u0432\u0435\u0440\u0438 \u0438 \u043e\u043a\u043d\u0430. \u041f\u043e\u044d\u0442\u043e\u043c\u0443 \u0441\u043e\u0432\u043c\u0435\u0441\u0442\u0438\u043c\u043e\u0441\u0442\u044c \u043a\u0440\u0430\u0441\u043a\u0438 \u0438 \u043e\u043a\u0440\u0430\u0448\u0438\u0432\u0430\u0435\u043c\u043e\u0439 \u043f\u043e\u0432\u0435\u0440\u0445\u043d\u043e\u0441\u0442\u0438 \u043e\u0447\u0435\u043d\u044c \u0432\u0430\u0436\u043d\u044b\u0439 \u0444\u0430\u043a\u0442\u043e\u0440 \u043f\u0440\u0438 \u043f\u0440\u043e\u0432\u0435\u0434\u0435\u043d\u0438\u0438 \u043a\u0430\u0447\u0435\u0441\u0442\u0432\u0435\u043d\u043d\u044b\u0445 \u043f\u043e\u043a\u0440\u0430\u0441\u043e\u0447\u043d\u044b\u0445 \u0440\u0430\u0431\u043e\u0442.<\/span><\/p>\t\t\t\t\t\t\t\t<\/div>\n\t\t\t\t<\/div>\n\t\t\t\t\t<\/div>\n\t\t\t\t<\/div>\n\t\t<div class=\"elementor-element elementor-element-87a4462 e-flex e-con-boxed e-con e-parent\" data-id=\"87a4462\" data-element_type=\"container\" data-e-type=\"container\">\n\t\t\t\t\t<div class=\"e-con-inner\">\n\t\t<div class=\"elementor-element elementor-element-5f8c75f e-con-full e-flex e-con e-child\" data-id=\"5f8c75f\" data-element_type=\"container\" data-e-type=\"container\">\n\t\t\t\t<div class=\"elementor-element elementor-element-b6709c8 elementor-widget elementor-widget-text-editor\" data-id=\"b6709c8\" data-element_type=\"widget\" data-e-type=\"widget\" data-widget_type=\"text-editor.default\">\n\t\t\t\t\t\t\t\t\t<p><span style=\"color: #000000;\"><b>\u0418\u041d\u0421\u0422\u0420\u0423\u041c\u0415\u041d\u0422\u042b<\/b><\/span><\/p><p>\u0418\u043d\u0441\u0442\u0440\u0443\u043c\u0435\u043d\u0442, \u043f\u0440\u0438\u043c\u0435\u043d\u044f\u0435\u043c\u044b\u0439 \u0432 \u043f\u043e\u043a\u0440\u0430\u0441\u043e\u0447\u043d\u044b\u0445 \u0440\u0430\u0431\u043e\u0442\u0430\u0445: \u043a\u0438\u0441\u0442\u0438, \u0432\u0430\u043b\u0438\u043a\u0438 \u0438 \u043a\u0440\u0430\u0441\u043a\u043e\u043f\u0443\u043b\u044c\u0442. \u041a\u0438\u0441\u0442\u0438 \u0434\u043b\u044f \u043f\u043e\u043a\u0440\u0430\u0441\u043e\u0447\u043d\u044b\u0445 \u0440\u0430\u0431\u043e\u0442, \u043f\u0440\u0438\u043c\u0435\u043d\u044f\u044e\u0442 \u0432 \u0441\u043b\u0443\u0447\u0430\u0435, \u043a\u043e\u0433\u0434\u0430 \u043d\u0435\u043e\u0431\u0445\u043e\u0434\u0438\u043c\u043e \u043e\u043a\u0440\u0430\u0441\u0438\u0442\u044c \u043d\u0435\u0431\u043e\u043b\u044c\u0448\u0443\u044e \u043f\u043e\u0432\u0435\u0440\u0445\u043d\u043e\u0441\u0442\u044c. \u0412\u0430\u043b\u0438\u043a, \u0438\u043d\u0441\u0442\u0440\u0443\u043c\u0435\u043d\u0442, \u043f\u0440\u0438\u043c\u0435\u043d\u044f\u0435\u043c\u044b\u0439 \u043f\u0440\u0438 \u043f\u043e\u043a\u0440\u0430\u0441\u043a\u0435 \u0441\u0442\u0435\u043d \u0438 \u043f\u043e\u0442\u043e\u043b\u043a\u043e\u0432. \u0410 \u043a\u0440\u0430\u0441\u043a\u043e\u043f\u0443\u043b\u044c\u0442 \u043d\u0435\u043e\u0431\u0445\u043e\u0434\u0438\u043c \u0432 \u0442\u043e\u043c \u0441\u043b\u0443\u0447\u0430\u0435, \u0435\u0441\u043b\u0438 \u043d\u0435\u043e\u0431\u0445\u043e\u0434\u0438\u043c\u043e \u043f\u0440\u043e\u0432\u0435\u0441\u0442\u0438 \u0431\u043e\u043b\u044c\u0448\u043e\u0439 \u043e\u0431\u044a\u0435\u043c.<\/p>\t\t\t\t\t\t\t\t<\/div>\n\t\t\t\t<\/div>\n\t\t<div class=\"elementor-element elementor-element-a83b9ce e-con-full e-flex e-con e-child\" data-id=\"a83b9ce\" data-element_type=\"container\" data-e-type=\"container\">\n\t\t\t\t<div class=\"elementor-element elementor-element-ca6b2cb elementor-widget elementor-widget-image\" data-id=\"ca6b2cb\" data-element_type=\"widget\" data-e-type=\"widget\" data-widget_type=\"image.default\">\n\t\t\t\t\t\t\t\t\t\t\t\t\t\t\t<img decoding=\"async\" width=\"296\" height=\"300\" src=\"https:\/\/ehitusartdesign.ee\/wp-content\/uploads\/2024\/04\/anza-instrument-1-296x300.png\" class=\"attachment-medium size-medium wp-image-7959\" alt=\"\" srcset=\"https:\/\/ehitusartdesign.ee\/wp-content\/uploads\/2024\/04\/anza-instrument-1-296x300.png 296w, https:\/\/ehitusartdesign.ee\/wp-content\/uploads\/2024\/04\/anza-instrument-1-1009x1024.png 1009w, https:\/\/ehitusartdesign.ee\/wp-content\/uploads\/2024\/04\/anza-instrument-1-768x780.png 768w, https:\/\/ehitusartdesign.ee\/wp-content\/uploads\/2024\/04\/anza-instrument-1-12x12.png 12w, https:\/\/ehitusartdesign.ee\/wp-content\/uploads\/2024\/04\/anza-instrument-1-600x609.png 600w, https:\/\/ehitusartdesign.ee\/wp-content\/uploads\/2024\/04\/anza-instrument-1-100x100.png 100w, https:\/\/ehitusartdesign.ee\/wp-content\/uploads\/2024\/04\/anza-instrument-1.png 1064w\" sizes=\"(max-width: 296px) 100vw, 296px\" \/>\t\t\t\t\t\t\t\t\t\t\t\t\t\t\t<\/div>\n\t\t\t\t<\/div>\n\t\t\t\t\t<\/div>\n\t\t\t\t<\/div>\n\t\t<div class=\"elementor-element elementor-element-e1ee188 e-flex e-con-boxed e-con e-parent\" data-id=\"e1ee188\" data-element_type=\"container\" data-e-type=\"container\">\n\t\t\t\t\t<div class=\"e-con-inner\">\n\t\t\t\t<div class=\"elementor-element elementor-element-ac29a9e elementor-widget elementor-widget-heading\" data-id=\"ac29a9e\" data-element_type=\"widget\" data-e-type=\"widget\" data-widget_type=\"heading.default\">\n\t\t\t\t\t<h2 class=\"elementor-heading-title elementor-size-default\"><b>\u041f\u043e\u043a\u0440\u0430\u0441\u043a\u0430 \u043e\u0442 \u043f\u0440\u043e\u0444\u0435\u0441\u0441\u0438\u043e\u043d\u0430\u043b\u043e\u0432<\/b><\/h2>\t\t\t\t<\/div>\n\t\t\t\t\t<\/div>\n\t\t\t\t<\/div>\n\t\t<div class=\"elementor-element elementor-element-0ce4907 e-flex e-con-boxed e-con e-parent\" data-id=\"0ce4907\" data-element_type=\"container\" data-e-type=\"container\">\n\t\t\t\t\t<div class=\"e-con-inner\">\n\t\t<div class=\"elementor-element elementor-element-749fa7f e-con-full e-flex e-con e-child\" data-id=\"749fa7f\" data-element_type=\"container\" data-e-type=\"container\">\n\t\t\t\t<div class=\"elementor-element elementor-element-6e0439d elementor-widget elementor-widget-text-editor\" data-id=\"6e0439d\" data-element_type=\"widget\" data-e-type=\"widget\" data-widget_type=\"text-editor.default\">\n\t\t\t\t\t\t\t\t\t<p>\u041d\u0430\u0448\u0430 \u0444\u0438\u0440\u043c\u0430 \u043f\u0440\u0435\u0434\u043b\u0430\u0433\u0430\u0435\u0442 \u0440\u0430\u0437\u043d\u044b\u0435 \u0432\u0438\u0434\u044b \u043f\u043e\u043a\u0440\u0430\u0441\u043e\u043a. \u041e\u0434\u043d\u0430 \u0438 \u0441\u0430\u043c\u044b\u0445 \u043f\u043e\u043f\u0443\u043b\u044f\u0440\u043d\u044b\u0445 - \u044d\u0442\u043e \u044d\u043a\u0441\u043f\u0440\u0435\u0441\u0441-\u043f\u043e\u043a\u0440\u0430\u0441\u043a\u0430. \u041c\u044b \u0438\u0441\u043f\u043e\u043b\u044c\u0437\u0443\u0435\u043c \u043f\u043e\u043a\u0440\u0430\u0441\u043e\u0447\u043d\u0443\u044e \u0441\u0442\u0430\u043d\u0446\u0438\u044e GRACO. \u0411\u043b\u0430\u0433\u043e\u0434\u0430\u0440\u044f \u043f\u043e\u043a\u0440\u0430\u0441\u043e\u0447\u043d\u043e\u0439 \u0441\u0442\u0430\u043d\u0446\u0438\u0438 \u043c\u044b \u043c\u043e\u0436\u0435\u043c \u0432\u044b\u043f\u043e\u043b\u043d\u044f\u0442\u044c \u0431\u043e\u043b\u044c\u0448\u043e\u0439 \u043e\u0431\u044a\u0435\u043c \u043f\u043e\u043a\u0440\u0430\u0441\u043a\u0438. \u0423 \u043d\u0430\u0448\u0438\u0445 \u0441\u043f\u0435\u0446\u0438\u0430\u043b\u0438\u0441\u0442\u043e\u0432 \u0431\u043e\u043b\u044c\u0448\u043e\u0439 \u043e\u043f\u044b\u0442 \u0440\u0430\u0431\u043e\u0442\u044b \u0441 \u044d\u0442\u043e\u0439 \u0441\u0442\u0430\u043d\u0446\u0438\u0435\u0439. \u0422\u0430\u043a\u0436\u0435 \u0440\u0435\u0437\u0443\u043b\u044c\u0442\u0430\u0442\u044b \u043f\u043e\u043a\u0440\u0430\u0441\u043a\u0438 \u0431\u0443\u0434\u0443\u0442 \u043e\u0442\u043b\u0438\u0447\u043d\u044b\u043c. \u0414\u0430\u043d\u043d\u0430\u044f \u043f\u043e\u043a\u0440\u0430\u0441\u043a\u0430 \u0431\u0443\u0434\u0435\u0442 \u043e\u0442\u043d\u043e\u0441\u0438\u0442\u0441\u044f \u043a \u0432\u044b\u0441\u043e\u043a\u043e\u043c\u0443 \u043a\u0430\u0447\u0435\u0441\u0442\u0432\u0443 \u0440\u0430\u0431\u043e\u0442.<\/p>\t\t\t\t\t\t\t\t<\/div>\n\t\t\t\t<\/div>\n\t\t<div class=\"elementor-element elementor-element-f0f9fb1 e-con-full e-flex e-con e-child\" data-id=\"f0f9fb1\" data-element_type=\"container\" data-e-type=\"container\">\n\t\t\t\t<div class=\"elementor-element elementor-element-5607591 elementor-widget elementor-widget-image\" data-id=\"5607591\" data-element_type=\"widget\" data-e-type=\"widget\" data-widget_type=\"image.default\">\n\t\t\t\t\t\t\t\t\t\t\t\t\t\t\t<img decoding=\"async\" width=\"768\" height=\"547\" src=\"https:\/\/ehitusartdesign.ee\/wp-content\/uploads\/2023\/11\/IMG_9526-1-768x547.jpg\" class=\"attachment-medium_large size-medium_large wp-image-4702\" alt=\"\" srcset=\"https:\/\/ehitusartdesign.ee\/wp-content\/uploads\/2023\/11\/IMG_9526-1-768x547.jpg 768w, https:\/\/ehitusartdesign.ee\/wp-content\/uploads\/2023\/11\/IMG_9526-1-600x428.jpg 600w, https:\/\/ehitusartdesign.ee\/wp-content\/uploads\/2023\/11\/IMG_9526-1-300x214.jpg 300w, https:\/\/ehitusartdesign.ee\/wp-content\/uploads\/2023\/11\/IMG_9526-1-1024x730.jpg 1024w, https:\/\/ehitusartdesign.ee\/wp-content\/uploads\/2023\/11\/IMG_9526-1-18x12.jpg 18w, https:\/\/ehitusartdesign.ee\/wp-content\/uploads\/2023\/11\/IMG_9526-1.jpg 1497w\" sizes=\"(max-width: 768px) 100vw, 768px\" \/>\t\t\t\t\t\t\t\t\t\t\t\t\t\t\t<\/div>\n\t\t\t\t<\/div>\n\t\t\t\t\t<\/div>\n\t\t\t\t<\/div>\n\t\t<div class=\"elementor-element elementor-element-1de5bdd e-flex e-con-boxed e-con e-parent\" data-id=\"1de5bdd\" data-element_type=\"container\" data-e-type=\"container\">\n\t\t\t\t\t<div class=\"e-con-inner\">\n\t\t\t\t<div class=\"elementor-element elementor-element-9942986 elementor-widget elementor-widget-text-editor\" data-id=\"9942986\" data-element_type=\"widget\" data-e-type=\"widget\" data-widget_type=\"text-editor.default\">\n\t\t\t\t\t\t\t\t\t<h5><span data-start=\"13\" data-end=\"73\"><b>Kui soovite hinnapakkumist saada, v\u00f5tke meiega \u00fchendust.<\/b><\/span><\/h5>\t\t\t\t\t\t\t\t<\/div>\n\t\t\t\t\t<\/div>\n\t\t\t\t<\/div>\n\t\t<div class=\"elementor-element elementor-element-6a40453 e-flex e-con-boxed e-con e-parent\" data-id=\"6a40453\" data-element_type=\"container\" data-e-type=\"container\">\n\t\t\t\t\t<div class=\"e-con-inner\">\n\t\t\t\t<div class=\"elementor-element elementor-element-b1cb64b elementor-widget elementor-widget-button\" data-id=\"b1cb64b\" data-element_type=\"widget\" data-e-type=\"widget\" data-widget_type=\"button.default\">\n\t\t\t\t\t\t\t\t\t\t<a class=\"elementor-button elementor-button-link elementor-size-sm\" href=\"https:\/\/ehitusartdesign.ee\/ru\/kontakt\/\">\n\t\t\t\t\t\t<span class=\"elementor-button-content-wrapper\">\n\t\t\t\t\t\t\t\t\t<span class=\"elementor-button-text\">\u0421\u0432\u044f\u0437\u0430\u0442\u044c\u0441\u044f \u0441 \u043d\u0430\u043c\u0438<\/span>\n\t\t\t\t\t<\/span>\n\t\t\t\t\t<\/a>\n\t\t\t\t\t\t\t\t<\/div>\n\t\t\t\t\t<\/div>\n\t\t\t\t<\/div>\n\t\t\t\t<\/div>","protected":false},"excerpt":{"rendered":"<p>Oluline etapp ehitust\u00f6\u00f6des &#8211; V\u00e4rvimist\u00f6\u00f6d V\u00c4RVIMIST\u00d6\u00d6D V\u00e4rvimist\u00f6\u00f6d on vajalik ehitust\u00f6\u00f6de etapp, mis toimub peaaegu ehituse l\u00f5puleviimise etapis. Enne v\u00e4rvimist\u00f6\u00f6d tegemist tuleb maalimiseks vajalik pind ette valmistada. Alles p\u00e4rast teostatud ehitust\u00f6\u00f6de kompleksi vastab v\u00e4rvitud pind kvaliteedin\u00f5uetele, kui k\u00f5ik n\u00f5uded on t\u00e4idetud. V\u00e4rvimist\u00f6\u00f6dega puutuvad kokku hoone seinad, laed, p\u00f5randad ning vajadusel saab v\u00e4rvida uksi ja aknaid. Seet\u00f5ttu [&hellip;]<\/p>\n","protected":false},"author":1,"featured_media":0,"parent":0,"menu_order":0,"comment_status":"closed","ping_status":"closed","template":"","meta":{"footnotes":""},"class_list":["post-7128","page","type-page","status-publish","hentry"],"_links":{"self":[{"href":"https:\/\/ehitusartdesign.ee\/ru\/wp-json\/wp\/v2\/pages\/7128","targetHints":{"allow":["GET"]}}],"collection":[{"href":"https:\/\/ehitusartdesign.ee\/ru\/wp-json\/wp\/v2\/pages"}],"about":[{"href":"https:\/\/ehitusartdesign.ee\/ru\/wp-json\/wp\/v2\/types\/page"}],"author":[{"embeddable":true,"href":"https:\/\/ehitusartdesign.ee\/ru\/wp-json\/wp\/v2\/users\/1"}],"replies":[{"embeddable":true,"href":"https:\/\/ehitusartdesign.ee\/ru\/wp-json\/wp\/v2\/comments?post=7128"}],"version-history":[{"count":31,"href":"https:\/\/ehitusartdesign.ee\/ru\/wp-json\/wp\/v2\/pages\/7128\/revisions"}],"predecessor-version":[{"id":8938,"href":"https:\/\/ehitusartdesign.ee\/ru\/wp-json\/wp\/v2\/pages\/7128\/revisions\/8938"}],"wp:attachment":[{"href":"https:\/\/ehitusartdesign.ee\/ru\/wp-json\/wp\/v2\/media?parent=7128"}],"curies":[{"name":"wp","href":"https:\/\/api.w.org\/{rel}","templated":true}]}}