{"id":7328,"date":"2024-02-10T11:46:04","date_gmt":"2024-02-10T11:46:04","guid":{"rendered":"https:\/\/www.ehitusartdesign.ee\/?page_id=7328"},"modified":"2026-03-03T10:58:08","modified_gmt":"2026-03-03T10:58:08","slug":"projektijuht","status":"publish","type":"page","link":"https:\/\/ehitusartdesign.ee\/ru\/projektijuht\/projektijuht\/","title":{"rendered":"\u0423\u043f\u0440\u0430\u0432\u043b\u044f\u044e\u0449\u0438\u0439 \u043f\u0440\u043e\u0435\u043a\u0442\u043e\u043c"},"content":{"rendered":"\t\t<div data-elementor-type=\"wp-page\" data-elementor-id=\"7328\" class=\"elementor elementor-7328\" data-elementor-post-type=\"page\">\n\t\t\t\t\t\t<section class=\"elementor-section elementor-top-section elementor-element elementor-element-8c6238b elementor-section-boxed elementor-section-height-default elementor-section-height-default\" data-id=\"8c6238b\" data-element_type=\"section\" data-e-type=\"section\">\n\t\t\t\t\t\t<div class=\"elementor-container elementor-column-gap-extended\">\n\t\t\t\t\t<div class=\"elementor-column elementor-col-50 elementor-top-column elementor-element elementor-element-c802ef9 ot-flex-column-vertical\" data-id=\"c802ef9\" data-element_type=\"column\" data-e-type=\"column\">\n\t\t\t<div class=\"elementor-widget-wrap elementor-element-populated\">\n\t\t\t\t\t\t<div class=\"elementor-element elementor-element-b6f5730 elementor-hidden-phone elementor-widget elementor-widget-spacer\" data-id=\"b6f5730\" data-element_type=\"widget\" data-e-type=\"widget\" data-widget_type=\"spacer.default\">\n\t\t\t\t\t\t\t<div class=\"elementor-spacer\">\n\t\t\t<div class=\"elementor-spacer-inner\"><\/div>\n\t\t<\/div>\n\t\t\t\t\t\t<\/div>\n\t\t\t\t<div class=\"elementor-element elementor-element-599f5ba elementor-widget elementor-widget-image\" data-id=\"599f5ba\" data-element_type=\"widget\" data-e-type=\"widget\" data-widget_type=\"image.default\">\n\t\t\t\t\t\t\t\t\t\t\t\t\t\t\t<img fetchpriority=\"high\" decoding=\"async\" width=\"430\" height=\"596\" src=\"https:\/\/ehitusartdesign.ee\/wp-content\/uploads\/2024\/03\/DSC00664PINK.jpg\" class=\"attachment-full size-full wp-image-7851\" alt=\"\" srcset=\"https:\/\/ehitusartdesign.ee\/wp-content\/uploads\/2024\/03\/DSC00664PINK.jpg 430w, https:\/\/ehitusartdesign.ee\/wp-content\/uploads\/2024\/03\/DSC00664PINK-216x300.jpg 216w, https:\/\/ehitusartdesign.ee\/wp-content\/uploads\/2024\/03\/DSC00664PINK-9x12.jpg 9w\" sizes=\"(max-width: 430px) 100vw, 430px\" \/>\t\t\t\t\t\t\t\t\t\t\t\t\t\t\t<\/div>\n\t\t\t\t\t<\/div>\n\t\t<\/div>\n\t\t\t\t<div class=\"elementor-column elementor-col-50 elementor-top-column elementor-element elementor-element-43e4900 ot-flex-column-vertical\" data-id=\"43e4900\" data-element_type=\"column\" data-e-type=\"column\">\n\t\t\t<div class=\"elementor-widget-wrap elementor-element-populated\">\n\t\t\t\t\t\t<section class=\"elementor-section elementor-inner-section elementor-element elementor-element-d229e55 elementor-section-full_width elementor-section-height-default elementor-section-height-default\" data-id=\"d229e55\" data-element_type=\"section\" data-e-type=\"section\">\n\t\t\t\t\t\t<div class=\"elementor-container elementor-column-gap-default\">\n\t\t\t\t\t<div class=\"elementor-column elementor-col-100 elementor-inner-column elementor-element elementor-element-42d84ab ot-flex-column-vertical\" data-id=\"42d84ab\" data-element_type=\"column\" data-e-type=\"column\" data-settings=\"{&quot;background_background&quot;:&quot;classic&quot;}\">\n\t\t\t<div class=\"elementor-widget-wrap elementor-element-populated\">\n\t\t\t\t\t\t<div class=\"elementor-element elementor-element-278425a elementor-widget elementor-widget-heading\" data-id=\"278425a\" data-element_type=\"widget\" data-e-type=\"widget\" data-widget_type=\"heading.default\">\n\t\t\t\t\t<h2 class=\"elementor-heading-title elementor-size-default\">Valerijs Karlovskis<\/h2>\t\t\t\t<\/div>\n\t\t\t\t<div class=\"elementor-element elementor-element-953a913 elementor-widget elementor-widget-heading\" data-id=\"953a913\" data-element_type=\"widget\" data-e-type=\"widget\" data-widget_type=\"heading.default\">\n\t\t\t\t\t<h2 class=\"elementor-heading-title elementor-size-default\">[ EHITUSINSENER ]\u200b<\/h2>\t\t\t\t<\/div>\n\t\t\t\t<div class=\"elementor-element elementor-element-d6ab959 elementor-widget elementor-widget-text-editor\" data-id=\"d6ab959\" data-element_type=\"widget\" data-e-type=\"widget\" data-widget_type=\"text-editor.default\">\n\t\t\t\t\t\t\t\t\t<ul class=\"member-info\"><li><span class=\"text-light\">OSAKOND:<\/span> Ehitusinsener<\/li><li><span class=\"text-light\">T\u00d6\u00d6KOGEMUS:<\/span> \u00dcle 25 aastat<\/li><li><span class=\"text-light\">E-MAIL:<\/span> karlovskis@gmail.com<\/li><li><span class=\"text-light\">TELEFONINUMBER:<\/span> +37258332206<\/li><\/ul>\t\t\t\t\t\t\t\t<\/div>\n\t\t\t\t<div class=\"elementor-element elementor-element-b3ad34b e-grid-align-left elementor-shape-rounded elementor-grid-0 elementor-widget elementor-widget-social-icons\" data-id=\"b3ad34b\" data-element_type=\"widget\" data-e-type=\"widget\" data-widget_type=\"social-icons.default\">\n\t\t\t\t\t\t\t<div class=\"elementor-social-icons-wrapper elementor-grid\" role=\"list\">\n\t\t\t\t\t\t\t<span class=\"elementor-grid-item\" role=\"listitem\">\n\t\t\t\t\t<a class=\"elementor-icon elementor-social-icon elementor-social-icon-facebook-f elementor-repeater-item-8094f75\" href=\"https:\/\/www.facebook.com\/kivi.ee\/\" target=\"_blank\">\n\t\t\t\t\t\t<span class=\"elementor-screen-only\">Facebook-f<\/span>\n\t\t\t\t\t\t<svg aria-hidden=\"true\" class=\"e-font-icon-svg e-fab-facebook-f\" viewBox=\"0 0 320 512\" xmlns=\"http:\/\/www.w3.org\/2000\/svg\"><path d=\"M279.14 288l14.22-92.66h-88.91v-60.13c0-25.35 12.42-50.06 52.24-50.06h40.42V6.26S260.43 0 225.36 0c-73.22 0-121.08 44.38-121.08 124.72v70.62H22.89V288h81.39v224h100.17V288z\"><\/path><\/svg>\t\t\t\t\t<\/a>\n\t\t\t\t<\/span>\n\t\t\t\t\t\t\t<span class=\"elementor-grid-item\" role=\"listitem\">\n\t\t\t\t\t<a class=\"elementor-icon elementor-social-icon elementor-social-icon-instagram elementor-repeater-item-77c0a11\" href=\"https:\/\/instagram.com\/ehitus_art_design?igshid=MzRlODBiNWFlZA==\" target=\"_blank\">\n\t\t\t\t\t\t<span class=\"elementor-screen-only\">Instagram<\/span>\n\t\t\t\t\t\t<svg aria-hidden=\"true\" class=\"e-font-icon-svg e-fab-instagram\" viewBox=\"0 0 448 512\" xmlns=\"http:\/\/www.w3.org\/2000\/svg\"><path d=\"M224.1 141c-63.6 0-114.9 51.3-114.9 114.9s51.3 114.9 114.9 114.9S339 319.5 339 255.9 287.7 141 224.1 141zm0 189.6c-41.1 0-74.7-33.5-74.7-74.7s33.5-74.7 74.7-74.7 74.7 33.5 74.7 74.7-33.6 74.7-74.7 74.7zm146.4-194.3c0 14.9-12 26.8-26.8 26.8-14.9 0-26.8-12-26.8-26.8s12-26.8 26.8-26.8 26.8 12 26.8 26.8zm76.1 27.2c-1.7-35.9-9.9-67.7-36.2-93.9-26.2-26.2-58-34.4-93.9-36.2-37-2.1-147.9-2.1-184.9 0-35.8 1.7-67.6 9.9-93.9 36.1s-34.4 58-36.2 93.9c-2.1 37-2.1 147.9 0 184.9 1.7 35.9 9.9 67.7 36.2 93.9s58 34.4 93.9 36.2c37 2.1 147.9 2.1 184.9 0 35.9-1.7 67.7-9.9 93.9-36.2 26.2-26.2 34.4-58 36.2-93.9 2.1-37 2.1-147.8 0-184.8zM398.8 388c-7.8 19.6-22.9 34.7-42.6 42.6-29.5 11.7-99.5 9-132.1 9s-102.7 2.6-132.1-9c-19.6-7.8-34.7-22.9-42.6-42.6-11.7-29.5-9-99.5-9-132.1s-2.6-102.7 9-132.1c7.8-19.6 22.9-34.7 42.6-42.6 29.5-11.7 99.5-9 132.1-9s102.7-2.6 132.1 9c19.6 7.8 34.7 22.9 42.6 42.6 11.7 29.5 9 99.5 9 132.1s2.7 102.7-9 132.1z\"><\/path><\/svg>\t\t\t\t\t<\/a>\n\t\t\t\t<\/span>\n\t\t\t\t\t<\/div>\n\t\t\t\t\t\t<\/div>\n\t\t\t\t\t<\/div>\n\t\t<\/div>\n\t\t\t\t\t<\/div>\n\t\t<\/section>\n\t\t\t\t\t<\/div>\n\t\t<\/div>\n\t\t\t\t\t<\/div>\n\t\t<\/section>\n\t\t\t\t<section class=\"elementor-section elementor-top-section elementor-element elementor-element-43b75e4 elementor-section-boxed elementor-section-height-default elementor-section-height-default\" data-id=\"43b75e4\" data-element_type=\"section\" data-e-type=\"section\">\n\t\t\t\t\t\t<div class=\"elementor-container elementor-column-gap-default\">\n\t\t\t\t\t<div class=\"elementor-column elementor-col-100 elementor-top-column elementor-element elementor-element-c7b7fc3 ot-flex-column-vertical\" data-id=\"c7b7fc3\" data-element_type=\"column\" data-e-type=\"column\">\n\t\t\t<div class=\"elementor-widget-wrap elementor-element-populated\">\n\t\t\t\t\t\t<div class=\"elementor-element elementor-element-0666090 elementor-widget elementor-widget-heading\" data-id=\"0666090\" data-element_type=\"widget\" data-e-type=\"widget\" data-widget_type=\"heading.default\">\n\t\t\t\t\t<h4 class=\"elementor-heading-title elementor-size-default\">Biograafia<\/h4>\t\t\t\t<\/div>\n\t\t\t\t<div class=\"elementor-element elementor-element-62bb134 elementor-widget elementor-widget-text-editor\" data-id=\"62bb134\" data-element_type=\"widget\" data-e-type=\"widget\" data-widget_type=\"text-editor.default\">\n\t\t\t\t\t\t\t\t\t<p><span style=\"color: #000000;\">Valerijs Karlovskis on meie ehitusinsener. Ta maarendab ehitusprojekte, juhib \u00fcldiseid ehitust\u00f6id, viib l\u00e4bi ehituskonstruktsioonide paigaldust, j\u00e4lgib materjalide ja konstruktsioonide kvaliteeti ning tegele normeerimise ja eelarvestamisega. Kui oluline on teile kvaliteet ja t\u00e4psus, siis see spetsialist on teie valik edukaks teostamiseks \u00fcldehitust\u00f6\u00f6d teie objektis.<\/span><\/p>\t\t\t\t\t\t\t\t<\/div>\n\t\t\t\t<div class=\"elementor-element elementor-element-7186a89 elementor-widget elementor-widget-heading\" data-id=\"7186a89\" data-element_type=\"widget\" data-e-type=\"widget\" data-widget_type=\"heading.default\">\n\t\t\t\t\t<h4 class=\"elementor-heading-title elementor-size-default\">Oskused<\/h4>\t\t\t\t<\/div>\n\t\t\t\t<div class=\"elementor-element elementor-element-cfd76aa elementor-widget elementor-widget-text-editor\" data-id=\"cfd76aa\" data-element_type=\"widget\" data-e-type=\"widget\" data-widget_type=\"text-editor.default\">\n\t\t\t\t\t\t\t\t\t<p><span style=\"color: #000000;\">Suur hulk aega meie ehitusinsener, Valerijs, on p\u00fchendunud teadmiste \u00f5ppimisele maali \u2013 ja dekoratiivt\u00f6\u00f6d samuti. Ta teab, kuidas t\u00f6\u00f6tada selliste dekoratiivmaterjalidega nagu: dekoratiivv\u00e4rvid ja krohvid tuntud tootjatelt SanMarco, Valpaint, Rivedil ja Novacolor ning on t\u00e4ielikult \u00f5ppinud t\u00f6\u00f6tama Cemheri, Topcimenti ja Bautechi keeruka materjaliga \u201cMikrotsement\u201d. Samuti on tal teadmised maalimist\u00f6\u00f6de standarditest ja tehnoloogilistest normidest. Pikka aega ehitusvaldkonnas on meie ehitusinsener edukalt l\u00f5petanud suure hulga rajatisi, kus ta oli nende rajatiste juht. Tema \u00fclesandeks oli j\u00e4lgida iga t\u00f6\u00f6 kvaliteeti, j\u00e4lgida t\u00f6\u00f6graafikut ja j\u00e4lgida remondietappe tehnilisest vaatenurgast.<\/span><\/p>\t\t\t\t\t\t\t\t<\/div>\n\t\t\t\t<div class=\"elementor-element elementor-element-e8c12cc elementor-widget elementor-widget-iprogress\" data-id=\"e8c12cc\" data-element_type=\"widget\" data-e-type=\"widget\" data-widget_type=\"iprogress.default\">\n\t\t\t\t<div class=\"elementor-widget-container\">\n\t\t\t\t\t\r\n\t\t\t\t<div class=\"ot-progress\" data-percent=\"100\">\r\n\t\t\t<div class=\"overflow\">\r\n\t        \t<span class=\"pname f-left\">MAALRIT\u00d6\u00d6D<\/span>\t        <\/div>\r\n\t        <div class=\"iprogress\">\r\n\t\t\t\t<div class=\"progress-bar\">\r\n\t\t\t\t\t<span class=\"ppercent\"><\/span>\t\t\t\t<\/div>\r\n\t\t\t<\/div>\r\n\t    <\/div>\r\n\t\t\t\t\t\t<\/div>\n\t\t\t\t<\/div>\n\t\t\t\t<div class=\"elementor-element elementor-element-637ffa9 elementor-widget elementor-widget-iprogress\" data-id=\"637ffa9\" data-element_type=\"widget\" data-e-type=\"widget\" data-widget_type=\"iprogress.default\">\n\t\t\t\t<div class=\"elementor-widget-container\">\n\t\t\t\t\t\r\n\t\t\t\t<div class=\"ot-progress\" data-percent=\"100\">\r\n\t\t\t<div class=\"overflow\">\r\n\t        \t<span class=\"pname f-left\">DEKORATIIVT\u00d6\u00d6D<\/span>\t        <\/div>\r\n\t        <div class=\"iprogress\">\r\n\t\t\t\t<div class=\"progress-bar\">\r\n\t\t\t\t\t<span class=\"ppercent\"><\/span>\t\t\t\t<\/div>\r\n\t\t\t<\/div>\r\n\t    <\/div>\r\n\t\t\t\t\t\t<\/div>\n\t\t\t\t<\/div>\n\t\t\t\t<div class=\"elementor-element elementor-element-0a84e32 elementor-widget elementor-widget-iprogress\" data-id=\"0a84e32\" data-element_type=\"widget\" data-e-type=\"widget\" data-widget_type=\"iprogress.default\">\n\t\t\t\t<div class=\"elementor-widget-container\">\n\t\t\t\t\t\r\n\t\t\t\t<div class=\"ot-progress\" data-percent=\"100\">\r\n\t\t\t<div class=\"overflow\">\r\n\t        \t<span class=\"pname f-left\">Objekti juhtimine<\/span>\t        <\/div>\r\n\t        <div class=\"iprogress\">\r\n\t\t\t\t<div class=\"progress-bar\">\r\n\t\t\t\t\t<span class=\"ppercent\"><\/span>\t\t\t\t<\/div>\r\n\t\t\t<\/div>\r\n\t    <\/div>\r\n\t\t\t\t\t\t<\/div>\n\t\t\t\t<\/div>\n\t\t\t\t\t<\/div>\n\t\t<\/div>\n\t\t\t\t\t<\/div>\n\t\t<\/section>\n\t\t<div class=\"elementor-element elementor-element-da1ec94 e-flex e-con-boxed e-con e-parent\" data-id=\"da1ec94\" data-element_type=\"container\" data-e-type=\"container\">\n\t\t\t\t\t<div class=\"e-con-inner\">\n\t\t\t\t<div class=\"elementor-element elementor-element-694f48a elementor-widget elementor-widget-heading\" data-id=\"694f48a\" data-element_type=\"widget\" data-e-type=\"widget\" data-widget_type=\"heading.default\">\n\t\t\t\t\t<h5 class=\"elementor-heading-title elementor-size-default\"><b>Kui Teid huvitab see teenus, v\u00f5tke meiega \u00fchendust.<\/b><\/h5>\t\t\t\t<\/div>\n\t\t\t\t\t<\/div>\n\t\t\t\t<\/div>\n\t\t<div class=\"elementor-element elementor-element-7e4b557 e-flex e-con-boxed e-con e-parent\" data-id=\"7e4b557\" data-element_type=\"container\" data-e-type=\"container\">\n\t\t\t\t\t<div class=\"e-con-inner\">\n\t\t\t\t<div class=\"elementor-element elementor-element-dacecdf elementor-widget elementor-widget-button\" data-id=\"dacecdf\" data-element_type=\"widget\" data-e-type=\"widget\" data-widget_type=\"button.default\">\n\t\t\t\t\t\t\t\t\t\t<a class=\"elementor-button elementor-button-link elementor-size-sm\" href=\"https:\/\/ehitusartdesign.ee\/kontakt\/\">\n\t\t\t\t\t\t<span class=\"elementor-button-content-wrapper\">\n\t\t\t\t\t\t\t\t\t<span class=\"elementor-button-text\">V\u00f5ta \u00fchendust<\/span>\n\t\t\t\t\t<\/span>\n\t\t\t\t\t<\/a>\n\t\t\t\t\t\t\t\t<\/div>\n\t\t\t\t\t<\/div>\n\t\t\t\t<\/div>\n\t\t\t\t<\/div>\n\t\t","protected":false},"excerpt":{"rendered":"<p>Valerijs Karlovskis [ EHITUSINSENER ]\u200b OSAKOND: Ehitusinsener T\u00d6\u00d6KOGEMUS: \u00dcle 25 aastat E-MAIL: karlovskis@gmail.com TELEFONINUMBER: +37258332206 Facebook-f Instagram Biograafia Valerijs Karlovskis on meie ehitusinsener. Ta maarendab ehitusprojekte, juhib \u00fcldiseid ehitust\u00f6id, viib l\u00e4bi ehituskonstruktsioonide paigaldust, j\u00e4lgib materjalide ja konstruktsioonide kvaliteeti ning tegele normeerimise ja eelarvestamisega. Kui oluline on teile kvaliteet ja t\u00e4psus, siis see spetsialist on teie [&hellip;]<\/p>\n","protected":false},"author":1,"featured_media":0,"parent":7296,"menu_order":15,"comment_status":"closed","ping_status":"closed","template":"","meta":{"footnotes":""},"class_list":["post-7328","page","type-page","status-publish","hentry"],"_links":{"self":[{"href":"https:\/\/ehitusartdesign.ee\/ru\/wp-json\/wp\/v2\/pages\/7328","targetHints":{"allow":["GET"]}}],"collection":[{"href":"https:\/\/ehitusartdesign.ee\/ru\/wp-json\/wp\/v2\/pages"}],"about":[{"href":"https:\/\/ehitusartdesign.ee\/ru\/wp-json\/wp\/v2\/types\/page"}],"author":[{"embeddable":true,"href":"https:\/\/ehitusartdesign.ee\/ru\/wp-json\/wp\/v2\/users\/1"}],"replies":[{"embeddable":true,"href":"https:\/\/ehitusartdesign.ee\/ru\/wp-json\/wp\/v2\/comments?post=7328"}],"version-history":[{"count":46,"href":"https:\/\/ehitusartdesign.ee\/ru\/wp-json\/wp\/v2\/pages\/7328\/revisions"}],"predecessor-version":[{"id":9199,"href":"https:\/\/ehitusartdesign.ee\/ru\/wp-json\/wp\/v2\/pages\/7328\/revisions\/9199"}],"up":[{"embeddable":true,"href":"https:\/\/ehitusartdesign.ee\/ru\/wp-json\/wp\/v2\/pages\/7296"}],"wp:attachment":[{"href":"https:\/\/ehitusartdesign.ee\/ru\/wp-json\/wp\/v2\/media?parent=7328"}],"curies":[{"name":"wp","href":"https:\/\/api.w.org\/{rel}","templated":true}]}}