{"id":7522,"date":"2024-03-12T03:40:36","date_gmt":"2024-03-12T03:40:36","guid":{"rendered":"https:\/\/www.ehitusartdesign.ee\/?page_id=7522"},"modified":"2026-03-03T11:03:29","modified_gmt":"2026-03-03T11:03:29","slug":"mikrotsemendi-hooldamine","status":"publish","type":"page","link":"https:\/\/ehitusartdesign.ee\/ru\/mikrotsemendi-hooldamine\/","title":{"rendered":"\u0423\u0445\u043e\u0434 \u0437\u0430 \u043c\u0438\u043a\u0440\u043e\u0446\u0435\u043c\u0435\u043d\u0442\u043e\u043c"},"content":{"rendered":"<div data-elementor-type=\"wp-page\" data-elementor-id=\"7522\" class=\"elementor elementor-7522\" data-elementor-post-type=\"page\">\n\t\t\t\t<div class=\"elementor-element elementor-element-65f44f2 e-flex e-con-boxed e-con e-parent\" data-id=\"65f44f2\" data-element_type=\"container\" data-e-type=\"container\">\n\t\t\t\t\t<div class=\"e-con-inner\">\n\t\t\t\t<div class=\"elementor-element elementor-element-b4e00e8 elementor-widget elementor-widget-text-editor\" data-id=\"b4e00e8\" data-element_type=\"widget\" data-e-type=\"widget\" data-widget_type=\"text-editor.default\">\n\t\t\t\t\t\t\t\t\t<p style=\"text-align: center;\"><img decoding=\"async\" class=\"alignnone size-medium wp-image-7523\" src=\"https:\/\/www.ehitusartdesign.ee\/wp-content\/uploads\/2024\/03\/toplogo-300x50.png\" alt=\"\" width=\"300\" height=\"50\" srcset=\"https:\/\/ehitusartdesign.ee\/wp-content\/uploads\/2024\/03\/toplogo-300x50.png 300w, https:\/\/ehitusartdesign.ee\/wp-content\/uploads\/2024\/03\/toplogo-1024x171.png 1024w, https:\/\/ehitusartdesign.ee\/wp-content\/uploads\/2024\/03\/toplogo-768x128.png 768w, https:\/\/ehitusartdesign.ee\/wp-content\/uploads\/2024\/03\/toplogo-1536x256.png 1536w, https:\/\/ehitusartdesign.ee\/wp-content\/uploads\/2024\/03\/toplogo-18x3.png 18w, https:\/\/ehitusartdesign.ee\/wp-content\/uploads\/2024\/03\/toplogo-1320x220.png 1320w, https:\/\/ehitusartdesign.ee\/wp-content\/uploads\/2024\/03\/toplogo-600x100.png 600w, https:\/\/ehitusartdesign.ee\/wp-content\/uploads\/2024\/03\/toplogo.png 1945w\" sizes=\"(max-width: 300px) 100vw, 300px\" \/><\/p><p style=\"text-align: center;\"><span style=\"color: #000000;\"><strong>\u041a\u0430\u043a \u0443\u0445\u0430\u0436\u0438\u0432\u0430\u0442\u044c \u0437\u0430 \u043c\u0438\u043a\u0440\u043e\u0446\u0435\u043c\u0435\u043d\u0442\u043e\u043c?<\/strong><\/span><\/p><p class=\"translation-block\"><strong>\u041f\u0435\u0440\u0432\u043e\u043d\u0430\u0447\u0430\u043b\u044c\u043d\u044b\u0439 \u0443\u0445\u043e\u0434<\/strong> \n<br>\u041c\u0438\u043a\u0440\u043e\u0446\u0435\u043c\u0435\u043d\u0442 \u0434\u043e\u0441\u0442\u0438\u0433\u0430\u0435\u0442 \u0441\u0432\u043e\u0435\u0439 \u043c\u0430\u043a\u0441\u0438\u043c\u0430\u043b\u044c\u043d\u043e\u0439 \u0442\u0432\u0435\u0440\u0434\u043e\u0441\u0442\u0438, \u0445\u0438\u043c\u0438\u0447\u0435\u0441\u043a\u043e\u0439 \u0441\u0442\u043e\u0439\u043a\u043e\u0441\u0442\u0438 \u0438 \u0432\u043e\u0434\u043e\u043d\u0435\u043f\u0440\u043e\u043d\u0438\u0446\u0430\u0435\u043c\u043e\u0441\u0442\u0438 \u0447\u0435\u0440\u0435\u0437 \u043c\u0435\u0441\u044f\u0446 \u043f\u043e\u0441\u043b\u0435 \u043d\u0430\u043d\u0435\u0441\u0435\u043d\u0438\u044f. \u041e\u0441\u043e\u0431\u0443\u044e \u043e\u0441\u0442\u043e\u0440\u043e\u0436\u043d\u043e\u0441\u0442\u044c \u0441\u043b\u0435\u0434\u0443\u0435\u0442 \u043f\u0440\u043e\u044f\u0432\u043b\u044f\u0442\u044c \u0432 \u043f\u0435\u0440\u0432\u044b\u0435 \u0434\u0432\u0435 \u043d\u0435\u0434\u0435\u043b\u0438, \u043a\u043e\u0433\u0434\u0430 \u0440\u0438\u0441\u043a \u043f\u043e\u0432\u0440\u0435\u0436\u0434\u0435\u043d\u0438\u0439 \u043d\u0430\u0438\u0431\u043e\u043b\u0435\u0435 \u0432\u044b\u0441\u043e\u043a. \u0427\u0435\u0440\u0435\u0437 \u0434\u0432\u0430 \u0434\u043d\u044f \u043f\u043e\u0441\u043b\u0435 \u043d\u0430\u043d\u0435\u0441\u0435\u043d\u0438\u044f \u043f\u043e\u043a\u0440\u044b\u0442\u0438\u044f \u043d\u0430 \u043d\u0435\u0433\u043e \u043c\u043e\u0436\u043d\u043e \u043d\u0430\u0441\u0442\u0443\u043f\u0430\u0442\u044c, \u0430 \u0447\u0435\u0440\u0435\u0437 \u043d\u0435\u0434\u0435\u043b\u044e \u043f\u043e\u0441\u043b\u0435 \u043d\u0430\u043d\u0435\u0441\u0435\u043d\u0438\u044f \u043c\u0438\u043a\u0440\u043e\u0446\u0435\u043c\u0435\u043d\u0442\u0430 \u043f\u043e \u043d\u0435\u043c\u0443 \u043c\u043e\u0436\u043d\u043e \u0441\u0432\u043e\u0431\u043e\u0434\u043d\u043e \u0445\u043e\u0434\u0438\u0442\u044c. \u0412 \u0442\u0435\u0447\u0435\u043d\u0438\u0435 \u043f\u0435\u0440\u0432\u044b\u0445 \u0434\u0432\u0443\u0445 \u043d\u0435\u0434\u0435\u043b\u044c \u043d\u0435 \u043d\u0430\u043a\u0440\u044b\u0432\u0430\u0439\u0442\u0435 \u043f\u043e\u043a\u0440\u044b\u0442\u0438\u0435 \u043d\u0438\u0447\u0435\u043c, \u0432\u043a\u043b\u044e\u0447\u0430\u044f \u043a\u0440\u0430\u0441\u043a\u0443 \u0438\u043b\u0438 \u043a\u043e\u0432\u0435\u0440.<\/p><p class=\"translation-block\"><strong>\u041e\u0441\u043e\u0431\u044b\u0439 \u0443\u0445\u043e\u0434<\/strong> \n<br>\u0423\u0445\u043e\u0434 \u0437\u0430 \u043c\u0438\u043a\u0440\u043e\u0446\u0435\u043c\u0435\u043d\u0442\u043d\u044b\u043c\u0438 \u043f\u043e\u043b\u0430\u043c\u0438 \u0430\u043d\u0430\u043b\u043e\u0433\u0438\u0447\u0435\u043d \u0443\u0445\u043e\u0434\u0443 \u0437\u0430 \u043f\u043e\u043b\u0430\u043c\u0438 \u0438\u0437 \u043d\u0430\u0442\u0443\u0440\u0430\u043b\u044c\u043d\u043e\u0433\u043e \u0434\u0435\u0440\u0435\u0432\u0430. \u0425\u043e\u0442\u044f \u043f\u043e\u043a\u0440\u044b\u0442\u0438\u0435 \u0432\u043e\u0434\u043e\u043d\u0435\u043f\u0440\u043e\u043d\u0438\u0446\u0430\u0435\u043c\u043e, \u0432\u0430\u0436\u043d\u043e \u0438\u0437\u0431\u0435\u0433\u0430\u0442\u044c \u0434\u043b\u0438\u0442\u0435\u043b\u044c\u043d\u043e\u0433\u043e \u043a\u043e\u043d\u0442\u0430\u043a\u0442\u0430 \u0441 \u0432\u043b\u0430\u0433\u043e\u0439, \u043d\u0430\u043f\u0440\u0438\u043c\u0435\u0440, \u0441 \u043c\u043e\u043a\u0440\u044b\u043c\u0438 \u043f\u043e\u043b\u043e\u0442\u0435\u043d\u0446\u0430\u043c\u0438 (\u043e\u0441\u043e\u0431\u0435\u043d\u043d\u043e \u0435\u0441\u043b\u0438 \u043e\u043d\u0438 \u043f\u0440\u043e\u043b\u0438\u0432\u0430\u044e\u0442\u0441\u044f), \u0442\u0440\u044f\u043f\u043a\u0430\u043c\u0438, \u0432\u0435\u0434\u0440\u0430\u043c\u0438 \u0438 \u0442. \u0434. \u041e\u0447\u0435\u043d\u044c \u0432\u0430\u0436\u043d\u043e, \u0447\u0442\u043e\u0431\u044b \u043d\u0430 \u043f\u043e\u0432\u0435\u0440\u0445\u043d\u043e\u0441\u0442\u044c \u043d\u0435 \u043f\u043e\u043f\u0430\u0434\u0430\u043b\u0438 \u0442\u0430\u043a\u0438\u0435 \u043c\u0430\u0442\u0435\u0440\u0438\u0430\u043b\u044b, \u043a\u0430\u043a \u043a\u0430\u043c\u043d\u0438 \u0438\u043b\u0438 \u043f\u0435\u0441\u043e\u043a, \u043a\u043e\u0442\u043e\u0440\u044b\u0435 \u043c\u043e\u0433\u0443\u0442 \u043f\u043e\u0446\u0430\u0440\u0430\u043f\u0430\u0442\u044c \u043c\u0438\u043a\u0440\u043e\u0446\u0435\u043c\u0435\u043d\u0442. \u0427\u0442\u043e\u0431\u044b \u043d\u0435 \u043f\u043e\u0432\u0440\u0435\u0434\u0438\u0442\u044c \u043f\u043e\u043a\u0440\u044b\u0442\u0438\u0435, \u0441\u043b\u0435\u0434\u0443\u0435\u0442 \u0438\u0437\u0431\u0435\u0433\u0430\u0442\u044c \u0442\u0440\u0435\u043d\u0438\u044f \u0441 \u0442\u0432\u0435\u0440\u0434\u044b\u043c\u0438 \u0438 \u0442\u044f\u0436\u0435\u043b\u044b\u043c\u0438 \u043f\u0440\u0435\u0434\u043c\u0435\u0442\u0430\u043c\u0438, \u043d\u0430\u043f\u0440\u0438\u043c\u0435\u0440, \u0435\u0441\u043b\u0438 \u043d\u0435\u043e\u0431\u0445\u043e\u0434\u0438\u043c\u043e \u043f\u0435\u0440\u0435\u0434\u0432\u0438\u043d\u0443\u0442\u044c \u043c\u0435\u0431\u0435\u043b\u044c, \u0435\u0435 \u0441\u043b\u0435\u0434\u0443\u0435\u0442 \u043d\u0435 \u0442\u0430\u0449\u0438\u0442\u044c, \u0430 \u043f\u043e\u0434\u043d\u044f\u0442\u044c \u0438 \u0430\u043a\u043a\u0443\u0440\u0430\u0442\u043d\u043e \u043f\u0435\u0440\u0435\u043d\u0435\u0441\u0442\u0438 \u043d\u0430 \u043d\u043e\u0432\u043e\u0435 \u043c\u0435\u0441\u0442\u043e. \u0415\u0441\u043b\u0438 \u043c\u0435\u0431\u0435\u043b\u044c \u0438\u043c\u0435\u0435\u0442 \u043e\u0441\u0442\u0440\u044b\u0435 \u0438\u043b\u0438 \u043c\u0435\u0442\u0430\u043b\u043b\u0438\u0447\u0435\u0441\u043a\u0438\u0435 \u043d\u043e\u0436\u043a\u0438, \u0440\u0435\u043a\u043e\u043c\u0435\u043d\u0434\u0443\u0435\u0442\u0441\u044f \u0438\u0441\u043f\u043e\u043b\u044c\u0437\u043e\u0432\u0430\u0442\u044c \u0441\u043f\u0435\u0446\u0438\u0430\u043b\u044c\u043d\u044b\u0435 \u0431\u0435\u043b\u044b\u0435 \u0440\u0435\u0437\u0438\u043d\u043e\u0432\u044b\u0435 \u043f\u0440\u043e\u043a\u043b\u0430\u0434\u043a\u0438. \u0415\u0441\u043b\u0438 \u043d\u0430 \u0440\u0430\u0431\u043e\u0447\u0443\u044e \u043f\u043e\u0432\u0435\u0440\u0445\u043d\u043e\u0441\u0442\u044c \u043d\u0430\u043d\u0435\u0441\u0435\u043d \u043c\u0438\u043a\u0440\u043e\u0446\u0435\u043c\u0435\u043d\u0442, \u043d\u0438\u043a\u043e\u0433\u0434\u0430 \u043d\u0435 \u0441\u0442\u0430\u0432\u044c\u0442\u0435 \u0433\u043e\u0440\u044f\u0447\u0438\u0435 \u043a\u0430\u0441\u0442\u0440\u044e\u043b\u0438 \u0438 \u0441\u043a\u043e\u0432\u043e\u0440\u043e\u0434\u043a\u0438 \u043f\u0440\u044f\u043c\u043e \u043d\u0430 \u043f\u043e\u0432\u0435\u0440\u0445\u043d\u043e\u0441\u0442\u044c, \u0438\u0441\u043f\u043e\u043b\u044c\u0437\u0443\u0439\u0442\u0435 \u0441\u043f\u0435\u0446\u0438\u0430\u043b\u044c\u043d\u044b\u0435 \u043f\u043e\u0434\u0441\u0442\u0430\u0432\u043a\u0438.<\/p><p class=\"translation-block\"><strong>\u0423\u0431\u043e\u0440\u043a\u0430<\/strong>\n<br>\u0414\u043b\u044f \u043e\u0447\u0438\u0441\u0442\u043a\u0438 \u043f\u043e\u043a\u0440\u044b\u0442\u0438\u0439 \u0438\u0437 \u043c\u0438\u043a\u0440\u043e\u0446\u0435\u043c\u0435\u043d\u0442\u0430 \u043c\u044b \u0440\u0435\u043a\u043e\u043c\u0435\u043d\u0434\u0443\u0435\u043c \u0438\u0441\u043f\u043e\u043b\u044c\u0437\u043e\u0432\u0430\u0442\u044c \u0441\u043e\u0437\u0434\u0430\u043d\u043d\u044b\u0435 \u0441\u043f\u0435\u0446\u0438\u0430\u043b\u044c\u043d\u043e \u0434\u043b\u044f \u044d\u0442\u043e\u0433\u043e \u0447\u0438\u0441\u0442\u044f\u0449\u0438\u0435 \u0441\u0440\u0435\u0434\u0441\u0442\u0432\u0430: Ecoclean \u0438 Ecoclean Pro. Ecoclean  \u044f\u0432\u043b\u044f\u0435\u0442\u0441\u044f  \u044d\u043a\u043e\u043b\u043e\u0433\u0438\u0447\u0435\u0441\u043a\u0438  \u0447\u0438\u0441\u0442\u044b\u043c  \u043a\u043e\u043d\u0446\u0435\u043d\u0442\u0440\u0438\u0440\u043e\u0432\u0430\u043d\u043d\u044b\u043c  \u0441\u0440\u0435\u0434\u0441\u0442\u0432\u043e\u043c  \u0434\u043b\u044f \u0434\u043e\u043c\u0430\u0448\u043d\u0435\u0433\u043e  \u0438\u0441\u043f\u043e\u043b\u044c\u0437\u043e\u0432\u0430\u043d\u0438\u044f,  \u043a\u043e\u0442\u043e\u0440\u043e\u0435  \u0438\u0434\u0435\u0430\u043b\u044c\u043d\u043e  \u043f\u043e\u0434\u0445\u043e\u0434\u0438\u0442  \u0434\u043b\u044f  \u043e\u0447\u0438\u0441\u0442\u043a\u0438  \u043f\u043e\u043b\u043e\u0432. Ecoclean  \u043f\u0440\u043e\u0434\u0430\u0435\u0442\u0441\u044f  \u0432  \u043a\u043e\u043d\u0446\u0435\u043d\u0442\u0440\u0438\u0440\u043e\u0432\u0430\u043d\u043d\u043e\u043c  \u0432\u0438\u0434\u0435,  \u043f\u043e\u044d\u0442\u043e\u043c\u0443  \u043f\u0435\u0440\u0435\u0434  \u043d\u0430\u0447\u0430\u043b\u043e\u043c \u043f\u0440\u0438\u043c\u0435\u043d\u0435\u043d\u0438\u044f \u0435\u0433\u043e \u0441\u043b\u0435\u0434\u0443\u0435\u0442 \u0440\u0430\u0437\u0431\u0430\u0432\u0438\u0442\u044c \u0432\u043e\u0434\u043e\u0439. \u0412\u043d\u0438\u043c\u0430\u043d\u0438\u0435, \u043f\u043e\u043a\u0440\u044b\u0442\u0438\u044f \u0438\u0437 \u043c\u0438\u043a\u0440\u043e\u0446\u0435\u043c\u0435\u043d\u0442\u0430 \u043c\u043e\u0436\u043d\u043e  \u043e\u0447\u0438\u0449\u0430\u0442\u044c  \u0441  \u043f\u043e\u043c\u043e\u0449\u044c\u044e  Ecoclean  \u043b\u0438\u0448\u044c  \u0447\u0435\u0440\u0435\u0437  2  \u043d\u0435\u0434\u0435\u043b\u0438  \u043f\u043e\u0441\u043b\u0435  \u043d\u0430\u043d\u0435\u0441\u0435\u043d\u0438\u044f Topsealer. Ecoclean  Pro -\u044d\u0442\u043e \u043f\u0440\u043e\u0444\u0435\u0441\u0441\u0438\u043e\u043d\u0430\u043b\u044c\u043d\u043e\u0435 \u044d\u043a\u043e\u043b\u043e\u0433\u0438\u0447\u0435\u0441\u043a\u043e\u0435 \u0447\u0438\u0441\u0442\u044f\u0449\u0435\u0435 \u0441\u0440\u0435\u0434\u0441\u0442\u0432\u043e, \u043a\u043e\u0442\u043e\u0440\u043e\u0435 \u043f\u0440\u0435\u0434\u043d\u0430\u0437\u043d\u0430\u0447\u0435\u043d\u043e \u0434\u043b\u044f \u043e\u0447\u0438\u0441\u0442\u043a\u0438 \u0441\u043b\u043e\u0436\u043d\u044b\u0445 \u0438 \u0441\u0442\u043e\u0439\u043a\u0438\u0445 \u043f\u044f\u0442\u0435\u043d. \u0412 \u043e\u0442\u043b\u0438\u0447\u0438\u0435 \u043e\u0442 Ecoclean, Ecoclean  Pro\u0440\u0430\u0437\u0431\u0430\u0432\u043b\u044f\u0442\u044c \u0432\u043e\u0434\u043e\u0439 \u043d\u0435 \u043d\u0443\u0436\u043d\u043e. \u0420\u0430\u0432\u043d\u043e\u043c\u0435\u0440\u043d\u043e \u0440\u0430\u0441\u043f\u0440\u044b\u0441\u043a\u0430\u0439\u0442\u0435 \u0432\u0435\u0449\u0435\u0441\u0442\u0432\u043e \u0432 \u0447\u0438\u0441\u0442\u043e\u043c \u0432\u0438\u0434\u0435 \u043f\u043e \u043f\u043e\u0432\u0435\u0440\u0445\u043d\u043e\u0441\u0442\u0438 \u0438 \u043e\u0441\u0442\u0430\u0432\u044c\u0442\u0435 \u043d\u0430 \u043d\u0435\u0441\u043a\u043e\u043b\u044c\u043a\u043e \u043c\u0438\u043d\u0443\u0442. \u0415\u0449\u0435 \u043e\u0434\u043d\u043e\u0439 \u0430\u043b\u044c\u0442\u0435\u0440\u043d\u0430\u0442\u0438\u0432\u043e\u0439 \u0434\u043b\u044f \u043e\u0447\u0438\u0441\u0442\u043a\u0438 \u043f\u043e\u043a\u0440\u044b\u0442\u0438\u0439 \u0438\u0437 \u043c\u0438\u043a\u0440\u043e\u0446\u0435\u043c\u0435\u043d\u0442\u0430 \u044f\u0432\u043b\u044f\u044e\u0442\u0441\u044f \u043c\u044b\u043b\u0430 \u0441 \u043d\u0435\u0439\u0442\u0440\u0430\u043b\u044c\u043d\u044b\u043c \u0420\u041d. \u0418\u0441\u043f\u043e\u043b\u044c\u0437\u043e\u0432\u0430\u043d\u0438\u0435 \u0430\u0433\u0440\u0435\u0441\u0441\u0438\u0432\u043d\u044b\u0445 \u0447\u0438\u0441\u0442\u044f\u0449\u0438\u0445 \u0441\u0440\u0435\u0434\u0441\u0442\u0432 \u043a\u0430\u0442\u0435\u0433\u043e\u0440\u0438\u0447\u0435\u0441\u043a\u0438 \u0437\u0430\u043f\u0440\u0435\u0449\u0435\u043d\u043e. \u041c\u0438\u043a\u0440\u043e\u0446\u0435\u043c\u0435\u043d\u0442 \u043d\u0435\u043b\u044c\u0437\u044f \u0447\u0438\u0441\u0442\u0438\u0442\u044c \u0441 \u043f\u043e\u043c\u043e\u0449\u044c\u044e \u0442\u0430\u043a\u0438\u0445 \u043f\u0440\u043e\u0434\u0443\u043a\u0442\u043e\u0432, \u043a\u0430\u043a \u0445\u043b\u043e\u0440, \u043e\u0442\u0431\u0435\u043b\u0438\u0432\u0430\u0442\u0435\u043b\u044c,  \u0430\u043c\u043c\u0438\u0430\u043a  \u0438  \u0434\u0440\u0443\u0433\u0438\u0445  \u043c\u043e\u044e\u0449\u0438\u0445  \u0441\u0440\u0435\u0434\u0441\u0442\u0432,  \u043a\u043e\u0442\u043e\u0440\u044b\u0435  \u043d\u0435  \u044f\u0432\u043b\u044f\u044e\u0442\u0441\u044f \u043d\u0435\u0439\u0442\u0440\u0430\u043b\u044c\u043d\u044b\u043c\u0438 PH. \u0414\u0430\u0436\u0435 \u043f\u0440\u0438 \u043e\u0447\u0438\u0441\u0442\u043a\u0435 \u043d\u0435\u0439\u0442\u0440\u0430\u043b\u044c\u043d\u044b\u043c\u0438 \u0441\u0440\u0435\u0434\u0441\u0442\u0432\u0430\u043c\u0438 \u043c\u044b \u043d\u0435 \n\u0440\u0435\u043a\u043e\u043c\u0435\u043d\u0434\u0443\u0435\u043c, \u0447\u0442\u043e\u0431\u044b \u043c\u044b\u043b\u043e \u043d\u0430\u0445\u043e\u0434\u0438\u043b\u043e\u0441\u044c \u0432 \u043a\u043e\u043d\u0442\u0430\u043a\u0442\u0435 \u0441 \u043c\u0438\u043a\u0440\u043e\u0446\u0435\u043c\u0435\u043d\u0442\u043e\u043c \u0441\u043b\u0438\u0448\u043a\u043e\u043c \u0434\u043e\u043b\u0433\u043e\u0435 \u0432\u0440\u0435\u043c\u044f. \u0422\u0430\u043a\u0436\u0435, \u0432\u0441\u0435\u0433\u0434\u0430 \u0441\u043b\u0435\u0434\u0443\u0435\u0442 \u0443\u0447\u0438\u0442\u044b\u0432\u0430\u0442\u044c \u0441\u043b\u0435\u0434\u0443\u044e\u0449\u0438\u0435 \u0444\u0430\u043a\u0442\u043e\u0440\u044b: \u0447\u0435\u043c \u0433\u0440\u0443\u0431\u0435\u0435 \u0442\u0435\u043a\u0441\u0442\u0443\u0440\u0430 \u0443 \u043c\u0438\u043a\u0440\u043e\u0446\u0435\u043c\u0435\u043d\u0442\u0430, \u0442\u0435\u043c \u0431\u043e\u043b\u044c\u0448\u0438\u043c\u0438 \u043f\u0440\u043e\u0442\u0438\u0432\u043e\u0441\u043a\u043e\u043b\u044c\u0437\u044f\u0449\u0438\u043c\u0438 \u0441\u0432\u043e\u0439\u0441\u0442\u0432\u0430\u043c\u0438 \u0431\u0443\u0434\u0435\u0442 \u043e\u0431\u043b\u0430\u0434\u0430\u0442\u044c \u043f\u043e\u043a\u0440\u044b\u0442\u0438\u0435, \u0430 \u0441\u043b\u0435\u0434\u043e\u0432\u0430\u0442\u0435\u043b\u044c\u043d\u043e, \u0442\u0430\u043a\u043e\u0435 \u043f\u043e\u043a\u0440\u044b\u0442\u0438\u0435 \u0431\u0443\u0434\u0435\u0442 \u043d\u0430\u043c\u043d\u043e\u0433\u043e \u0441\u043b\u043e\u0436\u043d\u0435\u0435 \u043e\u0447\u0438\u0449\u0430\u0442\u044c.  \u041f\u043e\u044d\u0442\u043e\u043c\u0443  \u043c\u044b  \u0440\u0435\u043a\u043e\u043c\u0435\u043d\u0434\u0443\u0435\u043c  Microdeck  \u0434\u043b\u044f  \u0432\u043d\u0443\u0442\u0440\u0435\u043d\u043d\u0438\u0445  \u043f\u043e\u043c\u0435\u0449\u0435\u043d\u0438\u0439  \u0438 Microstone \u0434\u043b\u044f \u043d\u0430\u0440\u0443\u0436\u043d\u044b\u0445 \u0440\u0430\u0431\u043e\u0442.<\/p><p><span style=\"color: #000000;\"><strong>\u041f\u0435\u0440\u0438\u043e\u0434\u0438\u0447\u0435\u0441\u043a\u0438\u0439 \u0443\u0445\u043e\u0434<\/strong> <\/span><br \/><span style=\"color: #000000;\">\u041c\u044b  \u0440\u0435\u043a\u043e\u043c\u0435\u043d\u0434\u0443\u0435\u043c  \u0432\u0440\u0435\u043c\u044f  \u043e\u0442  \u0432\u0440\u0435\u043c\u0435\u043d\u0438  \u043e\u0431\u0440\u0430\u0431\u0430\u0442\u044b\u0432\u0430\u0442\u044c  \u0412\u0430\u0448\u0435  \u043f\u043e\u043a\u0440\u044b\u0442\u0438\u0435  \u0438\u0437 \u043c\u0438\u043a\u0440\u043e\u0446\u0435\u043c\u0435\u043d\u0442\u0430 \u0441\u043f\u0435\u0446\u0438\u0430\u043b\u044c\u043d\u044b\u043c \u0430\u043a\u0440\u0438\u043b\u043e\u0432\u044b\u043c \u0432\u043e\u0441\u043a\u043e\u043c Ceraciment, \u043a\u043e\u0442\u043e\u0440\u044b\u0439 \u043d\u0435 \u0442\u043e\u043b\u044c\u043a\u043e \u043f\u043e\u0434\u043f\u0438\u0442\u044b\u0432\u0430\u0435\u0442 \u0438 \u0443\u043a\u0440\u0435\u043f\u043b\u044f\u0435\u0442 \u043f\u043e\u043a\u0440\u044b\u0442\u0438\u0435, \u043d\u043e \u0438 \u0441\u043e\u0437\u0434\u0430\u0435\u0442 \u0441\u043f\u0435\u0446\u0438\u0430\u043b\u044c\u043d\u044b\u0439 \u0447\u0443\u0442\u044c \u0431\u043b\u0435\u0441\u0442\u044f\u0449\u0438\u0439 \u0437\u0430\u0449\u0438\u0442\u043d\u044b\u0439 \u0441\u043b\u043e\u0439. \u0414\u043b\u044f \u043f\u0440\u043e\u0444\u0435\u0441\u0441\u0438\u043e\u043d\u0430\u043b\u044c\u043d\u043e\u0433\u043e \u0438\u0441\u043f\u043e\u043b\u044c\u0437\u043e\u0432\u0430\u043d\u0438\u044f, \u043d\u0430\u043f\u0440\u0438\u043c\u0435\u0440 \u0434\u043b\u044f \u0437\u0430\u0449\u0438\u0442\u044b \u043d\u0430\u043f\u043e\u043b\u044c\u043d\u044b\u0445  \u043f\u043e\u043a\u0440\u044b\u0442\u0438\u0439  \u0432  \u043c\u0435\u0441\u0442\u0430\u0445  \u0432\u044b\u0441\u043e\u043a\u043e\u0439  \u043f\u0440\u043e\u0445\u043e\u0434\u0438\u043c\u043e\u0441\u0442\u0438,  \u043c\u044b  \u0440\u0435\u043a\u043e\u043c\u0435\u043d\u0434\u0443\u0435\u043c \u0438\u0441\u043f\u043e\u043b\u044c\u0437\u043e\u0432\u0430\u0442\u044c Ceraciment PRO. Ceraciment PRO \u043e\u0447\u0435\u043d\u044c \u0443\u0441\u0442\u043e\u0439\u0447\u0438\u0432 \u043a \u0438\u0441\u0442\u0438\u0440\u0430\u043d\u0438\u044e \u0438 \u043f\u0440\u0438\u0434\u0430\u0435\u0442  \u043f\u043e\u043a\u0440\u044b\u0442\u0438\u044e  \u043b\u0435\u0433\u043a\u0438\u0439  \u043c\u0435\u0442\u0430\u043b\u043b\u0438\u0447\u0435\u0441\u043a\u0438\u0439  \u0431\u043b\u0435\u0441\u043a.  \u0415\u0441\u043b\u0438  \u0412\u044b  \u0435\u0449\u0435  \u043d\u0435  \u0443\u0441\u043f\u0435\u043b\u0438 \u043f\u0440\u0438\u043e\u0431\u0440\u0435\u0441\u0442\u0438  Ceraciment  PRO,  \u0432\u043e\u0441\u043a,  \u0441\u043e\u0437\u0434\u0430\u043d\u043d\u044b\u0439  \u0441\u043f\u0435\u0446\u0438\u0430\u043b\u044c\u043d\u043e  \u0434\u043b\u044f  \u043f\u043e\u043a\u0440\u044b\u0442\u0438\u0439  \u0438\u0437 Topciment,  \u0412\u044b  \u0442\u0430\u043a\u0436\u0435  \u043c\u043e\u0436\u0435\u0442\u0435  \u0438\u0441\u043f\u043e\u043b\u044c\u0437\u043e\u0432\u0430\u0442\u044c  \u043b\u044e\u0431\u043e\u0439  \u0434\u0440\u0443\u0433\u043e\u0439  \u0432\u043e\u0441\u043a  \u043d\u0430  \u0430\u043a\u0440\u0438\u043b\u043e\u0432\u043e\u0439 \u043e\u0441\u043d\u043e\u0432\u0435.<\/span><\/p>\t\t\t\t\t\t\t\t<\/div>\n\t\t\t\t\t<\/div>\n\t\t\t\t<\/div>\n\t\t<div class=\"elementor-element elementor-element-cc604a5 e-flex e-con-boxed e-con e-parent\" data-id=\"cc604a5\" data-element_type=\"container\" data-e-type=\"container\">\n\t\t\t\t\t<div class=\"e-con-inner\">\n\t\t\t\t\t<\/div>\n\t\t\t\t<\/div>\n\t\t\t\t<\/div>","protected":false},"excerpt":{"rendered":"<p>Kuidas hooldada mikrotsementi? Esialgne hooldus Mikrotsement saavutab oma maksimaalse k\u00f5vaduse, keemilise vastupidavuse ja veekindluse \u00fche kuu m\u00f6\u00f6dudes p\u00e4rast pealekandmist. Eriti hoolikalt tuleb k\u00e4ituda esimese kahe n\u00e4dala jooksul, sest siis on kahjustuste oht k\u00f5ige suurem. Kahe p\u00e4eva p\u00e4rast pealekandmist v\u00f5ib kattele astuda ja n\u00e4dala p\u00e4rast v\u00f5ib mikrotsemendi pealekandmist vabalt k\u00f5ndida. Esimese kahe n\u00e4dala jooksul ei tohi [&hellip;]<\/p>\n","protected":false},"author":1,"featured_media":0,"parent":0,"menu_order":0,"comment_status":"closed","ping_status":"closed","template":"elementor_header_footer","meta":{"footnotes":""},"class_list":["post-7522","page","type-page","status-publish","hentry"],"_links":{"self":[{"href":"https:\/\/ehitusartdesign.ee\/ru\/wp-json\/wp\/v2\/pages\/7522","targetHints":{"allow":["GET"]}}],"collection":[{"href":"https:\/\/ehitusartdesign.ee\/ru\/wp-json\/wp\/v2\/pages"}],"about":[{"href":"https:\/\/ehitusartdesign.ee\/ru\/wp-json\/wp\/v2\/types\/page"}],"author":[{"embeddable":true,"href":"https:\/\/ehitusartdesign.ee\/ru\/wp-json\/wp\/v2\/users\/1"}],"replies":[{"embeddable":true,"href":"https:\/\/ehitusartdesign.ee\/ru\/wp-json\/wp\/v2\/comments?post=7522"}],"version-history":[{"count":24,"href":"https:\/\/ehitusartdesign.ee\/ru\/wp-json\/wp\/v2\/pages\/7522\/revisions"}],"predecessor-version":[{"id":9208,"href":"https:\/\/ehitusartdesign.ee\/ru\/wp-json\/wp\/v2\/pages\/7522\/revisions\/9208"}],"wp:attachment":[{"href":"https:\/\/ehitusartdesign.ee\/ru\/wp-json\/wp\/v2\/media?parent=7522"}],"curies":[{"name":"wp","href":"https:\/\/api.w.org\/{rel}","templated":true}]}}