{"id":7669,"date":"2024-03-24T17:59:10","date_gmt":"2024-03-24T17:59:10","guid":{"rendered":"https:\/\/www.ehitusartdesign.ee\/?page_id=7669"},"modified":"2026-03-03T10:54:58","modified_gmt":"2026-03-03T10:54:58","slug":"kvaliteedistandard-q1-q4","status":"publish","type":"page","link":"https:\/\/ehitusartdesign.ee\/ru\/kvaliteedistandard-q1-q4\/","title":{"rendered":"\u0421\u0442\u0430\u043d\u0434\u0430\u0440\u0442 \u043a\u0430\u0447\u0435\u0441\u0442\u0432\u0430 Q1-Q4"},"content":{"rendered":"<div data-elementor-type=\"wp-page\" data-elementor-id=\"7669\" class=\"elementor elementor-7669\" data-elementor-post-type=\"page\">\n\t\t\t\t<div class=\"elementor-element elementor-element-ce5d26a e-flex e-con-boxed e-con e-parent\" data-id=\"ce5d26a\" data-element_type=\"container\" data-e-type=\"container\">\n\t\t\t\t\t<div class=\"e-con-inner\">\n\t\t\t\t<div class=\"elementor-element elementor-element-f8ca6ea elementor-widget elementor-widget-heading\" data-id=\"f8ca6ea\" data-element_type=\"widget\" data-e-type=\"widget\" data-widget_type=\"heading.default\">\n\t\t\t\t\t<h2 class=\"elementor-heading-title elementor-size-default\"> <b> \u0421\u0442\u0430\u043d\u0434\u0430\u0440\u0442 \u043a\u0430\u0447\u0435\u0441\u0442\u0432\u0430 Q1-Q4 <\/b><\/h2>\t\t\t\t<\/div>\n\t\t\t\t\t<\/div>\n\t\t\t\t<\/div>\n\t\t<div class=\"elementor-element elementor-element-b428a50 e-flex e-con-boxed e-con e-parent\" data-id=\"b428a50\" data-element_type=\"container\" data-e-type=\"container\">\n\t\t\t\t\t<div class=\"e-con-inner\">\n\t\t\t\t<div class=\"elementor-element elementor-element-51eb2c3 elementor-widget elementor-widget-text-editor\" data-id=\"51eb2c3\" data-element_type=\"widget\" data-e-type=\"widget\" data-widget_type=\"text-editor.default\">\n\t\t\t\t\t\t\t\t\t<p><span style=\"font-weight: 400; color: #000000;\">\u0414\u0430\u043d\u043d\u0430\u044f \u0441\u0438\u0441\u0442\u0435\u043c\u0430 \u043a\u0430\u0447\u0435\u0441\u0442\u0432\u0430 \u2014 \u044d\u0442\u043e \u0435\u0432\u0440\u043e\u043f\u0435\u0439\u0441\u043a\u0438\u0439 \u0441\u0442\u0430\u043d\u0434\u0430\u0440\u0442, \u0440\u0430\u0437\u0440\u0430\u0431\u043e\u0442\u0430\u043d\u043d\u044b\u0439 \u0432 \u0441\u043e\u043e\u0442\u0432\u0435\u0442\u0441\u0442\u0432\u0438\u0438 \u0441 \u042d\u0441\u0442\u043e\u043d\u0441\u043a\u0438\u043c\u0438 \u043d\u043e\u0440\u043c\u0430\u043c\u0438 \u043e\u0442\u0434\u0435\u043b\u043e\u0447\u043d\u044b\u0445 \u0441\u0442\u0440\u043e\u0438\u0442\u0435\u043b\u044c\u043d\u044b\u0445 \u0440\u0430\u0431\u043e\u0442. \u0421\u0438\u0441\u0442\u0435\u043c\u0430 Q1\u2014Q4 \u043f\u0440\u0435\u0434\u0441\u0442\u0430\u0432\u043b\u044f\u0435\u0442 \u0441\u043e\u0431\u043e\u0439 \u0441\u0432\u043e\u0434 \u0440\u0435\u043a\u043e\u043c\u0435\u043d\u0434\u0430\u0446\u0438\u0439 \u043f\u043e \u043f\u043e\u0434\u0433\u043e\u0442\u043e\u0432\u043a\u0435 \u0438 \u043e\u0446\u0435\u043d\u043a\u0435 \u043a\u0430\u0447\u0435\u0441\u0442\u0432\u0430 \u043f\u043e\u0432\u0435\u0440\u0445\u043d\u043e\u0441\u0442\u0438 \u0432 \u0437\u0430\u0432\u0438\u0441\u0438\u043c\u043e\u0441\u0442\u0438 \u043e\u0442 \u0440\u0430\u0437\u043b\u0438\u0447\u043d\u044b\u0445 \u0432\u0438\u0434\u043e\u0432 \u0444\u0438\u043d\u0438\u0448\u043d\u044b\u0445 \u043f\u043e\u043a\u0440\u044b\u0442\u0438\u0439. \u041d\u043e\u043c\u0435\u0440\u0430 1, 2, 3, 4 \u044f\u0432\u043b\u044f\u044e\u0442\u0441\u044f \u043e\u0431\u043e\u0437\u043d\u0430\u0447\u0435\u043d\u0438\u0435\u043c \u043e\u0442 \u043d\u0438\u0437\u0448\u0435\u0433\u043e \u043a \u0432\u044b\u0441\u0448\u0435\u043c\u0443, \u0433\u0434\u0435 Q1 \u2014 \u044d\u0442\u043e \u043d\u0438\u0437\u0448\u0435\u0435 \u0437\u043d\u0430\u0447\u0435\u043d\u0438\u0435 \u043a\u0430\u0447\u0435\u0441\u0442\u0432\u0430, \u0430 Q4 \u2014 \u0432\u044b\u0441\u0448\u0435\u0435.<\/span><\/p><p><span style=\"color: #000000;\"><b>Q1 <\/b><span style=\"font-weight: 400;\">\u2013 n\u00f5udeid ei esitata. Vertikaalse k\u00f5rvalekalde tolerants on 3 mm 2 lineaarse meetri kohta; t\u00f6\u00f6riistade ilmsed s\u00e4lgud, kriimustused, n\u00e4htavad kriimustused ja j\u00e4ljed (v\u00f5imalik s\u00fcgavus kuni 3 mm); krohvi m\u00f6rdi kohalikud sissevoolud (k\u00f5rgus mitte \u00fcle 2 mm; varjud k\u00fclgvalguses. Sarnane pind sobib j\u00e4rgmisteks viimistluskateteks: keraamiliste plaatide peale asetamiseks, dekoratiivse krohviga viimistlemiseks, mille tera on \u00fcle 2 mm, seina vooderdamiseks dekoratiivsete elementidega liimil.<\/span><\/span><\/p><p><span style=\"color: #000000;\"><b>Q2<\/b><span style=\"font-weight: 400;\"> \u2013 n\u00f5uded on tavalised. Lubatud on vertikaalsed k\u00f5rvalekalded 2 mm 2 jooksva meetri kohta; seal on n\u00e4htavad s\u00fcvendid, kriimustused, kriimustused ja t\u00f6\u00f6riistade j\u00e4ljed (kuni 1 mm s\u00fcgavused); krohvim\u00f6rdi\u00a0 kohalikud sissevoolud (k\u00f5rgus mitte \u00fcle 1 mm; varjud k\u00fclgvalguses. See t\u00f6\u00f6tlemine sobib klaasist tapeedi, struktuurse ja vedela tapeedi, tiheda vin\u00fc\u00fcltapeedi, tekstuurv\u00e4rvi ja dekoratiivse krohvi jaoks, mille tera on 1 mm.<\/span><\/span><\/p><p><span style=\"color: #000000;\"><b>Q3<\/b><span style=\"font-weight: 400;\"> \u2013 n\u00f5uded on k\u00f5rged. Lubatud on vertikaalsed k\u00f5rvalekalded 1 mm 2 jooksva meetri kohta; on n\u00e4htavad kriimustused lihvimisabrasiivist (s\u00fcgavus kuni 0,5 mm); varjud k\u00fclgvalguses on v\u00e4iksemad kui Q2-s.\u00a0<\/span><span style=\"text-align: var(--text-align);\">\u041d\u0435 \u0434\u043e\u043f\u0443\u0441\u043a\u0430\u044e\u0442\u0441\u044f: \u0432\u0438\u0434\u0438\u043c\u044b\u0435 \u0432\u044b\u0435\u043c\u043a\u0438, \u0437\u0430\u0434\u0438\u0440\u044b \u0438 \u043e\u0442\u043f\u0435\u0447\u0430\u0442\u043a\u0438 \u043e\u0442 \u0438\u043d\u0441\u0442\u0440\u0443\u043c\u0435\u043d\u0442\u043e\u0432; \u043b\u043e\u043a\u0430\u043b\u044c\u043d\u044b\u0435 \u043d\u0430\u043f\u043b\u044b\u0432\u044b \u0448\u0442\u0443\u043a\u0430\u0442\u0443\u0440\u043d\u043e\u0433\u043e (\u0448\u043f\u0430\u043a\u043b\u0451\u0432\u043e\u0447\u043d\u043e\u0433\u043e) \u0440\u0430\u0441\u0442\u0432\u043e\u0440\u0430. \u041f\u043e\u0434\u0445\u043e\u0434\u0438\u0442 \u0434\u043b\u044f \u043f\u043e\u043a\u0440\u044b\u0442\u0438\u044f \u043c\u0430\u0442\u043e\u0432\u043e\u0439 \u043a\u0440\u0430\u0441\u043a\u043e\u0439, \u043f\u043e\u0434 \u043f\u043e\u043a\u043b\u0435\u0439\u043a\u0443 \u0442\u043e\u043d\u043a\u0438\u0445 \u043e\u0431\u043e\u0435\u0432 \u0438 \u0434\u0435\u043a\u043e\u0440\u0430\u0442\u0438\u0432\u043d\u0443\u044e \u0448\u0442\u0443\u043a\u0430\u0442\u0443\u0440\u043a\u0443 \u0441 \u0437\u0435\u0440\u043d\u043e\u043c \u043d\u0435 \u043c\u0435\u043d\u0435\u0435 1 \u043c\u043c.<\/span><\/span><\/p><p><span style=\"color: #000000;\"><b>Q4<\/b><span style=\"font-weight: 400;\"> \u2013 n\u00f5uded on maksimaalsed. Lubatud on vertikaalsed k\u00f5rvalekalded 0,5 mm 2 jooksva meetri kohta. Ei ole lubatud sama, mis Q3-ga, samuti n\u00e4htavad kriimustused lihvimisabrasiivist ja varjudest k\u00fclgvalgusest.\u00a0<\/span><span style=\"text-align: var(--text-align);\">\u0414\u0430\u043d\u043d\u044b\u0439 \u0443\u0440\u043e\u0432\u0435\u043d\u044c \u043e\u0431\u0440\u0430\u0431\u043e\u0442\u043a\u0438 \u043f\u043e\u0432\u0435\u0440\u0445\u043d\u043e\u0441\u0442\u0438 \u043f\u043e\u0434\u0445\u043e\u0434\u0438\u0442 \u0434\u043b\u044f \u0434\u0430\u043b\u044c\u043d\u0435\u0439\u0448\u0435\u0433\u043e \u043f\u043e\u043a\u0440\u044b\u0442\u0438\u044f \u0441\u0442\u0435\u043d\u044b  \u043f\u043e\u043b\u0443\u0433\u043b\u044f\u043d\u0446\u0435\u0432\u043e\u0439 \u043a\u0440\u0430\u0441\u043a\u043e\u0439, \u0432\u0435\u043d\u0435\u0446\u0438\u0430\u043d\u0441\u043a\u043e\u0439 \u0448\u0442\u0443\u043a\u0430\u0442\u0443\u0440\u043a\u043e\u0439, \u0434\u043b\u044f \u043b\u0430\u043a\u043e\u0432\u044b\u0445 \u043b\u0438\u0431\u043e \u043f\u0435\u0440\u043b\u0430\u043c\u0443\u0442\u0440\u043e\u0432\u044b\u0445 \u043f\u043e\u043a\u0440\u044b\u0442\u0438\u0439 \u0438 \u043f\u043e\u0434 \u043c\u0435\u0442\u0430\u043b\u043b\u0438\u0447\u0435\u0441\u043a\u0438\u0435 \u043e\u0431\u043e\u0438<\/span><\/span><\/p>\t\t\t\t\t\t\t\t<\/div>\n\t\t\t\t\t<\/div>\n\t\t\t\t<\/div>\n\t\t\t\t<\/div>","protected":false},"excerpt":{"rendered":"<p>Kvaliteedistandard Q1-Q4 See kvaliteedis\u00fcsteem on Euroopa standard, mis on v\u00e4lja t\u00f6\u00f6tatud vastavalt Eesti ehitust\u00f6\u00f6de viimistlemise normidele. Q1\u2014Q4 s\u00fcsteem on soovituste kogum pinna kvaliteedi ettevalmistamiseks ja hindamiseks s\u00f5ltuvalt erinevat t\u00fc\u00fcpi viimistlusmaterjalidest. Numbrid 1, 2, 3, 4 on t\u00e4his madalamast k\u00f5rgemani, kus Q1 on kvaliteedi madalaim v\u00e4\u00e4rtus ja Q4 k\u00f5rgeim. Q1 \u2013 n\u00f5udeid ei esitata. Vertikaalse k\u00f5rvalekalde [&hellip;]<\/p>\n","protected":false},"author":1,"featured_media":0,"parent":0,"menu_order":0,"comment_status":"closed","ping_status":"closed","template":"","meta":{"footnotes":""},"class_list":["post-7669","page","type-page","status-publish","hentry"],"_links":{"self":[{"href":"https:\/\/ehitusartdesign.ee\/ru\/wp-json\/wp\/v2\/pages\/7669","targetHints":{"allow":["GET"]}}],"collection":[{"href":"https:\/\/ehitusartdesign.ee\/ru\/wp-json\/wp\/v2\/pages"}],"about":[{"href":"https:\/\/ehitusartdesign.ee\/ru\/wp-json\/wp\/v2\/types\/page"}],"author":[{"embeddable":true,"href":"https:\/\/ehitusartdesign.ee\/ru\/wp-json\/wp\/v2\/users\/1"}],"replies":[{"embeddable":true,"href":"https:\/\/ehitusartdesign.ee\/ru\/wp-json\/wp\/v2\/comments?post=7669"}],"version-history":[{"count":10,"href":"https:\/\/ehitusartdesign.ee\/ru\/wp-json\/wp\/v2\/pages\/7669\/revisions"}],"predecessor-version":[{"id":9193,"href":"https:\/\/ehitusartdesign.ee\/ru\/wp-json\/wp\/v2\/pages\/7669\/revisions\/9193"}],"wp:attachment":[{"href":"https:\/\/ehitusartdesign.ee\/ru\/wp-json\/wp\/v2\/media?parent=7669"}],"curies":[{"name":"wp","href":"https:\/\/api.w.org\/{rel}","templated":true}]}}