{"id":7672,"date":"2024-03-24T18:07:17","date_gmt":"2024-03-24T18:07:17","guid":{"rendered":"https:\/\/www.ehitusartdesign.ee\/?page_id=7672"},"modified":"2026-03-03T10:56:53","modified_gmt":"2026-03-03T10:56:53","slug":"ryl-kvaliteedistandard","status":"publish","type":"page","link":"https:\/\/ehitusartdesign.ee\/ru\/ryl-kvaliteedistandard\/","title":{"rendered":"\u0421\u0442\u0430\u043d\u0434\u0430\u0440\u0442 \u043a\u0430\u0447\u0435\u0441\u0442\u0432\u0430 RYL"},"content":{"rendered":"\t\t<div data-elementor-type=\"wp-page\" data-elementor-id=\"7672\" class=\"elementor elementor-7672\" data-elementor-post-type=\"page\">\n\t\t\t\t<div class=\"elementor-element elementor-element-10f9b6b e-flex e-con-boxed e-con e-parent\" data-id=\"10f9b6b\" data-element_type=\"container\" data-e-type=\"container\">\n\t\t\t\t\t<div class=\"e-con-inner\">\n\t\t\t\t<div class=\"elementor-element elementor-element-d3157a5 elementor-widget elementor-widget-heading\" data-id=\"d3157a5\" data-element_type=\"widget\" data-e-type=\"widget\" data-widget_type=\"heading.default\">\n\t\t\t\t\t<h2 class=\"elementor-heading-title elementor-size-default\"> <b>RYL kvaliteedistandard\n<\/b><\/h2>\t\t\t\t<\/div>\n\t\t\t\t\t<\/div>\n\t\t\t\t<\/div>\n\t\t<div class=\"elementor-element elementor-element-c3aa280 e-flex e-con-boxed e-con e-parent\" data-id=\"c3aa280\" data-element_type=\"container\" data-e-type=\"container\">\n\t\t\t\t\t<div class=\"e-con-inner\">\n\t\t\t\t<div class=\"elementor-element elementor-element-74026cc elementor-widget elementor-widget-text-editor\" data-id=\"74026cc\" data-element_type=\"widget\" data-e-type=\"widget\" data-widget_type=\"text-editor.default\">\n\t\t\t\t\t\t\t\t\t<p><span style=\"color: #000000;\">Praegu kasutatakse Eestis enamikus ehituslepingutes viiteid Ryl-i ehitust\u00f6\u00f6de kvaliteedin\u00f5uete k\u00e4siraamatutele, mis on v\u00e4lja t\u00f6\u00f6tatud ja rakendatud Soomes. RYL ehk&#8221; Rakentamisen yleiset laatuvaatimukset &#8221; t\u00f5lgitakse soome keelest kui &#8220;\u00dcldised n\u00f5uded ehitust\u00f6\u00f6de kvaliteedile&#8221;. Need on enamasti t\u00f5lgitud Eesti keelde, neid uuendatakse ja t\u00e4iendatakse pidevalt vastavalt uutele tingimustele.<\/span><\/p><p><span style=\"color: var( --e-global-color-text ); font-weight: var( --e-global-typography-text-font-weight ); text-align: var(--text-align);\">\u00a0<\/span><\/p>\t\t\t\t\t\t\t\t<\/div>\n\t\t\t\t<div class=\"elementor-element elementor-element-3c6c8f4 elementor-widget elementor-widget-heading\" data-id=\"3c6c8f4\" data-element_type=\"widget\" data-e-type=\"widget\" data-widget_type=\"heading.default\">\n\t\t\t\t\t<h2 class=\"elementor-heading-title elementor-size-default\"><b>RYL 1 Kvaliteedistandard<\/b><\/h2>\t\t\t\t<\/div>\n\t\t\t\t\t<\/div>\n\t\t\t\t<\/div>\n\t\t<div class=\"elementor-element elementor-element-4ac208f e-flex e-con-boxed e-con e-parent\" data-id=\"4ac208f\" data-element_type=\"container\" data-e-type=\"container\">\n\t\t\t\t\t<div class=\"e-con-inner\">\n\t\t\t\t<div class=\"elementor-element elementor-element-b64a57b elementor-widget elementor-widget-text-editor\" data-id=\"b64a57b\" data-element_type=\"widget\" data-e-type=\"widget\" data-widget_type=\"text-editor.default\">\n\t\t\t\t\t\t\t\t\t<p><span style=\"color: #000000;\">RYL 1 on k\u00f5rgeim kvaliteedistandard maalrit\u00f6\u00f6des, mida kasutatakse Eestis. See kvaliteeditase eeldab k\u00f5ikide t\u00f6\u00f6etappide t\u00e4iuslikku sooritamist, kus l\u00f5pptulemus peab olema laitmatu ja vastama k\u00f5rgeimatele n\u00f5udmistele.<\/span><\/p><p><span style=\"color: #000000;\"><b>RYL 1 kvaliteediomadused maalrit\u00f6\u00f6des:<br \/><\/b>1. Pinna ettevalmistus:<\/span><br \/><span style=\"color: #000000;\">Pind peab olema hoolikalt ette valmistatud, sealhulgas tasandamine, lihvimine ja k\u00f5ikide defektide k\u00f5rvaldamine. K\u00f5ik ebatasasused, praod ja muud vead tuleb enne maalrit\u00f6\u00f6de alustamist t\u00e4ielikult k\u00f5rvaldada.<\/span><br \/><span style=\"color: #000000;\">T\u00e4helepanu p\u00f6\u00f6ratakse v\u00e4ikseimatele detailidele, et luua t\u00e4iesti sile ja \u00fchtlane pind, mis on valmis l\u00f5ppkatte kandmiseks.<\/span><\/p><p><span style=\"color: #000000;\">2. Tasandamine ja lihvimine:<\/span><br \/><span style=\"color: #000000;\">Tasandamine ja lihvimine viiakse l\u00e4bi erilise hoolega, et pind oleks ideaalselt sile. V\u00f5ib olla vajalik mitme pahtlikihi kandmine ja nende j\u00e4rgne lihvimine, kuni saavutatakse ideaalne tekstuur ilma n\u00e4htavate defektideta.<\/span><\/p><p><span style=\"color: #000000;\">3. V\u00e4rvimine:<\/span><br \/><span style=\"color: #000000;\">Kandmisel kasutatakse mitut v\u00e4rvikihti, kusjuures iga kiht peab olema \u00fchtlane ja laitmatu. Kasutatakse ainult k\u00f5rgekvaliteedilisi materjale. Kattekiht peab olema t\u00e4iesti \u00fchtlane, ilma n\u00e4htavate pintslij\u00e4lgede, rullij\u00e4lgede, tilkade v\u00f5i triipudeta. V\u00e4rvuse ja tekstuuri teostus peab olema ideaalne.<\/span><\/p><p><span style=\"color: #000000;\">4. Kvaliteedi hindamine:<\/span><br \/><span style=\"color: #000000;\">Pinna hindamine toimub hea valgustuse tingimustes ja l\u00e4hedalt, tavaliselt alla 1 meetri kauguselt. Sellisel kaugusel ei tohi olla n\u00e4htavaid defekte. Pind peab n\u00e4gema v\u00e4lja t\u00e4iuslik ka hoolikal uurimisel, mis vastab k\u00f5rgetele esteetilistele n\u00f5udmistele.<\/span><\/p><p><span style=\"color: #000000;\">5. Rakendamine:<\/span><br \/><span style=\"color: #000000;\">RYL 1 standardit rakendatakse premium projektides, nagu luksuskorterid, k\u00f5rgetasemelised kontorid, prestii\u017esed \u00e4ripinnad ja muud ruumid, kus v\u00e4limus on \u00fclimalt oluline. See standard sobib avalikeks hooneteks, muuseumideks, galeriideks, teatriteks ja muudeks objektideks, kus on oluline laitmatu viimistlus.<\/span><\/p><p><span style=\"color: #000000;\"><span style=\"text-align: var(--text-align);\"><b>Kokkuv\u00f5te:<br \/><\/b><\/span><span style=\"font-weight: var( --e-global-typography-text-font-weight ); text-align: var(--text-align);\">RYL 1 esindab k\u00f5rgeimat kvaliteeditaset maalrit\u00f6\u00f6des, n\u00f5udes pinnaviimistluse ideaalset ettevalmistust ja k\u00f5ikide viimistlusetappide laitmatut teostamist. Seda standardit kasutatakse olukordades, kus t\u00e4htis on veatu v\u00e4limus ja esteetika, muutes selle sobivaks k\u00f5ige k\u00f5rgema taseme projektideks.<\/span><\/span><\/p>\t\t\t\t\t\t\t\t<\/div>\n\t\t\t\t\t<\/div>\n\t\t\t\t<\/div>\n\t\t<div class=\"elementor-element elementor-element-f57304e e-flex e-con-boxed e-con e-parent\" data-id=\"f57304e\" data-element_type=\"container\" data-e-type=\"container\">\n\t\t\t\t\t<div class=\"e-con-inner\">\n\t\t\t\t<div class=\"elementor-element elementor-element-b45723f elementor-widget elementor-widget-heading\" data-id=\"b45723f\" data-element_type=\"widget\" data-e-type=\"widget\" data-widget_type=\"heading.default\">\n\t\t\t\t\t<h2 class=\"elementor-heading-title elementor-size-default\"><b>RYL 2 Kvaliteedistandard<\/b><\/h2>\t\t\t\t<\/div>\n\t\t\t\t\t<\/div>\n\t\t\t\t<\/div>\n\t\t<div class=\"elementor-element elementor-element-d65d723 e-flex e-con-boxed e-con e-parent\" data-id=\"d65d723\" data-element_type=\"container\" data-e-type=\"container\">\n\t\t\t\t\t<div class=\"e-con-inner\">\n\t\t\t\t<div class=\"elementor-element elementor-element-893a51d elementor-widget elementor-widget-text-editor\" data-id=\"893a51d\" data-element_type=\"widget\" data-e-type=\"widget\" data-widget_type=\"text-editor.default\">\n\t\t\t\t\t\t\t\t\t<div class=\"flex-1 overflow-hidden\"><div class=\"h-full\"><div class=\"react-scroll-to-bottom--css-exado-79elbk h-full\"><div class=\"react-scroll-to-bottom--css-exado-1n7m0yu\"><div class=\"flex flex-col text-sm md:pb-9\"><div class=\"w-full text-token-text-primary\" dir=\"auto\" data-testid=\"conversation-turn-5\" data-scroll-anchor=\"true\"><div class=\"text-base py-[18px] px-3 md:px-4 m-auto md:px-5 lg:px-1 xl:px-5\"><div class=\"mx-auto flex flex-1 gap-4 text-base md:gap-5 lg:gap-6 md:max-w-3xl lg:max-w-[40rem] xl:max-w-[48rem]\"><div class=\"group\/conversation-turn relative flex w-full min-w-0 flex-col agent-turn\"><div class=\"flex-col gap-1 md:gap-3\"><div class=\"flex max-w-full flex-col flex-grow\"><div class=\"min-h-[20px] text-message flex w-full flex-col items-end gap-2 whitespace-pre-wrap break-words [.text-message+&amp;]:mt-5 overflow-x-auto\" dir=\"auto\" data-message-author-role=\"assistant\" data-message-id=\"5360641a-5b24-4704-b4a4-7b5feeea43d7\"><div class=\"flex w-full flex-col gap-1 empty:hidden first:pt-[3px]\"><div class=\"markdown prose w-full break-words dark:prose-invert light\"><p><span style=\"color: #000000;\">RYL 2 on standard, mida kasutatakse viimistlust\u00f6\u00f6de, sealhulgas maalrit\u00f6\u00f6de kvaliteedi m\u00e4\u00e4ramiseks Eestis. See kvaliteeditase m\u00e4\u00e4rab n\u00f5uded, mis on keskmised ja sobivad enamiku tavap\u00e4raste viimistlust\u00f6\u00f6de jaoks.<\/span><\/p><p><span style=\"color: #000000;\"><b>RYL 2 kvaliteediomadused maalrit\u00f6\u00f6des: <br \/><\/b>1. Pinna ettevalmistus: <\/span><br \/><span style=\"color: #000000;\">Pinnad tuleb ette valmistada vastavalt nende edasisele kasutusele, kuid n\u00f5uded ideaalsele siledusele ja \u00fchtlusele on v\u00e4hem ranged v\u00f5rreldes k\u00f5rgemate tasemetega (n\u00e4iteks RYL 1). V\u00f5ivad olla lubatud v\u00e4ikesed ebatasasused, mis ei torka silma tavalise vaatlemise korral.<\/span><\/p><p><span style=\"color: #000000;\">2. Tasandamine ja lihvimine: <\/span><br \/><span style=\"color: #000000;\">Pinda tasandatakse ja lihvitakse, kuid lubatud on kerged k\u00f5rvalekalded ja v\u00e4ikesed vead, mis on n\u00e4htavad ainult hoolikal uurimisel. M\u00f5nel juhul on lubatud kasutada pahtlit silmatorkavamate defektide k\u00f5rvaldamiseks, kuid l\u00f5ppeesm\u00e4rk on luua \u00fchtlane pind, mis n\u00e4eb tavalise vaatamiskauguse juures sile v\u00e4lja.<\/span><\/p><p><span style=\"color: #000000;\">3. V\u00e4rvimine: <\/span><br \/><span style=\"color: #000000;\">Kandmisel kasutatakse piisavat arvu v\u00e4rvikihte, et tagada \u00fchtlane katmine, kuid lubatud on kerge toonierinevuse v\u00f5i tekstuuri ebatasasuse ilmnemine pinnal. Kruntimine ja v\u00e4rvikihid kantakse peale keskmise kvaliteedi n\u00f5uete j\u00e4rgi, pidades samas silmas katte vastupidavust.<\/span><\/p><p><span style=\"color: #000000;\">4. Kvaliteedi hindamine: <\/span><br \/><span style=\"color: #000000;\">Pinda hinnatakse tavalise valgustuse korral umbes 1,5 meetri kauguselt. Lubatud on v\u00e4ikesed vead, mis ei m\u00f5juta oluliselt pinna \u00fcldist tajumist.<\/span><\/p><p><span style=\"color: #000000;\">5. Rakendamine: <\/span><br \/><span style=\"color: #000000;\">RYL 2 sobib eluruumidele, kontoritele ja teistele aladele, kus on vaja standardset viimistlustaset. See on k\u00f5ige sagedamini kasutatav kvaliteeditase, kuna see pakub head hinna ja kvaliteedi suhet.<\/span><\/p><p><span style=\"color: #000000;\"><b>Kokkuv\u00f5te: <br \/><\/b>RYL 2 eeldab vastuv\u00f5etava viimistlustaseme saavutamist, kus kvaliteedi osas on tehtud m\u00f5ningaid j\u00e4releandmisi. Selle standardi j\u00e4rgi tehtud pinnad n\u00e4evad v\u00e4lja korralikud ja vastavad enamikele tavap\u00e4rastele ruumide viimistlusn\u00f5uetele.<\/span><\/p><\/div><\/div><\/div><\/div><\/div><\/div><\/div><\/div><\/div><\/div><\/div><\/div><\/div><\/div>\t\t\t\t\t\t\t\t<\/div>\n\t\t\t\t\t<\/div>\n\t\t\t\t<\/div>\n\t\t<div class=\"elementor-element elementor-element-8bccd04 e-flex e-con-boxed e-con e-parent\" data-id=\"8bccd04\" data-element_type=\"container\" data-e-type=\"container\">\n\t\t\t\t\t<div class=\"e-con-inner\">\n\t\t\t\t<div class=\"elementor-element elementor-element-127aa5b elementor-widget elementor-widget-heading\" data-id=\"127aa5b\" data-element_type=\"widget\" data-e-type=\"widget\" data-widget_type=\"heading.default\">\n\t\t\t\t\t<h2 class=\"elementor-heading-title elementor-size-default\"><b>RYL 3 Kvaliteedistandard<\/b><\/h2>\t\t\t\t<\/div>\n\t\t\t\t\t<\/div>\n\t\t\t\t<\/div>\n\t\t<div class=\"elementor-element elementor-element-e8543d6 e-flex e-con-boxed e-con e-parent\" data-id=\"e8543d6\" data-element_type=\"container\" data-e-type=\"container\">\n\t\t\t\t\t<div class=\"e-con-inner\">\n\t\t\t\t<div class=\"elementor-element elementor-element-81a1e4f elementor-widget elementor-widget-text-editor\" data-id=\"81a1e4f\" data-element_type=\"widget\" data-e-type=\"widget\" data-widget_type=\"text-editor.default\">\n\t\t\t\t\t\t\t\t\t<p><span style=\"color: #000000;\">RYL 3 on kvaliteedistandard, mis kirjeldab maalri- ja viimistlust\u00f6\u00f6de baastaseme n\u00f5udeid. Seda taset kasutatakse olukordades, kus ei n\u00f5uta suurt t\u00e4psust ega ideaalse kvaliteediga pinda, kuid siiski on oluline katte funktsionaalsus ja vastupidavus.<\/span><\/p><p><span style=\"color: #000000;\"><b>RYL 3 kvaliteediomadused maalrit\u00f6\u00f6des:<br \/><\/b>1. Pinna ettevalmistus:<\/span><br \/><span style=\"color: #000000;\">Pinna ettevalmistus on minimaalne. V\u00f5ivad esineda ebatasasused ja vead, mis on n\u00e4htavad, kuid ei tohiks segada katte p\u00f5hifunktsiooni. Lihvimine ja tasandamine tehakse ainult kohtades, kus see on vajalik v\u00e4rvi v\u00f5i katte nakke tagamiseks.<\/span><\/p><p><span style=\"color: #000000;\">2. Tasandamine ja lihvimine:<\/span><br \/><span style=\"color: #000000;\">Pind v\u00f5ib j\u00e4\u00e4da m\u00e4rgatavate defektide ja ebatasasustega. Pahtli ja tasandusmaterjalide kasutamine on minimaalne ning kasutatakse ainult k\u00f5ige ilmsemate vigade k\u00f5rvaldamiseks. Pinna tekstuur v\u00f5ib olla eba\u00fchtlane, n\u00e4htavate j\u00e4lgedega varasematest t\u00f6\u00f6dest v\u00f5i kihtidest.<\/span><\/p><p><span style=\"color: #000000;\">3. V\u00e4rvimine:<\/span><br \/><span style=\"color: #000000;\">Kandmisel kasutatakse minimaalset arvu v\u00e4rvikihte, et saavutada kate, mis t\u00e4idab oma kaitse- v\u00f5i dekoratiivset funktsiooni. V\u00f5ivad esineda v\u00e4rvierinevused, pintslij\u00e4ljed v\u00f5i rullij\u00e4ljed ning eba\u00fchtlused v\u00e4rvikihi paksuses.<\/span><\/p><p><span style=\"color: #000000;\">4. Kvaliteedi hindamine:<\/span><br \/><span style=\"color: #000000;\">Pinda vaadeldakse tavalise valgustuse all umbes 2 meetri kauguselt. Sellel kaugusel on lubatud n\u00e4htavad vead, mis ei tohiks m\u00f5jutada katte funktsionaalseid omadusi. Peamine n\u00f5ue on pinna kaitsefunktsiooni v\u00f5i muu p\u00f5hifunktsiooni tagamine, mitte v\u00e4limus.<\/span><\/p><p><span style=\"color: #000000;\">5. Rakendamine:<\/span><br \/><span style=\"color: #000000;\">RYL 3 sobib tehnilistele ruumidele, tootmisaladele, ladudele, keldritele, garaa\u017eidele ja teistele kohtadele, kus esteetilised n\u00f5uded on minimaalsed. <\/span><br \/><span style=\"color: #000000;\">See kvaliteeditase sobib aladele, kus p\u00f5hir\u00f5hk on vastupidavusel ja kaitsel, mitte v\u00e4limusel.<\/span><\/p><p><span style=\"color: #000000;\"><b>Kokkuv\u00f5te:<br \/><\/b>RYL 3 on baastase viimistluses, mis on m\u00f5eldud funktsionaalsetele, kuid mitte tingimata esteetiliselt atraktiivsetele ruumidele. See lubab m\u00e4rkimisv\u00e4\u00e4rseid k\u00f5rvalekaldeid pinna kvaliteedis, kuid tagab katte p\u00f5hifunktsiooni t\u00e4itmise, olgu selleks kaitse korrosiooni, niiskuse v\u00f5i muude m\u00f5jude eest.<\/span><\/p>\t\t\t\t\t\t\t\t<\/div>\n\t\t\t\t\t<\/div>\n\t\t\t\t<\/div>\n\t\t\t\t<\/div>\n\t\t","protected":false},"excerpt":{"rendered":"<p>RYL kvaliteedistandard Praegu kasutatakse Eestis enamikus ehituslepingutes viiteid Ryl-i ehitust\u00f6\u00f6de kvaliteedin\u00f5uete k\u00e4siraamatutele, mis on v\u00e4lja t\u00f6\u00f6tatud ja rakendatud Soomes. RYL ehk&#8221; Rakentamisen yleiset laatuvaatimukset &#8221; t\u00f5lgitakse soome keelest kui &#8220;\u00dcldised n\u00f5uded ehitust\u00f6\u00f6de kvaliteedile&#8221;. Need on enamasti t\u00f5lgitud Eesti keelde, neid uuendatakse ja t\u00e4iendatakse pidevalt vastavalt uutele tingimustele. \u00a0 RYL 1 Kvaliteedistandard RYL 1 on k\u00f5rgeim [&hellip;]<\/p>\n","protected":false},"author":1,"featured_media":0,"parent":0,"menu_order":0,"comment_status":"closed","ping_status":"closed","template":"","meta":{"footnotes":""},"class_list":["post-7672","page","type-page","status-publish","hentry"],"_links":{"self":[{"href":"https:\/\/ehitusartdesign.ee\/ru\/wp-json\/wp\/v2\/pages\/7672","targetHints":{"allow":["GET"]}}],"collection":[{"href":"https:\/\/ehitusartdesign.ee\/ru\/wp-json\/wp\/v2\/pages"}],"about":[{"href":"https:\/\/ehitusartdesign.ee\/ru\/wp-json\/wp\/v2\/types\/page"}],"author":[{"embeddable":true,"href":"https:\/\/ehitusartdesign.ee\/ru\/wp-json\/wp\/v2\/users\/1"}],"replies":[{"embeddable":true,"href":"https:\/\/ehitusartdesign.ee\/ru\/wp-json\/wp\/v2\/comments?post=7672"}],"version-history":[{"count":16,"href":"https:\/\/ehitusartdesign.ee\/ru\/wp-json\/wp\/v2\/pages\/7672\/revisions"}],"predecessor-version":[{"id":9196,"href":"https:\/\/ehitusartdesign.ee\/ru\/wp-json\/wp\/v2\/pages\/7672\/revisions\/9196"}],"wp:attachment":[{"href":"https:\/\/ehitusartdesign.ee\/ru\/wp-json\/wp\/v2\/media?parent=7672"}],"curies":[{"name":"wp","href":"https:\/\/api.w.org\/{rel}","templated":true}]}}