{"id":7977,"date":"2024-04-09T15:07:28","date_gmt":"2024-04-09T15:07:28","guid":{"rendered":"https:\/\/www.ehitusartdesign.ee\/?page_id=7977"},"modified":"2024-04-18T10:52:18","modified_gmt":"2024-04-18T10:52:18","slug":"rentimine","status":"publish","type":"page","link":"https:\/\/ehitusartdesign.ee\/ru\/rentimine\/","title":{"rendered":"\u0410\u0440\u0435\u043d\u0434\u0430"},"content":{"rendered":"<div data-elementor-type=\"wp-page\" data-elementor-id=\"7977\" class=\"elementor elementor-7977\" data-elementor-post-type=\"page\">\n\t\t\t\t<div class=\"elementor-element elementor-element-03c571a e-flex e-con-boxed e-con e-parent\" data-id=\"03c571a\" data-element_type=\"container\" data-e-type=\"container\">\n\t\t\t\t\t<div class=\"e-con-inner\">\n\t\t\t\t<div class=\"elementor-element elementor-element-c5611e4 elementor-widget elementor-widget-heading\" data-id=\"c5611e4\" data-element_type=\"widget\" data-e-type=\"widget\" data-widget_type=\"heading.default\">\n\t\t\t\t\t<h2 class=\"elementor-heading-title elementor-size-default\"><b>\u0410\u0440\u0435\u043d\u0434\u0430 \u0438\u043d\u0441\u0442\u0440\u0443\u043c\u0435\u043d\u0442\u043e\u0432 \u0438 \u0447\u0438\u0441\u0442\u044f\u0449\u0435\u0433\u043e \u043e\u0431\u043e\u0440\u0443\u0434\u043e\u0432\u0430\u043d\u0438\u044f<\/b><\/h2>\t\t\t\t<\/div>\n\t\t\t\t\t<\/div>\n\t\t\t\t<\/div>\n\t\t<div class=\"elementor-element elementor-element-2f52b69 e-flex e-con-boxed e-con e-parent\" data-id=\"2f52b69\" data-element_type=\"container\" data-e-type=\"container\">\n\t\t\t\t\t<div class=\"e-con-inner\">\n\t\t<div class=\"elementor-element elementor-element-a84ccf3 e-con-full e-flex e-con e-child\" data-id=\"a84ccf3\" data-element_type=\"container\" data-e-type=\"container\">\n\t\t\t\t<div class=\"elementor-element elementor-element-49d042f elementor-widget elementor-widget-text-editor\" data-id=\"49d042f\" data-element_type=\"widget\" data-e-type=\"widget\" data-widget_type=\"text-editor.default\">\n\t\t\t\t\t\t\t\t\t<p>\u00a0<\/p><p>\u0424\u0438\u0440\u043c\u0430 \"Ehitus Art Design\" \u043f\u0440\u0435\u0434\u043b\u0430\u0433\u0430\u0435\u0442 \u0441\u0432\u043e\u0438\u043c \u043a\u043b\u0438\u0435\u043d\u0442\u0430\u043c \u0438 \u043f\u0430\u0440\u0442\u043d\u0435\u0440\u0430\u043c \u0432\u043e\u0437\u043c\u043e\u0436\u043d\u043e\u0441\u0442\u044c \u0431\u0440\u0430\u0442\u044c \u0432 \u0430\u0440\u0435\u043d\u0434\u0443 \u0440\u0430\u0437\u043b\u0438\u0447\u043d\u044b\u0435 \u0438\u043d\u0441\u0442\u0440\u0443\u043c\u0435\u043d\u0442\u044b, \u043f\u0440\u0435\u0434\u0441\u0442\u0430\u0432\u043b\u0435\u043d\u043d\u044b\u0435 \u0432 \u043d\u0430\u0448\u0435\u043c \u0430\u0441\u0441\u043e\u0440\u0442\u0438\u043c\u0435\u043d\u0442\u0435. \u041c\u044b \u0442\u0430\u043a\u0436\u0435 \u043f\u0440\u0435\u0434\u043b\u0430\u0433\u0430\u0435\u043c \u0440\u0430\u0437\u043b\u0438\u0447\u043d\u044b\u0435 \u0447\u0438\u0441\u0442\u044f\u0449\u0438\u0435 \u0441\u0440\u0435\u0434\u0441\u0442\u0432\u0430 \u0432 \u0430\u0440\u0435\u043d\u0434\u0443. \u0412\u0441\u0435 \u0438\u043d\u0441\u0442\u0440\u0443\u043c\u0435\u043d\u0442\u044b \u0438 \u043e\u0431\u043e\u0440\u0443\u0434\u043e\u0432\u0430\u043d\u0438\u0435 \u0441\u043e\u0432\u0440\u0435\u043c\u0435\u043d\u043d\u044b\u0435. \u0410 \u0440\u0435\u0437\u0443\u043b\u044c\u0442\u0430\u0442 \u043f\u043e\u0441\u043b\u0435 \u0438\u0445 \u0438\u0441\u043f\u043e\u043b\u044c\u0437\u043e\u0432\u0430\u043d\u0438\u044f \u0442\u043e\u043b\u044c\u043a\u043e \u043f\u043e\u0440\u0430\u0434\u0443\u0435\u0442 \u0412\u0430\u0441. \u041f\u043e\u044d\u0442\u043e\u043c\u0443, \u0435\u0441\u043b\u0438 \u0412\u0430\u043c \u0438\u043d\u0442\u0435\u0440\u0435\u0441\u043d\u043e, \u0412\u044b \u043c\u043e\u0436\u0435\u0442\u0435 \u043f\u043e\u0434\u0440\u043e\u0431\u043d\u0435\u0435 \u0438\u0437\u0443\u0447\u0438\u0442\u044c \u043d\u0430\u0448 \u0430\u0441\u0441\u043e\u0440\u0442\u0438\u043c\u0435\u043d\u0442, \u043f\u0440\u0435\u0434\u0441\u0442\u0430\u0432\u043b\u0435\u043d\u043d\u044b\u043c \u043d\u0430 \u043d\u0430\u0448\u0435\u043c \u0441\u0430\u0439\u0442\u0435.<\/p>\t\t\t\t\t\t\t\t<\/div>\n\t\t\t\t<\/div>\n\t\t<div class=\"elementor-element elementor-element-9e27163 e-con-full e-flex e-con e-child\" data-id=\"9e27163\" data-element_type=\"container\" data-e-type=\"container\">\n\t\t\t\t<div class=\"elementor-element elementor-element-fcee6a9 elementor-widget elementor-widget-image\" data-id=\"fcee6a9\" data-element_type=\"widget\" data-e-type=\"widget\" data-widget_type=\"image.default\">\n\t\t\t\t\t\t\t\t\t\t\t\t\t\t\t<img fetchpriority=\"high\" decoding=\"async\" width=\"466\" height=\"436\" src=\"https:\/\/ehitusartdesign.ee\/wp-content\/uploads\/2024\/04\/rentimin-e1713437381563.jpg\" class=\"attachment-medium_large size-medium_large wp-image-7990\" alt=\"\" srcset=\"https:\/\/ehitusartdesign.ee\/wp-content\/uploads\/2024\/04\/rentimin-e1713437381563.jpg 466w, https:\/\/ehitusartdesign.ee\/wp-content\/uploads\/2024\/04\/rentimin-e1713437381563-300x281.jpg 300w, https:\/\/ehitusartdesign.ee\/wp-content\/uploads\/2024\/04\/rentimin-e1713437381563-13x12.jpg 13w\" sizes=\"(max-width: 466px) 100vw, 466px\" \/>\t\t\t\t\t\t\t\t\t\t\t\t\t\t\t<\/div>\n\t\t\t\t<\/div>\n\t\t\t\t\t<\/div>\n\t\t\t\t<\/div>\n\t\t\t\t<\/div>","protected":false},"excerpt":{"rendered":"<p>T\u00f6\u00f6riistade ja puhastusseadmete rentimine \u00a0 Ettev\u00f5te &#8220;Ehitus Art Design O\u00dc&#8221; pakub oma klientidele ja partneritele v\u00f5imalust v\u00f5tta erinevaid t\u00f6\u00f6riistu, mis on meie sortimendis esindatud, rentimiseks. Me pakume ka erinevaid puhastusseadmeid rentimiseks. K\u00f5ik t\u00f6\u00f6riistad ja seadmed on kaasaegsed. Ja tulemus p\u00e4rast nende kasutamist ainult r\u00f5\u00f5mustab teid. Seega, kui olete huvitatud, saate l\u00e4hemalt uurida meie sortimenti, mis [&hellip;]<\/p>\n","protected":false},"author":1,"featured_media":0,"parent":0,"menu_order":0,"comment_status":"closed","ping_status":"closed","template":"","meta":{"footnotes":""},"class_list":["post-7977","page","type-page","status-publish","hentry"],"_links":{"self":[{"href":"https:\/\/ehitusartdesign.ee\/ru\/wp-json\/wp\/v2\/pages\/7977","targetHints":{"allow":["GET"]}}],"collection":[{"href":"https:\/\/ehitusartdesign.ee\/ru\/wp-json\/wp\/v2\/pages"}],"about":[{"href":"https:\/\/ehitusartdesign.ee\/ru\/wp-json\/wp\/v2\/types\/page"}],"author":[{"embeddable":true,"href":"https:\/\/ehitusartdesign.ee\/ru\/wp-json\/wp\/v2\/users\/1"}],"replies":[{"embeddable":true,"href":"https:\/\/ehitusartdesign.ee\/ru\/wp-json\/wp\/v2\/comments?post=7977"}],"version-history":[{"count":19,"href":"https:\/\/ehitusartdesign.ee\/ru\/wp-json\/wp\/v2\/pages\/7977\/revisions"}],"predecessor-version":[{"id":8005,"href":"https:\/\/ehitusartdesign.ee\/ru\/wp-json\/wp\/v2\/pages\/7977\/revisions\/8005"}],"wp:attachment":[{"href":"https:\/\/ehitusartdesign.ee\/ru\/wp-json\/wp\/v2\/media?parent=7977"}],"curies":[{"name":"wp","href":"https:\/\/api.w.org\/{rel}","templated":true}]}}